{"id":995,"date":"2018-04-30T17:48:14","date_gmt":"2018-04-30T15:48:14","guid":{"rendered":"https:\/\/www.difusio.cat\/?post_type=product&#038;p=995"},"modified":"2021-04-06T09:54:00","modified_gmt":"2021-04-06T07:54:00","slug":"els-nanos","status":"publish","type":"product","link":"https:\/\/www.difusio.cat\/es\/producto\/els-nanos\/","title":{"rendered":"Els Nanos Blanc"},"content":{"rendered":"<p><b><u>Elaboraci\u00f3: <\/u><\/b>Elaborat amb ra\u00efms de vinyes velles de Macabeu. Maceraci\u00f3 en fred amb les seves pells durant \u00a0unes \u00a0hores i \u00a0treball amb les mares m\u00e9s fines, durant unes setmanes despr\u00e9s de la fermentaci\u00f3. 100% collita pr\u00f2pia.<\/p>\n<p><b><u>Concepte: <\/u><\/b><i>Els Nanos de Montblanc s\u00f3n figures tradicionals centen\u00e0ries. Tot ballant, fan gresca per places i carrers. \u00a0<\/i>Busquem la m\u00e0xima expressi\u00f3 de les aromes prim\u00e0ries. Molt fresc, arom\u00e0tic i divertit, aquest \u00e9s un vi que ens mostra tota la pot\u00e8ncia arom\u00e0tica i gustativa de la varietat aut\u00f3ctona Macabeu.<\/p>\n<p><b><u>Varietats: <\/u><\/b>92% Macabeu, 4% Garnatxa Blanca, 4 % Chardonnay. Cultiu ecol\u00f3gic des de 2011; en proc\u00e9s de certificaci\u00f2 CCPAE.<\/p>\n<p><b><u>Viticultura<\/u><\/b><\/p>\n<p><b>Tipus de s\u00f2l: <\/b>S\u00f3ls calcaris amb c\u00f3dols i pissarra. Situat als vessants assolellats de les Muntanyes de Prades.<\/p>\n<p><b>Clima: <\/b>Continental &#8211; mediterrani.<\/p>\n<p><b>Edat de les vinyes: <\/b>M\u00e9s de 40 anys el Macabeu\/ M\u00e9s de 15 anys la Garnatxa Blanca i Chardonnay.<\/p>\n<p><b>Altitud: <\/b>400 m sobre el nivell del mar.<\/p>\n<p><b>Producci\u00f3 (kg\/ha): <\/b>6500 kg Macabeu. 6500 Kg Garnatxa Blanca.<\/p>\n<p><b><u>Fitxa de tast<\/u><\/b><\/p>\n<p><b>Color: <\/b>Color groc p\u00e0l.lid amb lleugers reflexos daurats.<\/p>\n<p><b>Aroma: <\/b>Intenses aromes a fruites blanques, combinades amb aromes florals i minerals.<\/p>\n<p><b>Tast: <\/b>En boca t\u00e9 una entrada lleugera i fresca; al centre \u00e9s untu\u00f3s i expressiu. Un cop ens l&#8217;hem begut ens deixa un post gust molt agradable i refrescant.<\/p>\n","protected":false},"excerpt":{"rendered":"<p>Macabeu<\/p>\n<p>Garnatxa Blanca<\/p>\n<p>Chardonnay.<\/p>\n","protected":false},"featured_media":4534,"comment_status":"open","ping_status":"closed","template":"","meta":{"_acf_changed":false},"product_brand":[],"product_cat":[39],"product_tag":[],"class_list":{"0":"post-995","1":"product","2":"type-product","3":"status-publish","4":"has-post-thumbnail","6":"product_cat-mas-foraster","7":"description-off","9":"first","10":"instock","11":"shipping-taxable","12":"product-type-simple"},"acf":[],"yoast_head":"<!-- This site is optimized with the Yoast SEO plugin v27.1.1 - https:\/\/yoast.com\/product\/yoast-seo-wordpress\/ -->\n<title>Els Nanos Blanc - DIFUSI\u00d3<\/title>\n<meta name=\"robots\" content=\"index, follow, max-snippet:-1, max-image-preview:large, max-video-preview:-1\" \/>\n<link rel=\"canonical\" href=\"https:\/\/www.difusio.cat\/es\/producto\/els-nanos\/\" \/>\n<meta property=\"og:locale\" content=\"es_ES\" \/>\n<meta property=\"og:type\" content=\"article\" \/>\n<meta property=\"og:title\" content=\"Els Nanos Blanc - DIFUSI\u00d3\" \/>\n<meta property=\"og:description\" content=\"Macabeu  Garnatxa Blanca  Chardonnay.\" \/>\n<meta property=\"og:url\" content=\"https:\/\/www.difusio.cat\/es\/producto\/els-nanos\/\" \/>\n<meta property=\"og:site_name\" content=\"DIFUSI\u00d3\" \/>\n<meta property=\"article:modified_time\" content=\"2021-04-06T07:54:00+00:00\" \/>\n<meta property=\"og:image\" content=\"https:\/\/www.difusio.cat\/wp-content\/uploads\/2018\/04\/els-nanos-blanc-del-coster-white-wine.jpg\" \/>\n\t<meta property=\"og:image:width\" content=\"391\" \/>\n\t<meta property=\"og:image:height\" content=\"395\" \/>\n\t<meta property=\"og:image:type\" content=\"image\/jpeg\" \/>\n<meta name=\"twitter:label1\" content=\"Tiempo de lectura\" \/>\n\t<meta name=\"twitter:data1\" content=\"1 minuto\" \/>\n<script type=\"application\/ld+json\" class=\"yoast-schema-graph\">{\"@context\":\"https:\/\/schema.org\",\"@graph\":[{\"@type\":\"WebPage\",\"@id\":\"https:\/\/www.difusio.cat\/es\/producto\/els-nanos\/\",\"url\":\"https:\/\/www.difusio.cat\/es\/producto\/els-nanos\/\",\"name\":\"Els Nanos Blanc - DIFUSI\u00d3\",\"isPartOf\":{\"@id\":\"https:\/\/www.difusio.cat\/es\/#website\"},\"primaryImageOfPage\":{\"@id\":\"https:\/\/www.difusio.cat\/es\/producto\/els-nanos\/#primaryimage\"},\"image\":{\"@id\":\"https:\/\/www.difusio.cat\/es\/producto\/els-nanos\/#primaryimage\"},\"thumbnailUrl\":\"https:\/\/www.difusio.cat\/wp-content\/uploads\/2018\/04\/els-nanos-blanc-del-coster-white-wine.jpg\",\"datePublished\":\"2018-04-30T15:48:14+00:00\",\"dateModified\":\"2021-04-06T07:54:00+00:00\",\"breadcrumb\":{\"@id\":\"https:\/\/www.difusio.cat\/es\/producto\/els-nanos\/#breadcrumb\"},\"inLanguage\":\"es\",\"potentialAction\":[{\"@type\":\"ReadAction\",\"target\":[\"https:\/\/www.difusio.cat\/es\/producto\/els-nanos\/\"]}]},{\"@type\":\"ImageObject\",\"inLanguage\":\"es\",\"@id\":\"https:\/\/www.difusio.cat\/es\/producto\/els-nanos\/#primaryimage\",\"url\":\"https:\/\/www.difusio.cat\/wp-content\/uploads\/2018\/04\/els-nanos-blanc-del-coster-white-wine.jpg\",\"contentUrl\":\"https:\/\/www.difusio.cat\/wp-content\/uploads\/2018\/04\/els-nanos-blanc-del-coster-white-wine.jpg\",\"width\":391,\"height\":395},{\"@type\":\"BreadcrumbList\",\"@id\":\"https:\/\/www.difusio.cat\/es\/producto\/els-nanos\/#breadcrumb\",\"itemListElement\":[{\"@type\":\"ListItem\",\"position\":1,\"name\":\"Inici\",\"item\":\"https:\/\/www.difusio.cat\/es\/\"},{\"@type\":\"ListItem\",\"position\":2,\"name\":\"Productos\",\"item\":\"https:\/\/www.difusio.cat\/es\/shop\/\"},{\"@type\":\"ListItem\",\"position\":3,\"name\":\"Els Nanos Blanc\"}]},{\"@type\":\"WebSite\",\"@id\":\"https:\/\/www.difusio.cat\/es\/#website\",\"url\":\"https:\/\/www.difusio.cat\/es\/\",\"name\":\"DIFUSI\u00d3\",\"description\":\"Somos distribuidores oficiales de vinos y cavas en la zona del Montseny. Ofrecemos asesoramiento para elaborar cartas de vinos y cavas, bodega propia.\",\"publisher\":{\"@id\":\"https:\/\/www.difusio.cat\/es\/#organization\"},\"potentialAction\":[{\"@type\":\"SearchAction\",\"target\":{\"@type\":\"EntryPoint\",\"urlTemplate\":\"https:\/\/www.difusio.cat\/es\/?s={search_term_string}\"},\"query-input\":{\"@type\":\"PropertyValueSpecification\",\"valueRequired\":true,\"valueName\":\"search_term_string\"}}],\"inLanguage\":\"es\"},{\"@type\":\"Organization\",\"@id\":\"https:\/\/www.difusio.cat\/es\/#organization\",\"name\":\"Difusi\u00f3 Gastron\u00f2mica S.L.\",\"url\":\"https:\/\/www.difusio.cat\/es\/\",\"logo\":{\"@type\":\"ImageObject\",\"inLanguage\":\"es\",\"@id\":\"https:\/\/www.difusio.cat\/es\/#\/schema\/logo\/image\/\",\"url\":\"https:\/\/www.difusio.cat\/wp-content\/uploads\/2018\/06\/Color1Pantone188.jpg\",\"contentUrl\":\"https:\/\/www.difusio.cat\/wp-content\/uploads\/2018\/06\/Color1Pantone188.jpg\",\"width\":369,\"height\":539,\"caption\":\"Difusi\u00f3 Gastron\u00f2mica S.L.\"},\"image\":{\"@id\":\"https:\/\/www.difusio.cat\/es\/#\/schema\/logo\/image\/\"}}]}<\/script>\n<!-- \/ Yoast SEO plugin. -->","yoast_head_json":{"title":"Els Nanos Blanc - DIFUSI\u00d3","robots":{"index":"index","follow":"follow","max-snippet":"max-snippet:-1","max-image-preview":"max-image-preview:large","max-video-preview":"max-video-preview:-1"},"canonical":"https:\/\/www.difusio.cat\/es\/producto\/els-nanos\/","og_locale":"es_ES","og_type":"article","og_title":"Els Nanos Blanc - DIFUSI\u00d3","og_description":"Macabeu  Garnatxa Blanca  Chardonnay.","og_url":"https:\/\/www.difusio.cat\/es\/producto\/els-nanos\/","og_site_name":"DIFUSI\u00d3","article_modified_time":"2021-04-06T07:54:00+00:00","og_image":[{"width":391,"height":395,"url":"https:\/\/www.difusio.cat\/wp-content\/uploads\/2018\/04\/els-nanos-blanc-del-coster-white-wine.jpg","type":"image\/jpeg"}],"twitter_misc":{"Tiempo de lectura":"1 minuto"},"schema":{"@context":"https:\/\/schema.org","@graph":[{"@type":"WebPage","@id":"https:\/\/www.difusio.cat\/es\/producto\/els-nanos\/","url":"https:\/\/www.difusio.cat\/es\/producto\/els-nanos\/","name":"Els Nanos Blanc - DIFUSI\u00d3","isPartOf":{"@id":"https:\/\/www.difusio.cat\/es\/#website"},"primaryImageOfPage":{"@id":"https:\/\/www.difusio.cat\/es\/producto\/els-nanos\/#primaryimage"},"image":{"@id":"https:\/\/www.difusio.cat\/es\/producto\/els-nanos\/#primaryimage"},"thumbnailUrl":"https:\/\/www.difusio.cat\/wp-content\/uploads\/2018\/04\/els-nanos-blanc-del-coster-white-wine.jpg","datePublished":"2018-04-30T15:48:14+00:00","dateModified":"2021-04-06T07:54:00+00:00","breadcrumb":{"@id":"https:\/\/www.difusio.cat\/es\/producto\/els-nanos\/#breadcrumb"},"inLanguage":"es","potentialAction":[{"@type":"ReadAction","target":["https:\/\/www.difusio.cat\/es\/producto\/els-nanos\/"]}]},{"@type":"ImageObject","inLanguage":"es","@id":"https:\/\/www.difusio.cat\/es\/producto\/els-nanos\/#primaryimage","url":"https:\/\/www.difusio.cat\/wp-content\/uploads\/2018\/04\/els-nanos-blanc-del-coster-white-wine.jpg","contentUrl":"https:\/\/www.difusio.cat\/wp-content\/uploads\/2018\/04\/els-nanos-blanc-del-coster-white-wine.jpg","width":391,"height":395},{"@type":"BreadcrumbList","@id":"https:\/\/www.difusio.cat\/es\/producto\/els-nanos\/#breadcrumb","itemListElement":[{"@type":"ListItem","position":1,"name":"Inici","item":"https:\/\/www.difusio.cat\/es\/"},{"@type":"ListItem","position":2,"name":"Productos","item":"https:\/\/www.difusio.cat\/es\/shop\/"},{"@type":"ListItem","position":3,"name":"Els Nanos Blanc"}]},{"@type":"WebSite","@id":"https:\/\/www.difusio.cat\/es\/#website","url":"https:\/\/www.difusio.cat\/es\/","name":"DIFUSI\u00d3","description":"Somos distribuidores oficiales de vinos y cavas en la zona del Montseny. Ofrecemos asesoramiento para elaborar cartas de vinos y cavas, bodega propia.","publisher":{"@id":"https:\/\/www.difusio.cat\/es\/#organization"},"potentialAction":[{"@type":"SearchAction","target":{"@type":"EntryPoint","urlTemplate":"https:\/\/www.difusio.cat\/es\/?s={search_term_string}"},"query-input":{"@type":"PropertyValueSpecification","valueRequired":true,"valueName":"search_term_string"}}],"inLanguage":"es"},{"@type":"Organization","@id":"https:\/\/www.difusio.cat\/es\/#organization","name":"Difusi\u00f3 Gastron\u00f2mica S.L.","url":"https:\/\/www.difusio.cat\/es\/","logo":{"@type":"ImageObject","inLanguage":"es","@id":"https:\/\/www.difusio.cat\/es\/#\/schema\/logo\/image\/","url":"https:\/\/www.difusio.cat\/wp-content\/uploads\/2018\/06\/Color1Pantone188.jpg","contentUrl":"https:\/\/www.difusio.cat\/wp-content\/uploads\/2018\/06\/Color1Pantone188.jpg","width":369,"height":539,"caption":"Difusi\u00f3 Gastron\u00f2mica S.L."},"image":{"@id":"https:\/\/www.difusio.cat\/es\/#\/schema\/logo\/image\/"}}]}},"_links":{"self":[{"href":"https:\/\/www.difusio.cat\/es\/wp-json\/wp\/v2\/product\/995","targetHints":{"allow":["GET"]}}],"collection":[{"href":"https:\/\/www.difusio.cat\/es\/wp-json\/wp\/v2\/product"}],"about":[{"href":"https:\/\/www.difusio.cat\/es\/wp-json\/wp\/v2\/types\/product"}],"replies":[{"embeddable":true,"href":"https:\/\/www.difusio.cat\/es\/wp-json\/wp\/v2\/comments?post=995"}],"wp:featuredmedia":[{"embeddable":true,"href":"https:\/\/www.difusio.cat\/es\/wp-json\/wp\/v2\/media\/4534"}],"wp:attachment":[{"href":"https:\/\/www.difusio.cat\/es\/wp-json\/wp\/v2\/media?parent=995"}],"wp:term":[{"taxonomy":"product_brand","embeddable":true,"href":"https:\/\/www.difusio.cat\/es\/wp-json\/wp\/v2\/product_brand?post=995"},{"taxonomy":"product_cat","embeddable":true,"href":"https:\/\/www.difusio.cat\/es\/wp-json\/wp\/v2\/product_cat?post=995"},{"taxonomy":"product_tag","embeddable":true,"href":"https:\/\/www.difusio.cat\/es\/wp-json\/wp\/v2\/product_tag?post=995"}],"curies":[{"name":"wp","href":"https:\/\/api.w.org\/{rel}","templated":true}]}}