{"id":618,"date":"2018-04-12T11:30:20","date_gmt":"2018-04-12T09:30:20","guid":{"rendered":"https:\/\/www.difusio.cat\/?post_type=product&#038;p=618"},"modified":"2018-06-21T20:29:36","modified_gmt":"2018-06-21T18:29:36","slug":"rovellats","status":"publish","type":"product","link":"https:\/\/www.difusio.cat\/es\/producto\/rovellats\/","title":{"rendered":"Colecci\u00f3 GR"},"content":{"rendered":"<ul>\n<li>30% Chardonnay, 30% Parellada i 40% Xarel\u00b7lo<\/li>\n<li><strong>Color<\/strong>: Daurat p\u00e0l\u00b7lid, amb matisos turquesa<\/li>\n<li><strong>Escuma<\/strong>: Molt fina i persistent, petites perles que ascendeixen cont\u00ednuament, formant\u00a0un perfecte rosari que culmina amb una bona formaci\u00f3 d\u2019una cremosa escuma al\u00a0contorn<\/li>\n<li><strong>Aroma<\/strong>: Durant la seva dilatada crian\u00e7a en ampolla, ha adquirit tons de torrefacci\u00f3, que\u00a0es deixen notar al principi i que evolucionen cap a notes afruitades que recorden al\u00a0pr\u00e9ssec de vinya<\/li>\n<li><strong>Gust<\/strong>\u00a0: La seva complexitat i bon equilibri, es deixen notar en el seu pas pel paladar.\u00a0Suau, amable, crem\u00f3s, s\u00f3n sensacions que descriuen la seva eleg\u00e0ncia i plenitud.\u00a0S&#8217;endevinen notes de fruites confitades i un fresc mat\u00eds de maracuj\u00e0. El post-gust \u00e9s\u00a0molt llarg i elegant, predominant les notes torrefactes i un discret\u00edssim toc d\u2019esp\u00e8cies<\/li>\n<li><strong>Reserva limitada i numerada en ampolles de 75 cl.\u00a0Reproducci\u00f3 a les plaques dels cartells\u00a0originals de l\u2019\u00e8poca modernista (1920 \u2013 1930).<\/strong><\/li>\n<\/ul>\n","protected":false},"excerpt":{"rendered":"<p>Chardonnay<\/p>\n<p>Parellada<\/p>\n<p>Xarel\u00b7lo<\/p>\n","protected":false},"featured_media":630,"comment_status":"closed","ping_status":"closed","template":"","meta":{"_acf_changed":false},"product_brand":[],"product_cat":[24,40],"product_tag":[],"class_list":{"0":"post-618","1":"product","2":"type-product","3":"status-publish","4":"has-post-thumbnail","6":"product_cat-cava","7":"product_cat-rovellats","8":"description-off","10":"first","11":"instock","12":"shipping-taxable","13":"product-type-simple"},"acf":[],"yoast_head":"<!-- This site is optimized with the Yoast SEO plugin v27.1.1 - https:\/\/yoast.com\/product\/yoast-seo-wordpress\/ -->\n<title>Colecci\u00f3 GR - DIFUSI\u00d3<\/title>\n<meta name=\"robots\" content=\"index, follow, max-snippet:-1, max-image-preview:large, max-video-preview:-1\" \/>\n<link rel=\"canonical\" href=\"https:\/\/www.difusio.cat\/es\/producto\/rovellats\/\" \/>\n<meta property=\"og:locale\" content=\"es_ES\" \/>\n<meta property=\"og:type\" content=\"article\" \/>\n<meta property=\"og:title\" content=\"Colecci\u00f3 GR - DIFUSI\u00d3\" \/>\n<meta property=\"og:description\" content=\"Chardonnay  Parellada  Xarel\u00b7lo\" \/>\n<meta property=\"og:url\" content=\"https:\/\/www.difusio.cat\/es\/producto\/rovellats\/\" \/>\n<meta property=\"og:site_name\" content=\"DIFUSI\u00d3\" \/>\n<meta property=\"article:modified_time\" content=\"2018-06-21T18:29:36+00:00\" \/>\n<meta property=\"og:image\" content=\"https:\/\/www.difusio.cat\/wp-content\/uploads\/2018\/04\/productos-rovellats.jpg\" \/>\n\t<meta property=\"og:image:width\" content=\"1000\" \/>\n\t<meta property=\"og:image:height\" content=\"1000\" \/>\n\t<meta property=\"og:image:type\" content=\"image\/jpeg\" \/>\n<meta name=\"twitter:label1\" content=\"Tiempo de lectura\" \/>\n\t<meta name=\"twitter:data1\" content=\"1 minuto\" \/>\n<script type=\"application\/ld+json\" class=\"yoast-schema-graph\">{\"@context\":\"https:\/\/schema.org\",\"@graph\":[{\"@type\":\"WebPage\",\"@id\":\"https:\/\/www.difusio.cat\/es\/producto\/rovellats\/\",\"url\":\"https:\/\/www.difusio.cat\/es\/producto\/rovellats\/\",\"name\":\"Colecci\u00f3 GR - DIFUSI\u00d3\",\"isPartOf\":{\"@id\":\"https:\/\/www.difusio.cat\/es\/#website\"},\"primaryImageOfPage\":{\"@id\":\"https:\/\/www.difusio.cat\/es\/producto\/rovellats\/#primaryimage\"},\"image\":{\"@id\":\"https:\/\/www.difusio.cat\/es\/producto\/rovellats\/#primaryimage\"},\"thumbnailUrl\":\"https:\/\/www.difusio.cat\/wp-content\/uploads\/2018\/04\/productos-rovellats.jpg\",\"datePublished\":\"2018-04-12T09:30:20+00:00\",\"dateModified\":\"2018-06-21T18:29:36+00:00\",\"breadcrumb\":{\"@id\":\"https:\/\/www.difusio.cat\/es\/producto\/rovellats\/#breadcrumb\"},\"inLanguage\":\"es\",\"potentialAction\":[{\"@type\":\"ReadAction\",\"target\":[\"https:\/\/www.difusio.cat\/es\/producto\/rovellats\/\"]}]},{\"@type\":\"ImageObject\",\"inLanguage\":\"es\",\"@id\":\"https:\/\/www.difusio.cat\/es\/producto\/rovellats\/#primaryimage\",\"url\":\"https:\/\/www.difusio.cat\/wp-content\/uploads\/2018\/04\/productos-rovellats.jpg\",\"contentUrl\":\"https:\/\/www.difusio.cat\/wp-content\/uploads\/2018\/04\/productos-rovellats.jpg\",\"width\":1000,\"height\":1000,\"caption\":\"Cava Rovellats\"},{\"@type\":\"BreadcrumbList\",\"@id\":\"https:\/\/www.difusio.cat\/es\/producto\/rovellats\/#breadcrumb\",\"itemListElement\":[{\"@type\":\"ListItem\",\"position\":1,\"name\":\"Inici\",\"item\":\"https:\/\/www.difusio.cat\/es\/\"},{\"@type\":\"ListItem\",\"position\":2,\"name\":\"Productos\",\"item\":\"https:\/\/www.difusio.cat\/es\/shop\/\"},{\"@type\":\"ListItem\",\"position\":3,\"name\":\"Colecci\u00f3 GR\"}]},{\"@type\":\"WebSite\",\"@id\":\"https:\/\/www.difusio.cat\/es\/#website\",\"url\":\"https:\/\/www.difusio.cat\/es\/\",\"name\":\"DIFUSI\u00d3\",\"description\":\"Somos distribuidores oficiales de vinos y cavas en la zona del Montseny. Ofrecemos asesoramiento para elaborar cartas de vinos y cavas, bodega propia.\",\"publisher\":{\"@id\":\"https:\/\/www.difusio.cat\/es\/#organization\"},\"potentialAction\":[{\"@type\":\"SearchAction\",\"target\":{\"@type\":\"EntryPoint\",\"urlTemplate\":\"https:\/\/www.difusio.cat\/es\/?s={search_term_string}\"},\"query-input\":{\"@type\":\"PropertyValueSpecification\",\"valueRequired\":true,\"valueName\":\"search_term_string\"}}],\"inLanguage\":\"es\"},{\"@type\":\"Organization\",\"@id\":\"https:\/\/www.difusio.cat\/es\/#organization\",\"name\":\"Difusi\u00f3 Gastron\u00f2mica S.L.\",\"url\":\"https:\/\/www.difusio.cat\/es\/\",\"logo\":{\"@type\":\"ImageObject\",\"inLanguage\":\"es\",\"@id\":\"https:\/\/www.difusio.cat\/es\/#\/schema\/logo\/image\/\",\"url\":\"https:\/\/www.difusio.cat\/wp-content\/uploads\/2018\/06\/Color1Pantone188.jpg\",\"contentUrl\":\"https:\/\/www.difusio.cat\/wp-content\/uploads\/2018\/06\/Color1Pantone188.jpg\",\"width\":369,\"height\":539,\"caption\":\"Difusi\u00f3 Gastron\u00f2mica S.L.\"},\"image\":{\"@id\":\"https:\/\/www.difusio.cat\/es\/#\/schema\/logo\/image\/\"}}]}<\/script>\n<!-- \/ Yoast SEO plugin. -->","yoast_head_json":{"title":"Colecci\u00f3 GR - DIFUSI\u00d3","robots":{"index":"index","follow":"follow","max-snippet":"max-snippet:-1","max-image-preview":"max-image-preview:large","max-video-preview":"max-video-preview:-1"},"canonical":"https:\/\/www.difusio.cat\/es\/producto\/rovellats\/","og_locale":"es_ES","og_type":"article","og_title":"Colecci\u00f3 GR - DIFUSI\u00d3","og_description":"Chardonnay  Parellada  Xarel\u00b7lo","og_url":"https:\/\/www.difusio.cat\/es\/producto\/rovellats\/","og_site_name":"DIFUSI\u00d3","article_modified_time":"2018-06-21T18:29:36+00:00","og_image":[{"width":1000,"height":1000,"url":"https:\/\/www.difusio.cat\/wp-content\/uploads\/2018\/04\/productos-rovellats.jpg","type":"image\/jpeg"}],"twitter_misc":{"Tiempo de lectura":"1 minuto"},"schema":{"@context":"https:\/\/schema.org","@graph":[{"@type":"WebPage","@id":"https:\/\/www.difusio.cat\/es\/producto\/rovellats\/","url":"https:\/\/www.difusio.cat\/es\/producto\/rovellats\/","name":"Colecci\u00f3 GR - DIFUSI\u00d3","isPartOf":{"@id":"https:\/\/www.difusio.cat\/es\/#website"},"primaryImageOfPage":{"@id":"https:\/\/www.difusio.cat\/es\/producto\/rovellats\/#primaryimage"},"image":{"@id":"https:\/\/www.difusio.cat\/es\/producto\/rovellats\/#primaryimage"},"thumbnailUrl":"https:\/\/www.difusio.cat\/wp-content\/uploads\/2018\/04\/productos-rovellats.jpg","datePublished":"2018-04-12T09:30:20+00:00","dateModified":"2018-06-21T18:29:36+00:00","breadcrumb":{"@id":"https:\/\/www.difusio.cat\/es\/producto\/rovellats\/#breadcrumb"},"inLanguage":"es","potentialAction":[{"@type":"ReadAction","target":["https:\/\/www.difusio.cat\/es\/producto\/rovellats\/"]}]},{"@type":"ImageObject","inLanguage":"es","@id":"https:\/\/www.difusio.cat\/es\/producto\/rovellats\/#primaryimage","url":"https:\/\/www.difusio.cat\/wp-content\/uploads\/2018\/04\/productos-rovellats.jpg","contentUrl":"https:\/\/www.difusio.cat\/wp-content\/uploads\/2018\/04\/productos-rovellats.jpg","width":1000,"height":1000,"caption":"Cava Rovellats"},{"@type":"BreadcrumbList","@id":"https:\/\/www.difusio.cat\/es\/producto\/rovellats\/#breadcrumb","itemListElement":[{"@type":"ListItem","position":1,"name":"Inici","item":"https:\/\/www.difusio.cat\/es\/"},{"@type":"ListItem","position":2,"name":"Productos","item":"https:\/\/www.difusio.cat\/es\/shop\/"},{"@type":"ListItem","position":3,"name":"Colecci\u00f3 GR"}]},{"@type":"WebSite","@id":"https:\/\/www.difusio.cat\/es\/#website","url":"https:\/\/www.difusio.cat\/es\/","name":"DIFUSI\u00d3","description":"Somos distribuidores oficiales de vinos y cavas en la zona del Montseny. Ofrecemos asesoramiento para elaborar cartas de vinos y cavas, bodega propia.","publisher":{"@id":"https:\/\/www.difusio.cat\/es\/#organization"},"potentialAction":[{"@type":"SearchAction","target":{"@type":"EntryPoint","urlTemplate":"https:\/\/www.difusio.cat\/es\/?s={search_term_string}"},"query-input":{"@type":"PropertyValueSpecification","valueRequired":true,"valueName":"search_term_string"}}],"inLanguage":"es"},{"@type":"Organization","@id":"https:\/\/www.difusio.cat\/es\/#organization","name":"Difusi\u00f3 Gastron\u00f2mica S.L.","url":"https:\/\/www.difusio.cat\/es\/","logo":{"@type":"ImageObject","inLanguage":"es","@id":"https:\/\/www.difusio.cat\/es\/#\/schema\/logo\/image\/","url":"https:\/\/www.difusio.cat\/wp-content\/uploads\/2018\/06\/Color1Pantone188.jpg","contentUrl":"https:\/\/www.difusio.cat\/wp-content\/uploads\/2018\/06\/Color1Pantone188.jpg","width":369,"height":539,"caption":"Difusi\u00f3 Gastron\u00f2mica S.L."},"image":{"@id":"https:\/\/www.difusio.cat\/es\/#\/schema\/logo\/image\/"}}]}},"_links":{"self":[{"href":"https:\/\/www.difusio.cat\/es\/wp-json\/wp\/v2\/product\/618","targetHints":{"allow":["GET"]}}],"collection":[{"href":"https:\/\/www.difusio.cat\/es\/wp-json\/wp\/v2\/product"}],"about":[{"href":"https:\/\/www.difusio.cat\/es\/wp-json\/wp\/v2\/types\/product"}],"replies":[{"embeddable":true,"href":"https:\/\/www.difusio.cat\/es\/wp-json\/wp\/v2\/comments?post=618"}],"wp:featuredmedia":[{"embeddable":true,"href":"https:\/\/www.difusio.cat\/es\/wp-json\/wp\/v2\/media\/630"}],"wp:attachment":[{"href":"https:\/\/www.difusio.cat\/es\/wp-json\/wp\/v2\/media?parent=618"}],"wp:term":[{"taxonomy":"product_brand","embeddable":true,"href":"https:\/\/www.difusio.cat\/es\/wp-json\/wp\/v2\/product_brand?post=618"},{"taxonomy":"product_cat","embeddable":true,"href":"https:\/\/www.difusio.cat\/es\/wp-json\/wp\/v2\/product_cat?post=618"},{"taxonomy":"product_tag","embeddable":true,"href":"https:\/\/www.difusio.cat\/es\/wp-json\/wp\/v2\/product_tag?post=618"}],"curies":[{"name":"wp","href":"https:\/\/api.w.org\/{rel}","templated":true}]}}