{"id":1404,"date":"2018-05-16T18:20:50","date_gmt":"2018-05-16T16:20:50","guid":{"rendered":"https:\/\/www.difusio.cat\/?post_type=product&#038;p=1404"},"modified":"2018-06-21T20:29:01","modified_gmt":"2018-06-21T18:29:01","slug":"peraj-haabib-flor-de-primavera","status":"publish","type":"product","link":"https:\/\/www.difusio.cat\/es\/producto\/peraj-haabib-flor-de-primavera\/","title":{"rendered":"Peraj Ha&#8217;abib \u00abFlor de Primavera\u00bb"},"content":{"rendered":"<p>Varietats<br \/>\n50% Garnatxa<br \/>\n30% Cabernet Sauvignon<br \/>\n20% Sams\u00f3<\/p>\n<p>Vinificat sota supervisi\u00f3 estricta del rab\u00ed de la comunitat jueva Habat de Barcelona.<br \/>\nEs tracta d&#8217;un vi kosher d&#8217;alta certificaci\u00f3: Lo mevuixal (no est\u00e0 pasteuritzat) i Le Pessaj (apte per a<br \/>\nla Pasqua jueva).<br \/>\nTemperatura de fermentaci\u00f3 controlada (24-28\u00baC)<br \/>\nMaceraci\u00f3: 28 dies; es vinifiquen les tres varietats juntes.<br \/>\nEs comen\u00e7a la fermentaci\u00f3 malol\u00e0ctica en tanc i s&#8217;acaba en b\u00f3ta.<br \/>\nFiltrat suau<br \/>\nEnvelliment<br \/>\n12 mesos en b\u00f3tes franceses kosher noves i d&#8217;1 any (228 l)<br \/>\nTorrat mitj\u00e0 i lleuger<br \/>\nEnvelliment posterior en tanc durant 3 mesos abans d&#8217;embotellar<br \/>\nVinyes<br \/>\nEdat dels ceps: 50-70 anys de garnatxa vella, a una altitud de 500 m<br \/>\nS\u00f2l: argil\u00f3s i de granit, en terrasses<br \/>\nVerema<br \/>\nManual<br \/>\nMitjans de setembre<\/p>\n<p>Un vi exuberant ple de fruita i de mineralitat, i amb\u00a0una complexitat fora del com\u00fa amb tocs integrats\u00a0de torrat.<\/p>\n","protected":false},"excerpt":{"rendered":"<p>Garnatxa<br \/>\nCabernet Sauvignon<br \/>\nSams\u00f3<\/p>\n<p>12 mesos barrica<\/p>\n<p>&nbsp;<\/p>\n","protected":false},"featured_media":1407,"comment_status":"open","ping_status":"closed","template":"","meta":{"_acf_changed":false},"product_brand":[],"product_cat":[31,77],"product_tag":[],"class_list":{"0":"post-1404","1":"product","2":"type-product","3":"status-publish","4":"has-post-thumbnail","6":"product_cat-montsant","7":"product_cat-celler-de-capcanes","8":"description-off","10":"first","11":"instock","12":"shipping-taxable","13":"product-type-simple"},"acf":[],"yoast_head":"<!-- This site is optimized with the Yoast SEO plugin v27.1.1 - https:\/\/yoast.com\/product\/yoast-seo-wordpress\/ -->\n<title>Peraj Ha&#039;abib &quot;Flor de Primavera&quot; - DIFUSI\u00d3<\/title>\n<meta name=\"robots\" content=\"index, follow, max-snippet:-1, max-image-preview:large, max-video-preview:-1\" \/>\n<link rel=\"canonical\" href=\"https:\/\/www.difusio.cat\/es\/producto\/peraj-haabib-flor-de-primavera\/\" \/>\n<meta property=\"og:locale\" content=\"es_ES\" \/>\n<meta property=\"og:type\" content=\"article\" \/>\n<meta property=\"og:title\" content=\"Peraj Ha&#039;abib &quot;Flor de Primavera&quot; - DIFUSI\u00d3\" \/>\n<meta property=\"og:description\" content=\"Garnatxa Cabernet Sauvignon Sams\u00f3  12 mesos barrica  &nbsp;\" \/>\n<meta property=\"og:url\" content=\"https:\/\/www.difusio.cat\/es\/producto\/peraj-haabib-flor-de-primavera\/\" \/>\n<meta property=\"og:site_name\" content=\"DIFUSI\u00d3\" \/>\n<meta property=\"article:modified_time\" content=\"2018-06-21T18:29:01+00:00\" \/>\n<meta property=\"og:image\" content=\"https:\/\/www.difusio.cat\/wp-content\/uploads\/2018\/05\/Cap\u00e7anes-Peraj-Haabib.jpg\" \/>\n\t<meta property=\"og:image:width\" content=\"1000\" \/>\n\t<meta property=\"og:image:height\" content=\"1000\" \/>\n\t<meta property=\"og:image:type\" content=\"image\/jpeg\" \/>\n<meta name=\"twitter:label1\" content=\"Tiempo de lectura\" \/>\n\t<meta name=\"twitter:data1\" content=\"1 minuto\" \/>\n<script type=\"application\/ld+json\" class=\"yoast-schema-graph\">{\"@context\":\"https:\/\/schema.org\",\"@graph\":[{\"@type\":\"WebPage\",\"@id\":\"https:\/\/www.difusio.cat\/es\/producto\/peraj-haabib-flor-de-primavera\/\",\"url\":\"https:\/\/www.difusio.cat\/es\/producto\/peraj-haabib-flor-de-primavera\/\",\"name\":\"Peraj Ha'abib \\\"Flor de Primavera\\\" - DIFUSI\u00d3\",\"isPartOf\":{\"@id\":\"https:\/\/www.difusio.cat\/es\/#website\"},\"primaryImageOfPage\":{\"@id\":\"https:\/\/www.difusio.cat\/es\/producto\/peraj-haabib-flor-de-primavera\/#primaryimage\"},\"image\":{\"@id\":\"https:\/\/www.difusio.cat\/es\/producto\/peraj-haabib-flor-de-primavera\/#primaryimage\"},\"thumbnailUrl\":\"https:\/\/www.difusio.cat\/wp-content\/uploads\/2018\/05\/Cap\u00e7anes-Peraj-Haabib.jpg\",\"datePublished\":\"2018-05-16T16:20:50+00:00\",\"dateModified\":\"2018-06-21T18:29:01+00:00\",\"breadcrumb\":{\"@id\":\"https:\/\/www.difusio.cat\/es\/producto\/peraj-haabib-flor-de-primavera\/#breadcrumb\"},\"inLanguage\":\"es\",\"potentialAction\":[{\"@type\":\"ReadAction\",\"target\":[\"https:\/\/www.difusio.cat\/es\/producto\/peraj-haabib-flor-de-primavera\/\"]}]},{\"@type\":\"ImageObject\",\"inLanguage\":\"es\",\"@id\":\"https:\/\/www.difusio.cat\/es\/producto\/peraj-haabib-flor-de-primavera\/#primaryimage\",\"url\":\"https:\/\/www.difusio.cat\/wp-content\/uploads\/2018\/05\/Cap\u00e7anes-Peraj-Haabib.jpg\",\"contentUrl\":\"https:\/\/www.difusio.cat\/wp-content\/uploads\/2018\/05\/Cap\u00e7anes-Peraj-Haabib.jpg\",\"width\":1000,\"height\":1000},{\"@type\":\"BreadcrumbList\",\"@id\":\"https:\/\/www.difusio.cat\/es\/producto\/peraj-haabib-flor-de-primavera\/#breadcrumb\",\"itemListElement\":[{\"@type\":\"ListItem\",\"position\":1,\"name\":\"Inici\",\"item\":\"https:\/\/www.difusio.cat\/es\/\"},{\"@type\":\"ListItem\",\"position\":2,\"name\":\"Productos\",\"item\":\"https:\/\/www.difusio.cat\/es\/shop\/\"},{\"@type\":\"ListItem\",\"position\":3,\"name\":\"Peraj Ha&#8217;abib \u00abFlor de Primavera\u00bb\"}]},{\"@type\":\"WebSite\",\"@id\":\"https:\/\/www.difusio.cat\/es\/#website\",\"url\":\"https:\/\/www.difusio.cat\/es\/\",\"name\":\"DIFUSI\u00d3\",\"description\":\"Somos distribuidores oficiales de vinos y cavas en la zona del Montseny. Ofrecemos asesoramiento para elaborar cartas de vinos y cavas, bodega propia.\",\"publisher\":{\"@id\":\"https:\/\/www.difusio.cat\/es\/#organization\"},\"potentialAction\":[{\"@type\":\"SearchAction\",\"target\":{\"@type\":\"EntryPoint\",\"urlTemplate\":\"https:\/\/www.difusio.cat\/es\/?s={search_term_string}\"},\"query-input\":{\"@type\":\"PropertyValueSpecification\",\"valueRequired\":true,\"valueName\":\"search_term_string\"}}],\"inLanguage\":\"es\"},{\"@type\":\"Organization\",\"@id\":\"https:\/\/www.difusio.cat\/es\/#organization\",\"name\":\"Difusi\u00f3 Gastron\u00f2mica S.L.\",\"url\":\"https:\/\/www.difusio.cat\/es\/\",\"logo\":{\"@type\":\"ImageObject\",\"inLanguage\":\"es\",\"@id\":\"https:\/\/www.difusio.cat\/es\/#\/schema\/logo\/image\/\",\"url\":\"https:\/\/www.difusio.cat\/wp-content\/uploads\/2018\/06\/Color1Pantone188.jpg\",\"contentUrl\":\"https:\/\/www.difusio.cat\/wp-content\/uploads\/2018\/06\/Color1Pantone188.jpg\",\"width\":369,\"height\":539,\"caption\":\"Difusi\u00f3 Gastron\u00f2mica S.L.\"},\"image\":{\"@id\":\"https:\/\/www.difusio.cat\/es\/#\/schema\/logo\/image\/\"}}]}<\/script>\n<!-- \/ Yoast SEO plugin. -->","yoast_head_json":{"title":"Peraj Ha'abib \"Flor de Primavera\" - DIFUSI\u00d3","robots":{"index":"index","follow":"follow","max-snippet":"max-snippet:-1","max-image-preview":"max-image-preview:large","max-video-preview":"max-video-preview:-1"},"canonical":"https:\/\/www.difusio.cat\/es\/producto\/peraj-haabib-flor-de-primavera\/","og_locale":"es_ES","og_type":"article","og_title":"Peraj Ha'abib \"Flor de Primavera\" - DIFUSI\u00d3","og_description":"Garnatxa Cabernet Sauvignon Sams\u00f3  12 mesos barrica  &nbsp;","og_url":"https:\/\/www.difusio.cat\/es\/producto\/peraj-haabib-flor-de-primavera\/","og_site_name":"DIFUSI\u00d3","article_modified_time":"2018-06-21T18:29:01+00:00","og_image":[{"width":1000,"height":1000,"url":"https:\/\/www.difusio.cat\/wp-content\/uploads\/2018\/05\/Cap\u00e7anes-Peraj-Haabib.jpg","type":"image\/jpeg"}],"twitter_misc":{"Tiempo de lectura":"1 minuto"},"schema":{"@context":"https:\/\/schema.org","@graph":[{"@type":"WebPage","@id":"https:\/\/www.difusio.cat\/es\/producto\/peraj-haabib-flor-de-primavera\/","url":"https:\/\/www.difusio.cat\/es\/producto\/peraj-haabib-flor-de-primavera\/","name":"Peraj Ha'abib \"Flor de Primavera\" - DIFUSI\u00d3","isPartOf":{"@id":"https:\/\/www.difusio.cat\/es\/#website"},"primaryImageOfPage":{"@id":"https:\/\/www.difusio.cat\/es\/producto\/peraj-haabib-flor-de-primavera\/#primaryimage"},"image":{"@id":"https:\/\/www.difusio.cat\/es\/producto\/peraj-haabib-flor-de-primavera\/#primaryimage"},"thumbnailUrl":"https:\/\/www.difusio.cat\/wp-content\/uploads\/2018\/05\/Cap\u00e7anes-Peraj-Haabib.jpg","datePublished":"2018-05-16T16:20:50+00:00","dateModified":"2018-06-21T18:29:01+00:00","breadcrumb":{"@id":"https:\/\/www.difusio.cat\/es\/producto\/peraj-haabib-flor-de-primavera\/#breadcrumb"},"inLanguage":"es","potentialAction":[{"@type":"ReadAction","target":["https:\/\/www.difusio.cat\/es\/producto\/peraj-haabib-flor-de-primavera\/"]}]},{"@type":"ImageObject","inLanguage":"es","@id":"https:\/\/www.difusio.cat\/es\/producto\/peraj-haabib-flor-de-primavera\/#primaryimage","url":"https:\/\/www.difusio.cat\/wp-content\/uploads\/2018\/05\/Cap\u00e7anes-Peraj-Haabib.jpg","contentUrl":"https:\/\/www.difusio.cat\/wp-content\/uploads\/2018\/05\/Cap\u00e7anes-Peraj-Haabib.jpg","width":1000,"height":1000},{"@type":"BreadcrumbList","@id":"https:\/\/www.difusio.cat\/es\/producto\/peraj-haabib-flor-de-primavera\/#breadcrumb","itemListElement":[{"@type":"ListItem","position":1,"name":"Inici","item":"https:\/\/www.difusio.cat\/es\/"},{"@type":"ListItem","position":2,"name":"Productos","item":"https:\/\/www.difusio.cat\/es\/shop\/"},{"@type":"ListItem","position":3,"name":"Peraj Ha&#8217;abib \u00abFlor de Primavera\u00bb"}]},{"@type":"WebSite","@id":"https:\/\/www.difusio.cat\/es\/#website","url":"https:\/\/www.difusio.cat\/es\/","name":"DIFUSI\u00d3","description":"Somos distribuidores oficiales de vinos y cavas en la zona del Montseny. Ofrecemos asesoramiento para elaborar cartas de vinos y cavas, bodega propia.","publisher":{"@id":"https:\/\/www.difusio.cat\/es\/#organization"},"potentialAction":[{"@type":"SearchAction","target":{"@type":"EntryPoint","urlTemplate":"https:\/\/www.difusio.cat\/es\/?s={search_term_string}"},"query-input":{"@type":"PropertyValueSpecification","valueRequired":true,"valueName":"search_term_string"}}],"inLanguage":"es"},{"@type":"Organization","@id":"https:\/\/www.difusio.cat\/es\/#organization","name":"Difusi\u00f3 Gastron\u00f2mica S.L.","url":"https:\/\/www.difusio.cat\/es\/","logo":{"@type":"ImageObject","inLanguage":"es","@id":"https:\/\/www.difusio.cat\/es\/#\/schema\/logo\/image\/","url":"https:\/\/www.difusio.cat\/wp-content\/uploads\/2018\/06\/Color1Pantone188.jpg","contentUrl":"https:\/\/www.difusio.cat\/wp-content\/uploads\/2018\/06\/Color1Pantone188.jpg","width":369,"height":539,"caption":"Difusi\u00f3 Gastron\u00f2mica S.L."},"image":{"@id":"https:\/\/www.difusio.cat\/es\/#\/schema\/logo\/image\/"}}]}},"_links":{"self":[{"href":"https:\/\/www.difusio.cat\/es\/wp-json\/wp\/v2\/product\/1404","targetHints":{"allow":["GET"]}}],"collection":[{"href":"https:\/\/www.difusio.cat\/es\/wp-json\/wp\/v2\/product"}],"about":[{"href":"https:\/\/www.difusio.cat\/es\/wp-json\/wp\/v2\/types\/product"}],"replies":[{"embeddable":true,"href":"https:\/\/www.difusio.cat\/es\/wp-json\/wp\/v2\/comments?post=1404"}],"wp:featuredmedia":[{"embeddable":true,"href":"https:\/\/www.difusio.cat\/es\/wp-json\/wp\/v2\/media\/1407"}],"wp:attachment":[{"href":"https:\/\/www.difusio.cat\/es\/wp-json\/wp\/v2\/media?parent=1404"}],"wp:term":[{"taxonomy":"product_brand","embeddable":true,"href":"https:\/\/www.difusio.cat\/es\/wp-json\/wp\/v2\/product_brand?post=1404"},{"taxonomy":"product_cat","embeddable":true,"href":"https:\/\/www.difusio.cat\/es\/wp-json\/wp\/v2\/product_cat?post=1404"},{"taxonomy":"product_tag","embeddable":true,"href":"https:\/\/www.difusio.cat\/es\/wp-json\/wp\/v2\/product_tag?post=1404"}],"curies":[{"name":"wp","href":"https:\/\/api.w.org\/{rel}","templated":true}]}}