{"id":1372,"date":"2018-05-16T13:16:40","date_gmt":"2018-05-16T11:16:40","guid":{"rendered":"https:\/\/www.difusio.cat\/?post_type=product&#038;p=1372"},"modified":"2018-06-21T20:29:02","modified_gmt":"2018-06-21T18:29:02","slug":"pansal-del-calas","status":"publish","type":"product","link":"https:\/\/www.difusio.cat\/es\/producto\/pansal-del-calas\/","title":{"rendered":"Pansal del Cal\u00e0s"},"content":{"rendered":"<p>La verema es fa manual, en caixes de 20 kg a mitjan octubre. Verema tardana.<\/p>\n<p>70% Garnatxa de vinyes velles i\u00a030% Sams\u00f3 de vinyes velles<br \/>\nEl s\u00f2l \u00e9s d&#8217;argila i granit, en terrasses.<\/p>\n<p>El set\u00e8 dia aturem la fermentaci\u00f3 i hi afegim alcohol v\u00ednic per mantenir una concentraci\u00f3 alta de<br \/>\nsucres en el vi.<br \/>\nDesp\u00e9s la maceraci\u00f3 dura 30 dies; les varietats es vinifiquen conjuntament.<br \/>\ni es fa un filtrat suau<br \/>\nFinalment roman15 mesos en b\u00f3tes de 228 lts. amb un \u00a0torrat mitj\u00e0 i lleuger franceses noves i d&#8217;1 any<br \/>\nEnvelliment posterior en tanc durant 3 mesos abans d&#8217;embotellar<br \/>\nVinyes<\/p>\n<p>Un vi molt expressiu, diferent, amic dels\u00a0maridatges intr\u00e8pids. Color de cirera picota molt\u00a0intens, amb aromes de fruita en compota, matisos\u00a0suaus de fusta i molt perfum de figues, panses&#8230;<br \/>\nNo es perceben els 15 mesos de fusta ja que els\u00a0torrats estan molt ben integrats al vi.<br \/>\nA difer\u00e8ncia dels vins de postres tradicionals, el\u00a0Pansal guarda tota la frescor de la fruita i no\u00a0s&#8217;enganxa als llavis. Pansal del Cal\u00e0s ambiciona\u00a0ser alguna cosa m\u00e9s!<\/p>\n","protected":false},"excerpt":{"rendered":"<p>Garnatxa<\/p>\n<p>Sams\u00f3<\/p>\n<p>&nbsp;<\/p>\n","protected":false},"featured_media":1373,"comment_status":"open","ping_status":"closed","template":"","meta":{"_acf_changed":false},"product_brand":[],"product_cat":[31,77],"product_tag":[],"class_list":{"0":"post-1372","1":"product","2":"type-product","3":"status-publish","4":"has-post-thumbnail","6":"product_cat-montsant","7":"product_cat-celler-de-capcanes","8":"description-off","10":"first","11":"instock","12":"shipping-taxable","13":"product-type-simple"},"acf":[],"yoast_head":"<!-- This site is optimized with the Yoast SEO plugin v27.1.1 - https:\/\/yoast.com\/product\/yoast-seo-wordpress\/ -->\n<title>Pansal del Cal\u00e0s - DIFUSI\u00d3<\/title>\n<meta name=\"robots\" content=\"index, follow, max-snippet:-1, max-image-preview:large, max-video-preview:-1\" \/>\n<link rel=\"canonical\" href=\"https:\/\/www.difusio.cat\/es\/producto\/pansal-del-calas\/\" \/>\n<meta property=\"og:locale\" content=\"es_ES\" \/>\n<meta property=\"og:type\" content=\"article\" \/>\n<meta property=\"og:title\" content=\"Pansal del Cal\u00e0s - DIFUSI\u00d3\" \/>\n<meta property=\"og:description\" content=\"Garnatxa  Sams\u00f3  &nbsp;\" \/>\n<meta property=\"og:url\" content=\"https:\/\/www.difusio.cat\/es\/producto\/pansal-del-calas\/\" \/>\n<meta property=\"og:site_name\" content=\"DIFUSI\u00d3\" \/>\n<meta property=\"article:modified_time\" content=\"2018-06-21T18:29:02+00:00\" \/>\n<meta property=\"og:image\" content=\"https:\/\/www.difusio.cat\/wp-content\/uploads\/2018\/05\/Cap\u00e7anes-Pansal-del-Cal\u00e0s.jpg\" \/>\n\t<meta property=\"og:image:width\" content=\"1000\" \/>\n\t<meta property=\"og:image:height\" content=\"1000\" \/>\n\t<meta property=\"og:image:type\" content=\"image\/jpeg\" \/>\n<meta name=\"twitter:label1\" content=\"Tiempo de lectura\" \/>\n\t<meta name=\"twitter:data1\" content=\"1 minuto\" \/>\n<script type=\"application\/ld+json\" class=\"yoast-schema-graph\">{\"@context\":\"https:\/\/schema.org\",\"@graph\":[{\"@type\":\"WebPage\",\"@id\":\"https:\/\/www.difusio.cat\/es\/producto\/pansal-del-calas\/\",\"url\":\"https:\/\/www.difusio.cat\/es\/producto\/pansal-del-calas\/\",\"name\":\"Pansal del Cal\u00e0s - DIFUSI\u00d3\",\"isPartOf\":{\"@id\":\"https:\/\/www.difusio.cat\/es\/#website\"},\"primaryImageOfPage\":{\"@id\":\"https:\/\/www.difusio.cat\/es\/producto\/pansal-del-calas\/#primaryimage\"},\"image\":{\"@id\":\"https:\/\/www.difusio.cat\/es\/producto\/pansal-del-calas\/#primaryimage\"},\"thumbnailUrl\":\"https:\/\/www.difusio.cat\/wp-content\/uploads\/2018\/05\/Cap\u00e7anes-Pansal-del-Cal\u00e0s.jpg\",\"datePublished\":\"2018-05-16T11:16:40+00:00\",\"dateModified\":\"2018-06-21T18:29:02+00:00\",\"breadcrumb\":{\"@id\":\"https:\/\/www.difusio.cat\/es\/producto\/pansal-del-calas\/#breadcrumb\"},\"inLanguage\":\"es\",\"potentialAction\":[{\"@type\":\"ReadAction\",\"target\":[\"https:\/\/www.difusio.cat\/es\/producto\/pansal-del-calas\/\"]}]},{\"@type\":\"ImageObject\",\"inLanguage\":\"es\",\"@id\":\"https:\/\/www.difusio.cat\/es\/producto\/pansal-del-calas\/#primaryimage\",\"url\":\"https:\/\/www.difusio.cat\/wp-content\/uploads\/2018\/05\/Cap\u00e7anes-Pansal-del-Cal\u00e0s.jpg\",\"contentUrl\":\"https:\/\/www.difusio.cat\/wp-content\/uploads\/2018\/05\/Cap\u00e7anes-Pansal-del-Cal\u00e0s.jpg\",\"width\":1000,\"height\":1000},{\"@type\":\"BreadcrumbList\",\"@id\":\"https:\/\/www.difusio.cat\/es\/producto\/pansal-del-calas\/#breadcrumb\",\"itemListElement\":[{\"@type\":\"ListItem\",\"position\":1,\"name\":\"Inici\",\"item\":\"https:\/\/www.difusio.cat\/es\/\"},{\"@type\":\"ListItem\",\"position\":2,\"name\":\"Productos\",\"item\":\"https:\/\/www.difusio.cat\/es\/shop\/\"},{\"@type\":\"ListItem\",\"position\":3,\"name\":\"Pansal del Cal\u00e0s\"}]},{\"@type\":\"WebSite\",\"@id\":\"https:\/\/www.difusio.cat\/es\/#website\",\"url\":\"https:\/\/www.difusio.cat\/es\/\",\"name\":\"DIFUSI\u00d3\",\"description\":\"Somos distribuidores oficiales de vinos y cavas en la zona del Montseny. Ofrecemos asesoramiento para elaborar cartas de vinos y cavas, bodega propia.\",\"publisher\":{\"@id\":\"https:\/\/www.difusio.cat\/es\/#organization\"},\"potentialAction\":[{\"@type\":\"SearchAction\",\"target\":{\"@type\":\"EntryPoint\",\"urlTemplate\":\"https:\/\/www.difusio.cat\/es\/?s={search_term_string}\"},\"query-input\":{\"@type\":\"PropertyValueSpecification\",\"valueRequired\":true,\"valueName\":\"search_term_string\"}}],\"inLanguage\":\"es\"},{\"@type\":\"Organization\",\"@id\":\"https:\/\/www.difusio.cat\/es\/#organization\",\"name\":\"Difusi\u00f3 Gastron\u00f2mica S.L.\",\"url\":\"https:\/\/www.difusio.cat\/es\/\",\"logo\":{\"@type\":\"ImageObject\",\"inLanguage\":\"es\",\"@id\":\"https:\/\/www.difusio.cat\/es\/#\/schema\/logo\/image\/\",\"url\":\"https:\/\/www.difusio.cat\/wp-content\/uploads\/2018\/06\/Color1Pantone188.jpg\",\"contentUrl\":\"https:\/\/www.difusio.cat\/wp-content\/uploads\/2018\/06\/Color1Pantone188.jpg\",\"width\":369,\"height\":539,\"caption\":\"Difusi\u00f3 Gastron\u00f2mica S.L.\"},\"image\":{\"@id\":\"https:\/\/www.difusio.cat\/es\/#\/schema\/logo\/image\/\"}}]}<\/script>\n<!-- \/ Yoast SEO plugin. -->","yoast_head_json":{"title":"Pansal del Cal\u00e0s - DIFUSI\u00d3","robots":{"index":"index","follow":"follow","max-snippet":"max-snippet:-1","max-image-preview":"max-image-preview:large","max-video-preview":"max-video-preview:-1"},"canonical":"https:\/\/www.difusio.cat\/es\/producto\/pansal-del-calas\/","og_locale":"es_ES","og_type":"article","og_title":"Pansal del Cal\u00e0s - DIFUSI\u00d3","og_description":"Garnatxa  Sams\u00f3  &nbsp;","og_url":"https:\/\/www.difusio.cat\/es\/producto\/pansal-del-calas\/","og_site_name":"DIFUSI\u00d3","article_modified_time":"2018-06-21T18:29:02+00:00","og_image":[{"width":1000,"height":1000,"url":"https:\/\/www.difusio.cat\/wp-content\/uploads\/2018\/05\/Cap\u00e7anes-Pansal-del-Cal\u00e0s.jpg","type":"image\/jpeg"}],"twitter_misc":{"Tiempo de lectura":"1 minuto"},"schema":{"@context":"https:\/\/schema.org","@graph":[{"@type":"WebPage","@id":"https:\/\/www.difusio.cat\/es\/producto\/pansal-del-calas\/","url":"https:\/\/www.difusio.cat\/es\/producto\/pansal-del-calas\/","name":"Pansal del Cal\u00e0s - DIFUSI\u00d3","isPartOf":{"@id":"https:\/\/www.difusio.cat\/es\/#website"},"primaryImageOfPage":{"@id":"https:\/\/www.difusio.cat\/es\/producto\/pansal-del-calas\/#primaryimage"},"image":{"@id":"https:\/\/www.difusio.cat\/es\/producto\/pansal-del-calas\/#primaryimage"},"thumbnailUrl":"https:\/\/www.difusio.cat\/wp-content\/uploads\/2018\/05\/Cap\u00e7anes-Pansal-del-Cal\u00e0s.jpg","datePublished":"2018-05-16T11:16:40+00:00","dateModified":"2018-06-21T18:29:02+00:00","breadcrumb":{"@id":"https:\/\/www.difusio.cat\/es\/producto\/pansal-del-calas\/#breadcrumb"},"inLanguage":"es","potentialAction":[{"@type":"ReadAction","target":["https:\/\/www.difusio.cat\/es\/producto\/pansal-del-calas\/"]}]},{"@type":"ImageObject","inLanguage":"es","@id":"https:\/\/www.difusio.cat\/es\/producto\/pansal-del-calas\/#primaryimage","url":"https:\/\/www.difusio.cat\/wp-content\/uploads\/2018\/05\/Cap\u00e7anes-Pansal-del-Cal\u00e0s.jpg","contentUrl":"https:\/\/www.difusio.cat\/wp-content\/uploads\/2018\/05\/Cap\u00e7anes-Pansal-del-Cal\u00e0s.jpg","width":1000,"height":1000},{"@type":"BreadcrumbList","@id":"https:\/\/www.difusio.cat\/es\/producto\/pansal-del-calas\/#breadcrumb","itemListElement":[{"@type":"ListItem","position":1,"name":"Inici","item":"https:\/\/www.difusio.cat\/es\/"},{"@type":"ListItem","position":2,"name":"Productos","item":"https:\/\/www.difusio.cat\/es\/shop\/"},{"@type":"ListItem","position":3,"name":"Pansal del Cal\u00e0s"}]},{"@type":"WebSite","@id":"https:\/\/www.difusio.cat\/es\/#website","url":"https:\/\/www.difusio.cat\/es\/","name":"DIFUSI\u00d3","description":"Somos distribuidores oficiales de vinos y cavas en la zona del Montseny. Ofrecemos asesoramiento para elaborar cartas de vinos y cavas, bodega propia.","publisher":{"@id":"https:\/\/www.difusio.cat\/es\/#organization"},"potentialAction":[{"@type":"SearchAction","target":{"@type":"EntryPoint","urlTemplate":"https:\/\/www.difusio.cat\/es\/?s={search_term_string}"},"query-input":{"@type":"PropertyValueSpecification","valueRequired":true,"valueName":"search_term_string"}}],"inLanguage":"es"},{"@type":"Organization","@id":"https:\/\/www.difusio.cat\/es\/#organization","name":"Difusi\u00f3 Gastron\u00f2mica S.L.","url":"https:\/\/www.difusio.cat\/es\/","logo":{"@type":"ImageObject","inLanguage":"es","@id":"https:\/\/www.difusio.cat\/es\/#\/schema\/logo\/image\/","url":"https:\/\/www.difusio.cat\/wp-content\/uploads\/2018\/06\/Color1Pantone188.jpg","contentUrl":"https:\/\/www.difusio.cat\/wp-content\/uploads\/2018\/06\/Color1Pantone188.jpg","width":369,"height":539,"caption":"Difusi\u00f3 Gastron\u00f2mica S.L."},"image":{"@id":"https:\/\/www.difusio.cat\/es\/#\/schema\/logo\/image\/"}}]}},"_links":{"self":[{"href":"https:\/\/www.difusio.cat\/es\/wp-json\/wp\/v2\/product\/1372","targetHints":{"allow":["GET"]}}],"collection":[{"href":"https:\/\/www.difusio.cat\/es\/wp-json\/wp\/v2\/product"}],"about":[{"href":"https:\/\/www.difusio.cat\/es\/wp-json\/wp\/v2\/types\/product"}],"replies":[{"embeddable":true,"href":"https:\/\/www.difusio.cat\/es\/wp-json\/wp\/v2\/comments?post=1372"}],"wp:featuredmedia":[{"embeddable":true,"href":"https:\/\/www.difusio.cat\/es\/wp-json\/wp\/v2\/media\/1373"}],"wp:attachment":[{"href":"https:\/\/www.difusio.cat\/es\/wp-json\/wp\/v2\/media?parent=1372"}],"wp:term":[{"taxonomy":"product_brand","embeddable":true,"href":"https:\/\/www.difusio.cat\/es\/wp-json\/wp\/v2\/product_brand?post=1372"},{"taxonomy":"product_cat","embeddable":true,"href":"https:\/\/www.difusio.cat\/es\/wp-json\/wp\/v2\/product_cat?post=1372"},{"taxonomy":"product_tag","embeddable":true,"href":"https:\/\/www.difusio.cat\/es\/wp-json\/wp\/v2\/product_tag?post=1372"}],"curies":[{"name":"wp","href":"https:\/\/api.w.org\/{rel}","templated":true}]}}