{"id":1322,"date":"2018-05-15T11:52:36","date_gmt":"2018-05-15T09:52:36","guid":{"rendered":"https:\/\/www.difusio.cat\/?post_type=product&#038;p=1322"},"modified":"2020-07-17T12:32:38","modified_gmt":"2020-07-17T10:32:38","slug":"josep-foraster-trepat","status":"publish","type":"product","link":"https:\/\/www.difusio.cat\/es\/producto\/josep-foraster-trepat\/","title":{"rendered":"Josep Foraster Trepat"},"content":{"rendered":"<p>Verema tardana a finals d&#8217;octubre en caixes i amb una reducci\u00f3 del 50% de la producci\u00f3 habitual de la vinya. Maceraci\u00f3 en fred i posterior fermentaci\u00f3 amb llevats end\u00f2gens. Fermentaci\u00f3 malol\u00e0ctica en botes de 300 i 500 litres de roure franc\u00e9s d&#8217;uns tres anys, on hi fa una crian\u00e7a de 6 mesos. 100% collita pr\u00f2pia.<\/p>\n<p>Vi negre amb la nostra varietat m\u00e9s aut\u00f2ctona; el Trepat. La nostra tasca ha consistit a cuidar extremadament la vinya, regular molt la producci\u00f3 i mimar cada gra de ra\u00efm. Tot aix\u00f2 per a elaborar un vi \u00fanic de collita pr\u00f2pia, que destaca la seva delicada fruita, subtilesa, mineralitat, frescor i eleg\u00e0ncia.<\/p>\n<p>100% Trepat. Cultiu ecol\u00f2gic des de 2011; en proc\u00e9s de cerificaci\u00f3 CCPAE.<\/p>\n<p>S\u00f2ls d&#8217;al\u00b7luvi\u00f3; argilo calcaris i amb c\u00f2dols. Situat en els vessants assolellats de la Serra de Miramar.<\/p>\n<p>vinyes de m\u00e9s de 40 anys. Mas de la Sabatera a una al\u00e7ada de\u00a0500 m sobre el nivell del mar.<\/p>\n<p>T\u00e9 un color de capa baixa, amb color rob\u00ed i ribet violaci.<\/p>\n<p>L&#8217;aroma es Intens de fruites del bosc, pebre blanc i lleuger fons amb notes de fruits secs. Tamb\u00e9 hi trobem un conjunt de notes bals\u00e0miques i minerals.<\/p>\n<p>En boca ens sorpr\u00e8n per la seva delicadesa, eleg\u00e0ncia i amplitud. El vi se&#8217;ns mostra molt expressiu,amb gran pes de fruita, mineral i molt persistent.<\/p>\n","protected":false},"excerpt":{"rendered":"<p>Trepat<\/p>\n<p>Ecol\u00f2gic<\/p>\n","protected":false},"featured_media":3565,"comment_status":"open","ping_status":"closed","template":"","meta":{"_acf_changed":false},"product_brand":[],"product_cat":[25,39],"product_tag":[],"class_list":{"0":"post-1322","1":"product","2":"type-product","3":"status-publish","4":"has-post-thumbnail","6":"product_cat-conca-de-barbera","7":"product_cat-mas-foraster","8":"description-off","10":"first","11":"instock","12":"shipping-taxable","13":"product-type-simple"},"acf":[],"yoast_head":"<!-- This site is optimized with the Yoast SEO plugin v27.1.1 - https:\/\/yoast.com\/product\/yoast-seo-wordpress\/ -->\n<title>Josep Foraster Trepat - DIFUSI\u00d3<\/title>\n<meta name=\"robots\" content=\"index, follow, max-snippet:-1, max-image-preview:large, max-video-preview:-1\" \/>\n<link rel=\"canonical\" href=\"https:\/\/www.difusio.cat\/es\/producto\/josep-foraster-trepat\/\" \/>\n<meta property=\"og:locale\" content=\"es_ES\" \/>\n<meta property=\"og:type\" content=\"article\" \/>\n<meta property=\"og:title\" content=\"Josep Foraster Trepat - DIFUSI\u00d3\" \/>\n<meta property=\"og:description\" content=\"Trepat  Ecol\u00f2gic\" \/>\n<meta property=\"og:url\" content=\"https:\/\/www.difusio.cat\/es\/producto\/josep-foraster-trepat\/\" \/>\n<meta property=\"og:site_name\" content=\"DIFUSI\u00d3\" \/>\n<meta property=\"article:modified_time\" content=\"2020-07-17T10:32:38+00:00\" \/>\n<meta property=\"og:image\" content=\"https:\/\/www.difusio.cat\/wp-content\/uploads\/2018\/05\/Captura-7.jpg\" \/>\n\t<meta property=\"og:image:width\" content=\"495\" \/>\n\t<meta property=\"og:image:height\" content=\"496\" \/>\n\t<meta property=\"og:image:type\" content=\"image\/jpeg\" \/>\n<meta name=\"twitter:label1\" content=\"Tiempo de lectura\" \/>\n\t<meta name=\"twitter:data1\" content=\"1 minuto\" \/>\n<script type=\"application\/ld+json\" class=\"yoast-schema-graph\">{\"@context\":\"https:\/\/schema.org\",\"@graph\":[{\"@type\":\"WebPage\",\"@id\":\"https:\/\/www.difusio.cat\/es\/producto\/josep-foraster-trepat\/\",\"url\":\"https:\/\/www.difusio.cat\/es\/producto\/josep-foraster-trepat\/\",\"name\":\"Josep Foraster Trepat - DIFUSI\u00d3\",\"isPartOf\":{\"@id\":\"https:\/\/www.difusio.cat\/es\/#website\"},\"primaryImageOfPage\":{\"@id\":\"https:\/\/www.difusio.cat\/es\/producto\/josep-foraster-trepat\/#primaryimage\"},\"image\":{\"@id\":\"https:\/\/www.difusio.cat\/es\/producto\/josep-foraster-trepat\/#primaryimage\"},\"thumbnailUrl\":\"https:\/\/www.difusio.cat\/wp-content\/uploads\/2018\/05\/Captura-7.jpg\",\"datePublished\":\"2018-05-15T09:52:36+00:00\",\"dateModified\":\"2020-07-17T10:32:38+00:00\",\"breadcrumb\":{\"@id\":\"https:\/\/www.difusio.cat\/es\/producto\/josep-foraster-trepat\/#breadcrumb\"},\"inLanguage\":\"es\",\"potentialAction\":[{\"@type\":\"ReadAction\",\"target\":[\"https:\/\/www.difusio.cat\/es\/producto\/josep-foraster-trepat\/\"]}]},{\"@type\":\"ImageObject\",\"inLanguage\":\"es\",\"@id\":\"https:\/\/www.difusio.cat\/es\/producto\/josep-foraster-trepat\/#primaryimage\",\"url\":\"https:\/\/www.difusio.cat\/wp-content\/uploads\/2018\/05\/Captura-7.jpg\",\"contentUrl\":\"https:\/\/www.difusio.cat\/wp-content\/uploads\/2018\/05\/Captura-7.jpg\",\"width\":495,\"height\":496},{\"@type\":\"BreadcrumbList\",\"@id\":\"https:\/\/www.difusio.cat\/es\/producto\/josep-foraster-trepat\/#breadcrumb\",\"itemListElement\":[{\"@type\":\"ListItem\",\"position\":1,\"name\":\"Inici\",\"item\":\"https:\/\/www.difusio.cat\/es\/\"},{\"@type\":\"ListItem\",\"position\":2,\"name\":\"Productos\",\"item\":\"https:\/\/www.difusio.cat\/es\/shop\/\"},{\"@type\":\"ListItem\",\"position\":3,\"name\":\"Josep Foraster Trepat\"}]},{\"@type\":\"WebSite\",\"@id\":\"https:\/\/www.difusio.cat\/es\/#website\",\"url\":\"https:\/\/www.difusio.cat\/es\/\",\"name\":\"DIFUSI\u00d3\",\"description\":\"Somos distribuidores oficiales de vinos y cavas en la zona del Montseny. Ofrecemos asesoramiento para elaborar cartas de vinos y cavas, bodega propia.\",\"publisher\":{\"@id\":\"https:\/\/www.difusio.cat\/es\/#organization\"},\"potentialAction\":[{\"@type\":\"SearchAction\",\"target\":{\"@type\":\"EntryPoint\",\"urlTemplate\":\"https:\/\/www.difusio.cat\/es\/?s={search_term_string}\"},\"query-input\":{\"@type\":\"PropertyValueSpecification\",\"valueRequired\":true,\"valueName\":\"search_term_string\"}}],\"inLanguage\":\"es\"},{\"@type\":\"Organization\",\"@id\":\"https:\/\/www.difusio.cat\/es\/#organization\",\"name\":\"Difusi\u00f3 Gastron\u00f2mica S.L.\",\"url\":\"https:\/\/www.difusio.cat\/es\/\",\"logo\":{\"@type\":\"ImageObject\",\"inLanguage\":\"es\",\"@id\":\"https:\/\/www.difusio.cat\/es\/#\/schema\/logo\/image\/\",\"url\":\"https:\/\/www.difusio.cat\/wp-content\/uploads\/2018\/06\/Color1Pantone188.jpg\",\"contentUrl\":\"https:\/\/www.difusio.cat\/wp-content\/uploads\/2018\/06\/Color1Pantone188.jpg\",\"width\":369,\"height\":539,\"caption\":\"Difusi\u00f3 Gastron\u00f2mica S.L.\"},\"image\":{\"@id\":\"https:\/\/www.difusio.cat\/es\/#\/schema\/logo\/image\/\"}}]}<\/script>\n<!-- \/ Yoast SEO plugin. -->","yoast_head_json":{"title":"Josep Foraster Trepat - DIFUSI\u00d3","robots":{"index":"index","follow":"follow","max-snippet":"max-snippet:-1","max-image-preview":"max-image-preview:large","max-video-preview":"max-video-preview:-1"},"canonical":"https:\/\/www.difusio.cat\/es\/producto\/josep-foraster-trepat\/","og_locale":"es_ES","og_type":"article","og_title":"Josep Foraster Trepat - DIFUSI\u00d3","og_description":"Trepat  Ecol\u00f2gic","og_url":"https:\/\/www.difusio.cat\/es\/producto\/josep-foraster-trepat\/","og_site_name":"DIFUSI\u00d3","article_modified_time":"2020-07-17T10:32:38+00:00","og_image":[{"width":495,"height":496,"url":"https:\/\/www.difusio.cat\/wp-content\/uploads\/2018\/05\/Captura-7.jpg","type":"image\/jpeg"}],"twitter_misc":{"Tiempo de lectura":"1 minuto"},"schema":{"@context":"https:\/\/schema.org","@graph":[{"@type":"WebPage","@id":"https:\/\/www.difusio.cat\/es\/producto\/josep-foraster-trepat\/","url":"https:\/\/www.difusio.cat\/es\/producto\/josep-foraster-trepat\/","name":"Josep Foraster Trepat - DIFUSI\u00d3","isPartOf":{"@id":"https:\/\/www.difusio.cat\/es\/#website"},"primaryImageOfPage":{"@id":"https:\/\/www.difusio.cat\/es\/producto\/josep-foraster-trepat\/#primaryimage"},"image":{"@id":"https:\/\/www.difusio.cat\/es\/producto\/josep-foraster-trepat\/#primaryimage"},"thumbnailUrl":"https:\/\/www.difusio.cat\/wp-content\/uploads\/2018\/05\/Captura-7.jpg","datePublished":"2018-05-15T09:52:36+00:00","dateModified":"2020-07-17T10:32:38+00:00","breadcrumb":{"@id":"https:\/\/www.difusio.cat\/es\/producto\/josep-foraster-trepat\/#breadcrumb"},"inLanguage":"es","potentialAction":[{"@type":"ReadAction","target":["https:\/\/www.difusio.cat\/es\/producto\/josep-foraster-trepat\/"]}]},{"@type":"ImageObject","inLanguage":"es","@id":"https:\/\/www.difusio.cat\/es\/producto\/josep-foraster-trepat\/#primaryimage","url":"https:\/\/www.difusio.cat\/wp-content\/uploads\/2018\/05\/Captura-7.jpg","contentUrl":"https:\/\/www.difusio.cat\/wp-content\/uploads\/2018\/05\/Captura-7.jpg","width":495,"height":496},{"@type":"BreadcrumbList","@id":"https:\/\/www.difusio.cat\/es\/producto\/josep-foraster-trepat\/#breadcrumb","itemListElement":[{"@type":"ListItem","position":1,"name":"Inici","item":"https:\/\/www.difusio.cat\/es\/"},{"@type":"ListItem","position":2,"name":"Productos","item":"https:\/\/www.difusio.cat\/es\/shop\/"},{"@type":"ListItem","position":3,"name":"Josep Foraster Trepat"}]},{"@type":"WebSite","@id":"https:\/\/www.difusio.cat\/es\/#website","url":"https:\/\/www.difusio.cat\/es\/","name":"DIFUSI\u00d3","description":"Somos distribuidores oficiales de vinos y cavas en la zona del Montseny. Ofrecemos asesoramiento para elaborar cartas de vinos y cavas, bodega propia.","publisher":{"@id":"https:\/\/www.difusio.cat\/es\/#organization"},"potentialAction":[{"@type":"SearchAction","target":{"@type":"EntryPoint","urlTemplate":"https:\/\/www.difusio.cat\/es\/?s={search_term_string}"},"query-input":{"@type":"PropertyValueSpecification","valueRequired":true,"valueName":"search_term_string"}}],"inLanguage":"es"},{"@type":"Organization","@id":"https:\/\/www.difusio.cat\/es\/#organization","name":"Difusi\u00f3 Gastron\u00f2mica S.L.","url":"https:\/\/www.difusio.cat\/es\/","logo":{"@type":"ImageObject","inLanguage":"es","@id":"https:\/\/www.difusio.cat\/es\/#\/schema\/logo\/image\/","url":"https:\/\/www.difusio.cat\/wp-content\/uploads\/2018\/06\/Color1Pantone188.jpg","contentUrl":"https:\/\/www.difusio.cat\/wp-content\/uploads\/2018\/06\/Color1Pantone188.jpg","width":369,"height":539,"caption":"Difusi\u00f3 Gastron\u00f2mica S.L."},"image":{"@id":"https:\/\/www.difusio.cat\/es\/#\/schema\/logo\/image\/"}}]}},"_links":{"self":[{"href":"https:\/\/www.difusio.cat\/es\/wp-json\/wp\/v2\/product\/1322","targetHints":{"allow":["GET"]}}],"collection":[{"href":"https:\/\/www.difusio.cat\/es\/wp-json\/wp\/v2\/product"}],"about":[{"href":"https:\/\/www.difusio.cat\/es\/wp-json\/wp\/v2\/types\/product"}],"replies":[{"embeddable":true,"href":"https:\/\/www.difusio.cat\/es\/wp-json\/wp\/v2\/comments?post=1322"}],"wp:featuredmedia":[{"embeddable":true,"href":"https:\/\/www.difusio.cat\/es\/wp-json\/wp\/v2\/media\/3565"}],"wp:attachment":[{"href":"https:\/\/www.difusio.cat\/es\/wp-json\/wp\/v2\/media?parent=1322"}],"wp:term":[{"taxonomy":"product_brand","embeddable":true,"href":"https:\/\/www.difusio.cat\/es\/wp-json\/wp\/v2\/product_brand?post=1322"},{"taxonomy":"product_cat","embeddable":true,"href":"https:\/\/www.difusio.cat\/es\/wp-json\/wp\/v2\/product_cat?post=1322"},{"taxonomy":"product_tag","embeddable":true,"href":"https:\/\/www.difusio.cat\/es\/wp-json\/wp\/v2\/product_tag?post=1322"}],"curies":[{"name":"wp","href":"https:\/\/api.w.org\/{rel}","templated":true}]}}