{"id":1318,"date":"2018-05-15T10:57:50","date_gmt":"2018-05-15T08:57:50","guid":{"rendered":"https:\/\/www.difusio.cat\/?post_type=product&#038;p=1318"},"modified":"2020-07-17T12:30:00","modified_gmt":"2020-07-17T10:30:00","slug":"josep-foraster-blanc-macabeu","status":"publish","type":"product","link":"https:\/\/www.difusio.cat\/es\/producto\/josep-foraster-blanc-macabeu\/","title":{"rendered":"Josep Foraster Blanc Macabeu"},"content":{"rendered":"<p>Selecci\u00f3 de 150 caixes dels nostres ra\u00efms m\u00e9s madurs de la Vinya del Coster. Maceraci\u00f3 amb les seves pells durant 23 dies (elaborat com un vi negre) i fermentaci\u00f3 amb llevats end\u00f2gens a temperatura controlada. No s&#8217;han afegit sulfits fins al moment de l&#8217;embotellat al mes de gener. 100% collita pr\u00f2pia.<\/p>\n<p>Aquest \u00e9s un blanc molt especial, ja que ha estat fermentat amb les seves pells com un vi negre. Hem volgut recuperar els m\u00e8todes antics d&#8217;elaboraci\u00f3, per\u00f2 seleccionant molt el ra\u00efm i controlant sempre la temperatura de fermentaci\u00f3.<\/p>\n<p>100% Macabeu. Cultiu ecol\u00f2gic des de 2011; en proc\u00e9s de certificaci\u00f3 C.C.P.A.E.<\/p>\n<p><b>\u00a0<\/b>S\u00f2ls calcaris amb molt c\u00f2dols i pissarra. Situat en els vessants assolellats de les Muntanyes de Prades.<\/p>\n<p>Totes les vinyes tenen<b>\u00a0<\/b>m\u00e9s de 40 anys i est\u00e1n a uns\u00a0450 mts. sobre el nivell del mar.<\/p>\n<p>De un color blanc or amb reflexos taronges molt brillants\u00a0i un aroma a fruita blanca madura, sotabosc i uns tocs de fruits secs amb bona intensitat.<\/p>\n","protected":false},"excerpt":{"rendered":"<p>Macabeu<\/p>\n<p>Ecol\u00f2gic<\/p>\n","protected":false},"featured_media":3563,"comment_status":"open","ping_status":"closed","template":"","meta":{"_acf_changed":false},"product_brand":[],"product_cat":[25,39],"product_tag":[],"class_list":{"0":"post-1318","1":"product","2":"type-product","3":"status-publish","4":"has-post-thumbnail","6":"product_cat-conca-de-barbera","7":"product_cat-mas-foraster","8":"description-off","10":"first","11":"instock","12":"shipping-taxable","13":"product-type-simple"},"acf":[],"yoast_head":"<!-- This site is optimized with the Yoast SEO plugin v27.1.1 - https:\/\/yoast.com\/product\/yoast-seo-wordpress\/ -->\n<title>Josep Foraster Blanc Macabeu - DIFUSI\u00d3<\/title>\n<meta name=\"robots\" content=\"index, follow, max-snippet:-1, max-image-preview:large, max-video-preview:-1\" \/>\n<link rel=\"canonical\" href=\"https:\/\/www.difusio.cat\/es\/producto\/josep-foraster-blanc-macabeu\/\" \/>\n<meta property=\"og:locale\" content=\"es_ES\" \/>\n<meta property=\"og:type\" content=\"article\" \/>\n<meta property=\"og:title\" content=\"Josep Foraster Blanc Macabeu - DIFUSI\u00d3\" \/>\n<meta property=\"og:description\" content=\"Macabeu  Ecol\u00f2gic\" \/>\n<meta property=\"og:url\" content=\"https:\/\/www.difusio.cat\/es\/producto\/josep-foraster-blanc-macabeu\/\" \/>\n<meta property=\"og:site_name\" content=\"DIFUSI\u00d3\" \/>\n<meta property=\"article:modified_time\" content=\"2020-07-17T10:30:00+00:00\" \/>\n<meta property=\"og:image\" content=\"https:\/\/www.difusio.cat\/wp-content\/uploads\/2018\/05\/Captura-6.jpg\" \/>\n\t<meta property=\"og:image:width\" content=\"494\" \/>\n\t<meta property=\"og:image:height\" content=\"496\" \/>\n\t<meta property=\"og:image:type\" content=\"image\/jpeg\" \/>\n<meta name=\"twitter:label1\" content=\"Tiempo de lectura\" \/>\n\t<meta name=\"twitter:data1\" content=\"1 minuto\" \/>\n<script type=\"application\/ld+json\" class=\"yoast-schema-graph\">{\"@context\":\"https:\/\/schema.org\",\"@graph\":[{\"@type\":\"WebPage\",\"@id\":\"https:\/\/www.difusio.cat\/es\/producto\/josep-foraster-blanc-macabeu\/\",\"url\":\"https:\/\/www.difusio.cat\/es\/producto\/josep-foraster-blanc-macabeu\/\",\"name\":\"Josep Foraster Blanc Macabeu - DIFUSI\u00d3\",\"isPartOf\":{\"@id\":\"https:\/\/www.difusio.cat\/es\/#website\"},\"primaryImageOfPage\":{\"@id\":\"https:\/\/www.difusio.cat\/es\/producto\/josep-foraster-blanc-macabeu\/#primaryimage\"},\"image\":{\"@id\":\"https:\/\/www.difusio.cat\/es\/producto\/josep-foraster-blanc-macabeu\/#primaryimage\"},\"thumbnailUrl\":\"https:\/\/www.difusio.cat\/wp-content\/uploads\/2018\/05\/Captura-6.jpg\",\"datePublished\":\"2018-05-15T08:57:50+00:00\",\"dateModified\":\"2020-07-17T10:30:00+00:00\",\"breadcrumb\":{\"@id\":\"https:\/\/www.difusio.cat\/es\/producto\/josep-foraster-blanc-macabeu\/#breadcrumb\"},\"inLanguage\":\"es\",\"potentialAction\":[{\"@type\":\"ReadAction\",\"target\":[\"https:\/\/www.difusio.cat\/es\/producto\/josep-foraster-blanc-macabeu\/\"]}]},{\"@type\":\"ImageObject\",\"inLanguage\":\"es\",\"@id\":\"https:\/\/www.difusio.cat\/es\/producto\/josep-foraster-blanc-macabeu\/#primaryimage\",\"url\":\"https:\/\/www.difusio.cat\/wp-content\/uploads\/2018\/05\/Captura-6.jpg\",\"contentUrl\":\"https:\/\/www.difusio.cat\/wp-content\/uploads\/2018\/05\/Captura-6.jpg\",\"width\":494,\"height\":496},{\"@type\":\"BreadcrumbList\",\"@id\":\"https:\/\/www.difusio.cat\/es\/producto\/josep-foraster-blanc-macabeu\/#breadcrumb\",\"itemListElement\":[{\"@type\":\"ListItem\",\"position\":1,\"name\":\"Inici\",\"item\":\"https:\/\/www.difusio.cat\/es\/\"},{\"@type\":\"ListItem\",\"position\":2,\"name\":\"Productos\",\"item\":\"https:\/\/www.difusio.cat\/es\/shop\/\"},{\"@type\":\"ListItem\",\"position\":3,\"name\":\"Josep Foraster Blanc Macabeu\"}]},{\"@type\":\"WebSite\",\"@id\":\"https:\/\/www.difusio.cat\/es\/#website\",\"url\":\"https:\/\/www.difusio.cat\/es\/\",\"name\":\"DIFUSI\u00d3\",\"description\":\"Somos distribuidores oficiales de vinos y cavas en la zona del Montseny. Ofrecemos asesoramiento para elaborar cartas de vinos y cavas, bodega propia.\",\"publisher\":{\"@id\":\"https:\/\/www.difusio.cat\/es\/#organization\"},\"potentialAction\":[{\"@type\":\"SearchAction\",\"target\":{\"@type\":\"EntryPoint\",\"urlTemplate\":\"https:\/\/www.difusio.cat\/es\/?s={search_term_string}\"},\"query-input\":{\"@type\":\"PropertyValueSpecification\",\"valueRequired\":true,\"valueName\":\"search_term_string\"}}],\"inLanguage\":\"es\"},{\"@type\":\"Organization\",\"@id\":\"https:\/\/www.difusio.cat\/es\/#organization\",\"name\":\"Difusi\u00f3 Gastron\u00f2mica S.L.\",\"url\":\"https:\/\/www.difusio.cat\/es\/\",\"logo\":{\"@type\":\"ImageObject\",\"inLanguage\":\"es\",\"@id\":\"https:\/\/www.difusio.cat\/es\/#\/schema\/logo\/image\/\",\"url\":\"https:\/\/www.difusio.cat\/wp-content\/uploads\/2018\/06\/Color1Pantone188.jpg\",\"contentUrl\":\"https:\/\/www.difusio.cat\/wp-content\/uploads\/2018\/06\/Color1Pantone188.jpg\",\"width\":369,\"height\":539,\"caption\":\"Difusi\u00f3 Gastron\u00f2mica S.L.\"},\"image\":{\"@id\":\"https:\/\/www.difusio.cat\/es\/#\/schema\/logo\/image\/\"}}]}<\/script>\n<!-- \/ Yoast SEO plugin. -->","yoast_head_json":{"title":"Josep Foraster Blanc Macabeu - DIFUSI\u00d3","robots":{"index":"index","follow":"follow","max-snippet":"max-snippet:-1","max-image-preview":"max-image-preview:large","max-video-preview":"max-video-preview:-1"},"canonical":"https:\/\/www.difusio.cat\/es\/producto\/josep-foraster-blanc-macabeu\/","og_locale":"es_ES","og_type":"article","og_title":"Josep Foraster Blanc Macabeu - DIFUSI\u00d3","og_description":"Macabeu  Ecol\u00f2gic","og_url":"https:\/\/www.difusio.cat\/es\/producto\/josep-foraster-blanc-macabeu\/","og_site_name":"DIFUSI\u00d3","article_modified_time":"2020-07-17T10:30:00+00:00","og_image":[{"width":494,"height":496,"url":"https:\/\/www.difusio.cat\/wp-content\/uploads\/2018\/05\/Captura-6.jpg","type":"image\/jpeg"}],"twitter_misc":{"Tiempo de lectura":"1 minuto"},"schema":{"@context":"https:\/\/schema.org","@graph":[{"@type":"WebPage","@id":"https:\/\/www.difusio.cat\/es\/producto\/josep-foraster-blanc-macabeu\/","url":"https:\/\/www.difusio.cat\/es\/producto\/josep-foraster-blanc-macabeu\/","name":"Josep Foraster Blanc Macabeu - DIFUSI\u00d3","isPartOf":{"@id":"https:\/\/www.difusio.cat\/es\/#website"},"primaryImageOfPage":{"@id":"https:\/\/www.difusio.cat\/es\/producto\/josep-foraster-blanc-macabeu\/#primaryimage"},"image":{"@id":"https:\/\/www.difusio.cat\/es\/producto\/josep-foraster-blanc-macabeu\/#primaryimage"},"thumbnailUrl":"https:\/\/www.difusio.cat\/wp-content\/uploads\/2018\/05\/Captura-6.jpg","datePublished":"2018-05-15T08:57:50+00:00","dateModified":"2020-07-17T10:30:00+00:00","breadcrumb":{"@id":"https:\/\/www.difusio.cat\/es\/producto\/josep-foraster-blanc-macabeu\/#breadcrumb"},"inLanguage":"es","potentialAction":[{"@type":"ReadAction","target":["https:\/\/www.difusio.cat\/es\/producto\/josep-foraster-blanc-macabeu\/"]}]},{"@type":"ImageObject","inLanguage":"es","@id":"https:\/\/www.difusio.cat\/es\/producto\/josep-foraster-blanc-macabeu\/#primaryimage","url":"https:\/\/www.difusio.cat\/wp-content\/uploads\/2018\/05\/Captura-6.jpg","contentUrl":"https:\/\/www.difusio.cat\/wp-content\/uploads\/2018\/05\/Captura-6.jpg","width":494,"height":496},{"@type":"BreadcrumbList","@id":"https:\/\/www.difusio.cat\/es\/producto\/josep-foraster-blanc-macabeu\/#breadcrumb","itemListElement":[{"@type":"ListItem","position":1,"name":"Inici","item":"https:\/\/www.difusio.cat\/es\/"},{"@type":"ListItem","position":2,"name":"Productos","item":"https:\/\/www.difusio.cat\/es\/shop\/"},{"@type":"ListItem","position":3,"name":"Josep Foraster Blanc Macabeu"}]},{"@type":"WebSite","@id":"https:\/\/www.difusio.cat\/es\/#website","url":"https:\/\/www.difusio.cat\/es\/","name":"DIFUSI\u00d3","description":"Somos distribuidores oficiales de vinos y cavas en la zona del Montseny. Ofrecemos asesoramiento para elaborar cartas de vinos y cavas, bodega propia.","publisher":{"@id":"https:\/\/www.difusio.cat\/es\/#organization"},"potentialAction":[{"@type":"SearchAction","target":{"@type":"EntryPoint","urlTemplate":"https:\/\/www.difusio.cat\/es\/?s={search_term_string}"},"query-input":{"@type":"PropertyValueSpecification","valueRequired":true,"valueName":"search_term_string"}}],"inLanguage":"es"},{"@type":"Organization","@id":"https:\/\/www.difusio.cat\/es\/#organization","name":"Difusi\u00f3 Gastron\u00f2mica S.L.","url":"https:\/\/www.difusio.cat\/es\/","logo":{"@type":"ImageObject","inLanguage":"es","@id":"https:\/\/www.difusio.cat\/es\/#\/schema\/logo\/image\/","url":"https:\/\/www.difusio.cat\/wp-content\/uploads\/2018\/06\/Color1Pantone188.jpg","contentUrl":"https:\/\/www.difusio.cat\/wp-content\/uploads\/2018\/06\/Color1Pantone188.jpg","width":369,"height":539,"caption":"Difusi\u00f3 Gastron\u00f2mica S.L."},"image":{"@id":"https:\/\/www.difusio.cat\/es\/#\/schema\/logo\/image\/"}}]}},"_links":{"self":[{"href":"https:\/\/www.difusio.cat\/es\/wp-json\/wp\/v2\/product\/1318","targetHints":{"allow":["GET"]}}],"collection":[{"href":"https:\/\/www.difusio.cat\/es\/wp-json\/wp\/v2\/product"}],"about":[{"href":"https:\/\/www.difusio.cat\/es\/wp-json\/wp\/v2\/types\/product"}],"replies":[{"embeddable":true,"href":"https:\/\/www.difusio.cat\/es\/wp-json\/wp\/v2\/comments?post=1318"}],"wp:featuredmedia":[{"embeddable":true,"href":"https:\/\/www.difusio.cat\/es\/wp-json\/wp\/v2\/media\/3563"}],"wp:attachment":[{"href":"https:\/\/www.difusio.cat\/es\/wp-json\/wp\/v2\/media?parent=1318"}],"wp:term":[{"taxonomy":"product_brand","embeddable":true,"href":"https:\/\/www.difusio.cat\/es\/wp-json\/wp\/v2\/product_brand?post=1318"},{"taxonomy":"product_cat","embeddable":true,"href":"https:\/\/www.difusio.cat\/es\/wp-json\/wp\/v2\/product_cat?post=1318"},{"taxonomy":"product_tag","embeddable":true,"href":"https:\/\/www.difusio.cat\/es\/wp-json\/wp\/v2\/product_tag?post=1318"}],"curies":[{"name":"wp","href":"https:\/\/api.w.org\/{rel}","templated":true}]}}