{"id":1315,"date":"2018-05-15T10:46:56","date_gmt":"2018-05-15T08:46:56","guid":{"rendered":"https:\/\/www.difusio.cat\/?post_type=product&#038;p=1315"},"modified":"2020-07-17T12:27:18","modified_gmt":"2020-07-17T10:27:18","slug":"josep-foraster-blanc-seleccio","status":"publish","type":"product","link":"https:\/\/www.difusio.cat\/es\/producto\/josep-foraster-blanc-seleccio\/","title":{"rendered":"Josep Foraster Blanc Selecci\u00f3"},"content":{"rendered":"<p>Verema seleccionada en caixes de 20 kg. S&#8217;elabora amb maceraci\u00f3 pel\u00b7licular de 24 hores i posterior sagnat per gravetat i sense utilitzar la premsa. Els llevats s\u00f3n end\u00f2gens del propi ra\u00efm. Combina un 50% del most fermentat en bota de roure franc\u00e9s i un 50% en tanc d&#8217;acer inoxidable. La part fermentada en bota t\u00e9 una crian\u00e7a de 6 mesos. 100% collita pr\u00f2pia.<br \/>\nBusquem tot el volum i untuositat d&#8217;un cur\u00f3s treball sobre les seves \u00abmares\u00bb, sense que predominin les notes de fusta, combinant-lo amb la frescor que ens aporta la part que roman en el dip\u00f2sit d&#8217;acer inoxidable. Un blanc amb cos i molt potencial d&#8217;envelliment.<\/p>\n<p>50% Garnacha Blanca, 40% Macabeu i 10% Chardonnay. Cultiu ecol\u00f2gic des de 2011; en proc\u00e9s de certificaci\u00f3 CCPAE.<\/p>\n<p>S\u00f2ls calcaris amb c\u00f2dol i pissarra. Situat en els vessants assolellats de les Muntanyes de Prades.<\/p>\n<p>Vinyes de m\u00e9s de 40 anys el Macabeu\/ m\u00e9s de 15 anys la Garnatxa Blanca i el Chardonnay<\/p>\n<p>a<b>\u00a0<\/b>450 m sobre el nivell del mar.<\/p>\n<p>De un color<b>\u00a0bl<\/b>anc palla amb tons daurats, aportats per la maceraci\u00f3 i crian\u00e7a.<\/p>\n<p>Amb un aroma d fruita madura i tropical, torrat suau, c\u00edtrics, amb un fons de brioixeria i un final amb notes de fruits secs. Molt complex i original.<br \/>\nUntu\u00f3s, equilibrat, mineral; amb una acidesa sorprenent que ens allarga molt el vi i amb un post gust amb notes molt refrescants.<\/p>\n","protected":false},"excerpt":{"rendered":"<p>Garnacha Blanca<\/p>\n<p>Macabeu<\/p>\n<p>Chardonnay<\/p>\n<p>Ecol\u00f2gic<\/p>\n","protected":false},"featured_media":3561,"comment_status":"open","ping_status":"closed","template":"","meta":{"_acf_changed":false},"product_brand":[],"product_cat":[25,39],"product_tag":[],"class_list":{"0":"post-1315","1":"product","2":"type-product","3":"status-publish","4":"has-post-thumbnail","6":"product_cat-conca-de-barbera","7":"product_cat-mas-foraster","8":"description-off","10":"first","11":"instock","12":"shipping-taxable","13":"product-type-simple"},"acf":[],"yoast_head":"<!-- This site is optimized with the Yoast SEO plugin v27.1.1 - https:\/\/yoast.com\/product\/yoast-seo-wordpress\/ -->\n<title>Josep Foraster Blanc Selecci\u00f3 - DIFUSI\u00d3<\/title>\n<meta name=\"robots\" content=\"index, follow, max-snippet:-1, max-image-preview:large, max-video-preview:-1\" \/>\n<link rel=\"canonical\" href=\"https:\/\/www.difusio.cat\/es\/producto\/josep-foraster-blanc-seleccio\/\" \/>\n<meta property=\"og:locale\" content=\"es_ES\" \/>\n<meta property=\"og:type\" content=\"article\" \/>\n<meta property=\"og:title\" content=\"Josep Foraster Blanc Selecci\u00f3 - DIFUSI\u00d3\" \/>\n<meta property=\"og:description\" content=\"Garnacha Blanca  Macabeu  Chardonnay  Ecol\u00f2gic\" \/>\n<meta property=\"og:url\" content=\"https:\/\/www.difusio.cat\/es\/producto\/josep-foraster-blanc-seleccio\/\" \/>\n<meta property=\"og:site_name\" content=\"DIFUSI\u00d3\" \/>\n<meta property=\"article:modified_time\" content=\"2020-07-17T10:27:18+00:00\" \/>\n<meta property=\"og:image\" content=\"https:\/\/www.difusio.cat\/wp-content\/uploads\/2018\/05\/Captura-5.jpg\" \/>\n\t<meta property=\"og:image:width\" content=\"497\" \/>\n\t<meta property=\"og:image:height\" content=\"497\" \/>\n\t<meta property=\"og:image:type\" content=\"image\/jpeg\" \/>\n<meta name=\"twitter:label1\" content=\"Tiempo de lectura\" \/>\n\t<meta name=\"twitter:data1\" content=\"1 minuto\" \/>\n<script type=\"application\/ld+json\" class=\"yoast-schema-graph\">{\"@context\":\"https:\/\/schema.org\",\"@graph\":[{\"@type\":\"WebPage\",\"@id\":\"https:\/\/www.difusio.cat\/es\/producto\/josep-foraster-blanc-seleccio\/\",\"url\":\"https:\/\/www.difusio.cat\/es\/producto\/josep-foraster-blanc-seleccio\/\",\"name\":\"Josep Foraster Blanc Selecci\u00f3 - DIFUSI\u00d3\",\"isPartOf\":{\"@id\":\"https:\/\/www.difusio.cat\/es\/#website\"},\"primaryImageOfPage\":{\"@id\":\"https:\/\/www.difusio.cat\/es\/producto\/josep-foraster-blanc-seleccio\/#primaryimage\"},\"image\":{\"@id\":\"https:\/\/www.difusio.cat\/es\/producto\/josep-foraster-blanc-seleccio\/#primaryimage\"},\"thumbnailUrl\":\"https:\/\/www.difusio.cat\/wp-content\/uploads\/2018\/05\/Captura-5.jpg\",\"datePublished\":\"2018-05-15T08:46:56+00:00\",\"dateModified\":\"2020-07-17T10:27:18+00:00\",\"breadcrumb\":{\"@id\":\"https:\/\/www.difusio.cat\/es\/producto\/josep-foraster-blanc-seleccio\/#breadcrumb\"},\"inLanguage\":\"es\",\"potentialAction\":[{\"@type\":\"ReadAction\",\"target\":[\"https:\/\/www.difusio.cat\/es\/producto\/josep-foraster-blanc-seleccio\/\"]}]},{\"@type\":\"ImageObject\",\"inLanguage\":\"es\",\"@id\":\"https:\/\/www.difusio.cat\/es\/producto\/josep-foraster-blanc-seleccio\/#primaryimage\",\"url\":\"https:\/\/www.difusio.cat\/wp-content\/uploads\/2018\/05\/Captura-5.jpg\",\"contentUrl\":\"https:\/\/www.difusio.cat\/wp-content\/uploads\/2018\/05\/Captura-5.jpg\",\"width\":497,\"height\":497},{\"@type\":\"BreadcrumbList\",\"@id\":\"https:\/\/www.difusio.cat\/es\/producto\/josep-foraster-blanc-seleccio\/#breadcrumb\",\"itemListElement\":[{\"@type\":\"ListItem\",\"position\":1,\"name\":\"Inici\",\"item\":\"https:\/\/www.difusio.cat\/es\/\"},{\"@type\":\"ListItem\",\"position\":2,\"name\":\"Productos\",\"item\":\"https:\/\/www.difusio.cat\/es\/shop\/\"},{\"@type\":\"ListItem\",\"position\":3,\"name\":\"Josep Foraster Blanc Selecci\u00f3\"}]},{\"@type\":\"WebSite\",\"@id\":\"https:\/\/www.difusio.cat\/es\/#website\",\"url\":\"https:\/\/www.difusio.cat\/es\/\",\"name\":\"DIFUSI\u00d3\",\"description\":\"Somos distribuidores oficiales de vinos y cavas en la zona del Montseny. Ofrecemos asesoramiento para elaborar cartas de vinos y cavas, bodega propia.\",\"publisher\":{\"@id\":\"https:\/\/www.difusio.cat\/es\/#organization\"},\"potentialAction\":[{\"@type\":\"SearchAction\",\"target\":{\"@type\":\"EntryPoint\",\"urlTemplate\":\"https:\/\/www.difusio.cat\/es\/?s={search_term_string}\"},\"query-input\":{\"@type\":\"PropertyValueSpecification\",\"valueRequired\":true,\"valueName\":\"search_term_string\"}}],\"inLanguage\":\"es\"},{\"@type\":\"Organization\",\"@id\":\"https:\/\/www.difusio.cat\/es\/#organization\",\"name\":\"Difusi\u00f3 Gastron\u00f2mica S.L.\",\"url\":\"https:\/\/www.difusio.cat\/es\/\",\"logo\":{\"@type\":\"ImageObject\",\"inLanguage\":\"es\",\"@id\":\"https:\/\/www.difusio.cat\/es\/#\/schema\/logo\/image\/\",\"url\":\"https:\/\/www.difusio.cat\/wp-content\/uploads\/2018\/06\/Color1Pantone188.jpg\",\"contentUrl\":\"https:\/\/www.difusio.cat\/wp-content\/uploads\/2018\/06\/Color1Pantone188.jpg\",\"width\":369,\"height\":539,\"caption\":\"Difusi\u00f3 Gastron\u00f2mica S.L.\"},\"image\":{\"@id\":\"https:\/\/www.difusio.cat\/es\/#\/schema\/logo\/image\/\"}}]}<\/script>\n<!-- \/ Yoast SEO plugin. -->","yoast_head_json":{"title":"Josep Foraster Blanc Selecci\u00f3 - DIFUSI\u00d3","robots":{"index":"index","follow":"follow","max-snippet":"max-snippet:-1","max-image-preview":"max-image-preview:large","max-video-preview":"max-video-preview:-1"},"canonical":"https:\/\/www.difusio.cat\/es\/producto\/josep-foraster-blanc-seleccio\/","og_locale":"es_ES","og_type":"article","og_title":"Josep Foraster Blanc Selecci\u00f3 - DIFUSI\u00d3","og_description":"Garnacha Blanca  Macabeu  Chardonnay  Ecol\u00f2gic","og_url":"https:\/\/www.difusio.cat\/es\/producto\/josep-foraster-blanc-seleccio\/","og_site_name":"DIFUSI\u00d3","article_modified_time":"2020-07-17T10:27:18+00:00","og_image":[{"width":497,"height":497,"url":"https:\/\/www.difusio.cat\/wp-content\/uploads\/2018\/05\/Captura-5.jpg","type":"image\/jpeg"}],"twitter_misc":{"Tiempo de lectura":"1 minuto"},"schema":{"@context":"https:\/\/schema.org","@graph":[{"@type":"WebPage","@id":"https:\/\/www.difusio.cat\/es\/producto\/josep-foraster-blanc-seleccio\/","url":"https:\/\/www.difusio.cat\/es\/producto\/josep-foraster-blanc-seleccio\/","name":"Josep Foraster Blanc Selecci\u00f3 - DIFUSI\u00d3","isPartOf":{"@id":"https:\/\/www.difusio.cat\/es\/#website"},"primaryImageOfPage":{"@id":"https:\/\/www.difusio.cat\/es\/producto\/josep-foraster-blanc-seleccio\/#primaryimage"},"image":{"@id":"https:\/\/www.difusio.cat\/es\/producto\/josep-foraster-blanc-seleccio\/#primaryimage"},"thumbnailUrl":"https:\/\/www.difusio.cat\/wp-content\/uploads\/2018\/05\/Captura-5.jpg","datePublished":"2018-05-15T08:46:56+00:00","dateModified":"2020-07-17T10:27:18+00:00","breadcrumb":{"@id":"https:\/\/www.difusio.cat\/es\/producto\/josep-foraster-blanc-seleccio\/#breadcrumb"},"inLanguage":"es","potentialAction":[{"@type":"ReadAction","target":["https:\/\/www.difusio.cat\/es\/producto\/josep-foraster-blanc-seleccio\/"]}]},{"@type":"ImageObject","inLanguage":"es","@id":"https:\/\/www.difusio.cat\/es\/producto\/josep-foraster-blanc-seleccio\/#primaryimage","url":"https:\/\/www.difusio.cat\/wp-content\/uploads\/2018\/05\/Captura-5.jpg","contentUrl":"https:\/\/www.difusio.cat\/wp-content\/uploads\/2018\/05\/Captura-5.jpg","width":497,"height":497},{"@type":"BreadcrumbList","@id":"https:\/\/www.difusio.cat\/es\/producto\/josep-foraster-blanc-seleccio\/#breadcrumb","itemListElement":[{"@type":"ListItem","position":1,"name":"Inici","item":"https:\/\/www.difusio.cat\/es\/"},{"@type":"ListItem","position":2,"name":"Productos","item":"https:\/\/www.difusio.cat\/es\/shop\/"},{"@type":"ListItem","position":3,"name":"Josep Foraster Blanc Selecci\u00f3"}]},{"@type":"WebSite","@id":"https:\/\/www.difusio.cat\/es\/#website","url":"https:\/\/www.difusio.cat\/es\/","name":"DIFUSI\u00d3","description":"Somos distribuidores oficiales de vinos y cavas en la zona del Montseny. Ofrecemos asesoramiento para elaborar cartas de vinos y cavas, bodega propia.","publisher":{"@id":"https:\/\/www.difusio.cat\/es\/#organization"},"potentialAction":[{"@type":"SearchAction","target":{"@type":"EntryPoint","urlTemplate":"https:\/\/www.difusio.cat\/es\/?s={search_term_string}"},"query-input":{"@type":"PropertyValueSpecification","valueRequired":true,"valueName":"search_term_string"}}],"inLanguage":"es"},{"@type":"Organization","@id":"https:\/\/www.difusio.cat\/es\/#organization","name":"Difusi\u00f3 Gastron\u00f2mica S.L.","url":"https:\/\/www.difusio.cat\/es\/","logo":{"@type":"ImageObject","inLanguage":"es","@id":"https:\/\/www.difusio.cat\/es\/#\/schema\/logo\/image\/","url":"https:\/\/www.difusio.cat\/wp-content\/uploads\/2018\/06\/Color1Pantone188.jpg","contentUrl":"https:\/\/www.difusio.cat\/wp-content\/uploads\/2018\/06\/Color1Pantone188.jpg","width":369,"height":539,"caption":"Difusi\u00f3 Gastron\u00f2mica S.L."},"image":{"@id":"https:\/\/www.difusio.cat\/es\/#\/schema\/logo\/image\/"}}]}},"_links":{"self":[{"href":"https:\/\/www.difusio.cat\/es\/wp-json\/wp\/v2\/product\/1315","targetHints":{"allow":["GET"]}}],"collection":[{"href":"https:\/\/www.difusio.cat\/es\/wp-json\/wp\/v2\/product"}],"about":[{"href":"https:\/\/www.difusio.cat\/es\/wp-json\/wp\/v2\/types\/product"}],"replies":[{"embeddable":true,"href":"https:\/\/www.difusio.cat\/es\/wp-json\/wp\/v2\/comments?post=1315"}],"wp:featuredmedia":[{"embeddable":true,"href":"https:\/\/www.difusio.cat\/es\/wp-json\/wp\/v2\/media\/3561"}],"wp:attachment":[{"href":"https:\/\/www.difusio.cat\/es\/wp-json\/wp\/v2\/media?parent=1315"}],"wp:term":[{"taxonomy":"product_brand","embeddable":true,"href":"https:\/\/www.difusio.cat\/es\/wp-json\/wp\/v2\/product_brand?post=1315"},{"taxonomy":"product_cat","embeddable":true,"href":"https:\/\/www.difusio.cat\/es\/wp-json\/wp\/v2\/product_cat?post=1315"},{"taxonomy":"product_tag","embeddable":true,"href":"https:\/\/www.difusio.cat\/es\/wp-json\/wp\/v2\/product_tag?post=1315"}],"curies":[{"name":"wp","href":"https:\/\/api.w.org\/{rel}","templated":true}]}}