{"id":1094,"date":"2018-05-02T18:32:04","date_gmt":"2018-05-02T16:32:04","guid":{"rendered":"https:\/\/www.difusio.cat\/?post_type=product&#038;p=1094"},"modified":"2020-07-20T10:55:08","modified_gmt":"2020-07-20T08:55:08","slug":"corimbo-2","status":"publish","type":"product","link":"https:\/\/www.difusio.cat\/es\/producto\/corimbo-2\/","title":{"rendered":"Corimbo"},"content":{"rendered":"<p>&nbsp;<\/p>\n<p>Petites parcel\u00b7les a La Horra, Roa i pobles ve\u00efns.(Burgos)<\/p>\n<p>Ceps en vas Vinyes de 20 anys de mitjana<\/p>\n<p>&nbsp;<\/p>\n<p>&nbsp;<\/p>\n<p>Verema manual amb taula de selecci\u00f3.<\/p>\n<p>&nbsp;<\/p>\n<p>Elaboraci\u00f3n:<\/p>\n<p>Fermentaci\u00f3 alcoh\u00f3lica expont\u00e1nia en dip\u00f2sit d&#8217;acer inox., fermentaci\u00f3 malol\u00e0ctica en tinas de roure franc\u00e8s.<\/p>\n<p>Crian\u00e7a:<\/p>\n<p>14 mesos en barrica, 80% roure franc\u00e8s y 20% roure americ\u00e0.<\/p>\n<p>Color:<\/p>\n<p>Roig una mica m\u00e9s obert de lo habitual.<\/p>\n<p>Nas:<\/p>\n<p>Fruita vermella molt fresca, incl\u00f2s algunes notes florals.<\/p>\n<p>Boca:<\/p>\n<p>De volumen m\u00e0xim amb mucha fruita vermella fresca.<\/p>\n<dl>\n<dt>De bon tan\u00ed encara, presente per\u00f2 que es va suavitzant en empolla.<\/dt>\n<\/dl>\n<p>Llarg amb persist\u00e8ncia de fruita fresca.<\/p>\n<dl>\n<dt>Bona \u00a0acidez.<\/dt>\n<\/dl>\n<p>&nbsp;<\/p>\n<p>&nbsp;<\/p>\n","protected":false},"excerpt":{"rendered":"<p>Tinta del Pa\u00eds (Tempranillo)<\/p>\n<p>12 mesos crian\u00e7a<\/p>\n","protected":false},"featured_media":3612,"comment_status":"open","ping_status":"closed","template":"","meta":{"_acf_changed":false},"product_brand":[],"product_cat":[28,38],"product_tag":[],"class_list":{"0":"post-1094","1":"product","2":"type-product","3":"status-publish","4":"has-post-thumbnail","6":"product_cat-ribera-del-duero","7":"product_cat-la-horra","8":"description-off","10":"first","11":"instock","12":"shipping-taxable","13":"product-type-simple"},"acf":[],"yoast_head":"<!-- This site is optimized with the Yoast SEO plugin v27.1.1 - https:\/\/yoast.com\/product\/yoast-seo-wordpress\/ -->\n<title>Corimbo - DIFUSI\u00d3<\/title>\n<meta name=\"robots\" content=\"index, follow, max-snippet:-1, max-image-preview:large, max-video-preview:-1\" \/>\n<link rel=\"canonical\" href=\"https:\/\/www.difusio.cat\/es\/producto\/corimbo-2\/\" \/>\n<meta property=\"og:locale\" content=\"es_ES\" \/>\n<meta property=\"og:type\" content=\"article\" \/>\n<meta property=\"og:title\" content=\"Corimbo - DIFUSI\u00d3\" \/>\n<meta property=\"og:description\" content=\"Tinta del Pa\u00eds (Tempranillo)  12 mesos crian\u00e7a\" \/>\n<meta property=\"og:url\" content=\"https:\/\/www.difusio.cat\/es\/producto\/corimbo-2\/\" \/>\n<meta property=\"og:site_name\" content=\"DIFUSI\u00d3\" \/>\n<meta property=\"article:modified_time\" content=\"2020-07-20T08:55:08+00:00\" \/>\n<meta property=\"og:image\" content=\"https:\/\/www.difusio.cat\/wp-content\/uploads\/2018\/05\/Captura-14.jpg\" \/>\n\t<meta property=\"og:image:width\" content=\"495\" \/>\n\t<meta property=\"og:image:height\" content=\"497\" \/>\n\t<meta property=\"og:image:type\" content=\"image\/jpeg\" \/>\n<meta name=\"twitter:label1\" content=\"Tiempo de lectura\" \/>\n\t<meta name=\"twitter:data1\" content=\"1 minuto\" \/>\n<script type=\"application\/ld+json\" class=\"yoast-schema-graph\">{\"@context\":\"https:\/\/schema.org\",\"@graph\":[{\"@type\":\"WebPage\",\"@id\":\"https:\/\/www.difusio.cat\/es\/producto\/corimbo-2\/\",\"url\":\"https:\/\/www.difusio.cat\/es\/producto\/corimbo-2\/\",\"name\":\"Corimbo - DIFUSI\u00d3\",\"isPartOf\":{\"@id\":\"https:\/\/www.difusio.cat\/es\/#website\"},\"primaryImageOfPage\":{\"@id\":\"https:\/\/www.difusio.cat\/es\/producto\/corimbo-2\/#primaryimage\"},\"image\":{\"@id\":\"https:\/\/www.difusio.cat\/es\/producto\/corimbo-2\/#primaryimage\"},\"thumbnailUrl\":\"https:\/\/www.difusio.cat\/wp-content\/uploads\/2018\/05\/Captura-14.jpg\",\"datePublished\":\"2018-05-02T16:32:04+00:00\",\"dateModified\":\"2020-07-20T08:55:08+00:00\",\"breadcrumb\":{\"@id\":\"https:\/\/www.difusio.cat\/es\/producto\/corimbo-2\/#breadcrumb\"},\"inLanguage\":\"es\",\"potentialAction\":[{\"@type\":\"ReadAction\",\"target\":[\"https:\/\/www.difusio.cat\/es\/producto\/corimbo-2\/\"]}]},{\"@type\":\"ImageObject\",\"inLanguage\":\"es\",\"@id\":\"https:\/\/www.difusio.cat\/es\/producto\/corimbo-2\/#primaryimage\",\"url\":\"https:\/\/www.difusio.cat\/wp-content\/uploads\/2018\/05\/Captura-14.jpg\",\"contentUrl\":\"https:\/\/www.difusio.cat\/wp-content\/uploads\/2018\/05\/Captura-14.jpg\",\"width\":495,\"height\":497},{\"@type\":\"BreadcrumbList\",\"@id\":\"https:\/\/www.difusio.cat\/es\/producto\/corimbo-2\/#breadcrumb\",\"itemListElement\":[{\"@type\":\"ListItem\",\"position\":1,\"name\":\"Inici\",\"item\":\"https:\/\/www.difusio.cat\/es\/\"},{\"@type\":\"ListItem\",\"position\":2,\"name\":\"Productos\",\"item\":\"https:\/\/www.difusio.cat\/es\/shop\/\"},{\"@type\":\"ListItem\",\"position\":3,\"name\":\"Corimbo\"}]},{\"@type\":\"WebSite\",\"@id\":\"https:\/\/www.difusio.cat\/es\/#website\",\"url\":\"https:\/\/www.difusio.cat\/es\/\",\"name\":\"DIFUSI\u00d3\",\"description\":\"Somos distribuidores oficiales de vinos y cavas en la zona del Montseny. Ofrecemos asesoramiento para elaborar cartas de vinos y cavas, bodega propia.\",\"publisher\":{\"@id\":\"https:\/\/www.difusio.cat\/es\/#organization\"},\"potentialAction\":[{\"@type\":\"SearchAction\",\"target\":{\"@type\":\"EntryPoint\",\"urlTemplate\":\"https:\/\/www.difusio.cat\/es\/?s={search_term_string}\"},\"query-input\":{\"@type\":\"PropertyValueSpecification\",\"valueRequired\":true,\"valueName\":\"search_term_string\"}}],\"inLanguage\":\"es\"},{\"@type\":\"Organization\",\"@id\":\"https:\/\/www.difusio.cat\/es\/#organization\",\"name\":\"Difusi\u00f3 Gastron\u00f2mica S.L.\",\"url\":\"https:\/\/www.difusio.cat\/es\/\",\"logo\":{\"@type\":\"ImageObject\",\"inLanguage\":\"es\",\"@id\":\"https:\/\/www.difusio.cat\/es\/#\/schema\/logo\/image\/\",\"url\":\"https:\/\/www.difusio.cat\/wp-content\/uploads\/2018\/06\/Color1Pantone188.jpg\",\"contentUrl\":\"https:\/\/www.difusio.cat\/wp-content\/uploads\/2018\/06\/Color1Pantone188.jpg\",\"width\":369,\"height\":539,\"caption\":\"Difusi\u00f3 Gastron\u00f2mica S.L.\"},\"image\":{\"@id\":\"https:\/\/www.difusio.cat\/es\/#\/schema\/logo\/image\/\"}}]}<\/script>\n<!-- \/ Yoast SEO plugin. -->","yoast_head_json":{"title":"Corimbo - DIFUSI\u00d3","robots":{"index":"index","follow":"follow","max-snippet":"max-snippet:-1","max-image-preview":"max-image-preview:large","max-video-preview":"max-video-preview:-1"},"canonical":"https:\/\/www.difusio.cat\/es\/producto\/corimbo-2\/","og_locale":"es_ES","og_type":"article","og_title":"Corimbo - DIFUSI\u00d3","og_description":"Tinta del Pa\u00eds (Tempranillo)  12 mesos crian\u00e7a","og_url":"https:\/\/www.difusio.cat\/es\/producto\/corimbo-2\/","og_site_name":"DIFUSI\u00d3","article_modified_time":"2020-07-20T08:55:08+00:00","og_image":[{"width":495,"height":497,"url":"https:\/\/www.difusio.cat\/wp-content\/uploads\/2018\/05\/Captura-14.jpg","type":"image\/jpeg"}],"twitter_misc":{"Tiempo de lectura":"1 minuto"},"schema":{"@context":"https:\/\/schema.org","@graph":[{"@type":"WebPage","@id":"https:\/\/www.difusio.cat\/es\/producto\/corimbo-2\/","url":"https:\/\/www.difusio.cat\/es\/producto\/corimbo-2\/","name":"Corimbo - DIFUSI\u00d3","isPartOf":{"@id":"https:\/\/www.difusio.cat\/es\/#website"},"primaryImageOfPage":{"@id":"https:\/\/www.difusio.cat\/es\/producto\/corimbo-2\/#primaryimage"},"image":{"@id":"https:\/\/www.difusio.cat\/es\/producto\/corimbo-2\/#primaryimage"},"thumbnailUrl":"https:\/\/www.difusio.cat\/wp-content\/uploads\/2018\/05\/Captura-14.jpg","datePublished":"2018-05-02T16:32:04+00:00","dateModified":"2020-07-20T08:55:08+00:00","breadcrumb":{"@id":"https:\/\/www.difusio.cat\/es\/producto\/corimbo-2\/#breadcrumb"},"inLanguage":"es","potentialAction":[{"@type":"ReadAction","target":["https:\/\/www.difusio.cat\/es\/producto\/corimbo-2\/"]}]},{"@type":"ImageObject","inLanguage":"es","@id":"https:\/\/www.difusio.cat\/es\/producto\/corimbo-2\/#primaryimage","url":"https:\/\/www.difusio.cat\/wp-content\/uploads\/2018\/05\/Captura-14.jpg","contentUrl":"https:\/\/www.difusio.cat\/wp-content\/uploads\/2018\/05\/Captura-14.jpg","width":495,"height":497},{"@type":"BreadcrumbList","@id":"https:\/\/www.difusio.cat\/es\/producto\/corimbo-2\/#breadcrumb","itemListElement":[{"@type":"ListItem","position":1,"name":"Inici","item":"https:\/\/www.difusio.cat\/es\/"},{"@type":"ListItem","position":2,"name":"Productos","item":"https:\/\/www.difusio.cat\/es\/shop\/"},{"@type":"ListItem","position":3,"name":"Corimbo"}]},{"@type":"WebSite","@id":"https:\/\/www.difusio.cat\/es\/#website","url":"https:\/\/www.difusio.cat\/es\/","name":"DIFUSI\u00d3","description":"Somos distribuidores oficiales de vinos y cavas en la zona del Montseny. Ofrecemos asesoramiento para elaborar cartas de vinos y cavas, bodega propia.","publisher":{"@id":"https:\/\/www.difusio.cat\/es\/#organization"},"potentialAction":[{"@type":"SearchAction","target":{"@type":"EntryPoint","urlTemplate":"https:\/\/www.difusio.cat\/es\/?s={search_term_string}"},"query-input":{"@type":"PropertyValueSpecification","valueRequired":true,"valueName":"search_term_string"}}],"inLanguage":"es"},{"@type":"Organization","@id":"https:\/\/www.difusio.cat\/es\/#organization","name":"Difusi\u00f3 Gastron\u00f2mica S.L.","url":"https:\/\/www.difusio.cat\/es\/","logo":{"@type":"ImageObject","inLanguage":"es","@id":"https:\/\/www.difusio.cat\/es\/#\/schema\/logo\/image\/","url":"https:\/\/www.difusio.cat\/wp-content\/uploads\/2018\/06\/Color1Pantone188.jpg","contentUrl":"https:\/\/www.difusio.cat\/wp-content\/uploads\/2018\/06\/Color1Pantone188.jpg","width":369,"height":539,"caption":"Difusi\u00f3 Gastron\u00f2mica S.L."},"image":{"@id":"https:\/\/www.difusio.cat\/es\/#\/schema\/logo\/image\/"}}]}},"_links":{"self":[{"href":"https:\/\/www.difusio.cat\/es\/wp-json\/wp\/v2\/product\/1094","targetHints":{"allow":["GET"]}}],"collection":[{"href":"https:\/\/www.difusio.cat\/es\/wp-json\/wp\/v2\/product"}],"about":[{"href":"https:\/\/www.difusio.cat\/es\/wp-json\/wp\/v2\/types\/product"}],"replies":[{"embeddable":true,"href":"https:\/\/www.difusio.cat\/es\/wp-json\/wp\/v2\/comments?post=1094"}],"wp:featuredmedia":[{"embeddable":true,"href":"https:\/\/www.difusio.cat\/es\/wp-json\/wp\/v2\/media\/3612"}],"wp:attachment":[{"href":"https:\/\/www.difusio.cat\/es\/wp-json\/wp\/v2\/media?parent=1094"}],"wp:term":[{"taxonomy":"product_brand","embeddable":true,"href":"https:\/\/www.difusio.cat\/es\/wp-json\/wp\/v2\/product_brand?post=1094"},{"taxonomy":"product_cat","embeddable":true,"href":"https:\/\/www.difusio.cat\/es\/wp-json\/wp\/v2\/product_cat?post=1094"},{"taxonomy":"product_tag","embeddable":true,"href":"https:\/\/www.difusio.cat\/es\/wp-json\/wp\/v2\/product_tag?post=1094"}],"curies":[{"name":"wp","href":"https:\/\/api.w.org\/{rel}","templated":true}]}}