{"id":1065,"date":"2018-05-02T16:17:21","date_gmt":"2018-05-02T14:17:21","guid":{"rendered":"https:\/\/www.difusio.cat\/?post_type=product&#038;p=1065"},"modified":"2019-05-30T11:09:56","modified_gmt":"2019-05-30T09:09:56","slug":"rva-de-la-musica-b-n","status":"publish","type":"product","link":"https:\/\/www.difusio.cat\/es\/producto\/rva-de-la-musica-b-n\/","title":{"rendered":"Rva, de la M\u00fasica B.N."},"content":{"rendered":"<p>Aquest cava \u00e9s un reflex de l\u00ednia de caves tradicionals, que el que busca \u00e9s el m\u00e0xim respecte a la personalitat de les varietats tradicionals: finor, eleg\u00e0ncia, frescor, equilibri\u2026 Des de la seva primera anyada, el 1988, sempre s\u2019ha elaborat sense addici\u00f3 de sucre.<\/p>\n<p>Color groc palla p\u00e0l\u00b7lida brillant. Bon despreniment de carb\u00f2nic amb bombolles de mida petita.<br \/>\nAroma delicat de poma al forn, herbes arom\u00e0tiques, crema de llimona i notes c\u00edtriques. Ampli en boca, crem\u00f3s i persistent. Delicades notes minerals potenciant la sensaci\u00f3 de frescor en boca al final.<\/p>\n<p>La nostra l\u00ednia de caves representa la nostra vinculaci\u00f3 amb Pau Casals (fill del Vendrell) i la m\u00fasica. Les bombolles tenen ritme, frescor i harmonia. Tons blaus per la proximitat del mar a les nostres vinyes, al Baix Pened\u00e8s, el Pened\u00e8s mar\u00edtim.<\/p>\n","protected":false},"excerpt":{"rendered":"<p>Macabeu<\/p>\n<p>Xarel\u00b7lo<\/p>\n<p>Parellada<\/p>\n<p>24-36 mesos crian\u00e7a<\/p>\n","protected":false},"featured_media":1068,"comment_status":"open","ping_status":"closed","template":"","meta":{"_acf_changed":false},"product_brand":[],"product_cat":[24,37],"product_tag":[],"class_list":{"0":"post-1065","1":"product","2":"type-product","3":"status-publish","4":"has-post-thumbnail","6":"product_cat-cava","7":"product_cat-jane-ventura","8":"description-off","10":"first","11":"instock","12":"shipping-taxable","13":"product-type-simple"},"acf":[],"yoast_head":"<!-- This site is optimized with the Yoast SEO plugin v27.1.1 - https:\/\/yoast.com\/product\/yoast-seo-wordpress\/ -->\n<title>Rva, de la M\u00fasica B.N. - DIFUSI\u00d3<\/title>\n<meta name=\"robots\" content=\"index, follow, max-snippet:-1, max-image-preview:large, max-video-preview:-1\" \/>\n<link rel=\"canonical\" href=\"https:\/\/www.difusio.cat\/es\/producto\/rva-de-la-musica-b-n\/\" \/>\n<meta property=\"og:locale\" content=\"es_ES\" \/>\n<meta property=\"og:type\" content=\"article\" \/>\n<meta property=\"og:title\" content=\"Rva, de la M\u00fasica B.N. - DIFUSI\u00d3\" \/>\n<meta property=\"og:description\" content=\"Macabeu  Xarel\u00b7lo  Parellada  24-36 mesos crian\u00e7a\" \/>\n<meta property=\"og:url\" content=\"https:\/\/www.difusio.cat\/es\/producto\/rva-de-la-musica-b-n\/\" \/>\n<meta property=\"og:site_name\" content=\"DIFUSI\u00d3\" \/>\n<meta property=\"article:modified_time\" content=\"2019-05-30T09:09:56+00:00\" \/>\n<meta property=\"og:image\" content=\"https:\/\/www.difusio.cat\/wp-content\/uploads\/2018\/05\/Jane-Ventura-Rv.de-la-M\u00fasica-BN.jpg\" \/>\n\t<meta property=\"og:image:width\" content=\"1000\" \/>\n\t<meta property=\"og:image:height\" content=\"1000\" \/>\n\t<meta property=\"og:image:type\" content=\"image\/jpeg\" \/>\n<meta name=\"twitter:label1\" content=\"Tiempo de lectura\" \/>\n\t<meta name=\"twitter:data1\" content=\"1 minuto\" \/>\n<script type=\"application\/ld+json\" class=\"yoast-schema-graph\">{\"@context\":\"https:\/\/schema.org\",\"@graph\":[{\"@type\":\"WebPage\",\"@id\":\"https:\/\/www.difusio.cat\/es\/producto\/rva-de-la-musica-b-n\/\",\"url\":\"https:\/\/www.difusio.cat\/es\/producto\/rva-de-la-musica-b-n\/\",\"name\":\"Rva, de la M\u00fasica B.N. - DIFUSI\u00d3\",\"isPartOf\":{\"@id\":\"https:\/\/www.difusio.cat\/es\/#website\"},\"primaryImageOfPage\":{\"@id\":\"https:\/\/www.difusio.cat\/es\/producto\/rva-de-la-musica-b-n\/#primaryimage\"},\"image\":{\"@id\":\"https:\/\/www.difusio.cat\/es\/producto\/rva-de-la-musica-b-n\/#primaryimage\"},\"thumbnailUrl\":\"https:\/\/www.difusio.cat\/wp-content\/uploads\/2018\/05\/Jane-Ventura-Rv.de-la-M\u00fasica-BN.jpg\",\"datePublished\":\"2018-05-02T14:17:21+00:00\",\"dateModified\":\"2019-05-30T09:09:56+00:00\",\"breadcrumb\":{\"@id\":\"https:\/\/www.difusio.cat\/es\/producto\/rva-de-la-musica-b-n\/#breadcrumb\"},\"inLanguage\":\"es\",\"potentialAction\":[{\"@type\":\"ReadAction\",\"target\":[\"https:\/\/www.difusio.cat\/es\/producto\/rva-de-la-musica-b-n\/\"]}]},{\"@type\":\"ImageObject\",\"inLanguage\":\"es\",\"@id\":\"https:\/\/www.difusio.cat\/es\/producto\/rva-de-la-musica-b-n\/#primaryimage\",\"url\":\"https:\/\/www.difusio.cat\/wp-content\/uploads\/2018\/05\/Jane-Ventura-Rv.de-la-M\u00fasica-BN.jpg\",\"contentUrl\":\"https:\/\/www.difusio.cat\/wp-content\/uploads\/2018\/05\/Jane-Ventura-Rv.de-la-M\u00fasica-BN.jpg\",\"width\":1000,\"height\":1000},{\"@type\":\"BreadcrumbList\",\"@id\":\"https:\/\/www.difusio.cat\/es\/producto\/rva-de-la-musica-b-n\/#breadcrumb\",\"itemListElement\":[{\"@type\":\"ListItem\",\"position\":1,\"name\":\"Inici\",\"item\":\"https:\/\/www.difusio.cat\/es\/\"},{\"@type\":\"ListItem\",\"position\":2,\"name\":\"Productos\",\"item\":\"https:\/\/www.difusio.cat\/es\/shop\/\"},{\"@type\":\"ListItem\",\"position\":3,\"name\":\"Rva, de la M\u00fasica B.N.\"}]},{\"@type\":\"WebSite\",\"@id\":\"https:\/\/www.difusio.cat\/es\/#website\",\"url\":\"https:\/\/www.difusio.cat\/es\/\",\"name\":\"DIFUSI\u00d3\",\"description\":\"Somos distribuidores oficiales de vinos y cavas en la zona del Montseny. Ofrecemos asesoramiento para elaborar cartas de vinos y cavas, bodega propia.\",\"publisher\":{\"@id\":\"https:\/\/www.difusio.cat\/es\/#organization\"},\"potentialAction\":[{\"@type\":\"SearchAction\",\"target\":{\"@type\":\"EntryPoint\",\"urlTemplate\":\"https:\/\/www.difusio.cat\/es\/?s={search_term_string}\"},\"query-input\":{\"@type\":\"PropertyValueSpecification\",\"valueRequired\":true,\"valueName\":\"search_term_string\"}}],\"inLanguage\":\"es\"},{\"@type\":\"Organization\",\"@id\":\"https:\/\/www.difusio.cat\/es\/#organization\",\"name\":\"Difusi\u00f3 Gastron\u00f2mica S.L.\",\"url\":\"https:\/\/www.difusio.cat\/es\/\",\"logo\":{\"@type\":\"ImageObject\",\"inLanguage\":\"es\",\"@id\":\"https:\/\/www.difusio.cat\/es\/#\/schema\/logo\/image\/\",\"url\":\"https:\/\/www.difusio.cat\/wp-content\/uploads\/2018\/06\/Color1Pantone188.jpg\",\"contentUrl\":\"https:\/\/www.difusio.cat\/wp-content\/uploads\/2018\/06\/Color1Pantone188.jpg\",\"width\":369,\"height\":539,\"caption\":\"Difusi\u00f3 Gastron\u00f2mica S.L.\"},\"image\":{\"@id\":\"https:\/\/www.difusio.cat\/es\/#\/schema\/logo\/image\/\"}}]}<\/script>\n<!-- \/ Yoast SEO plugin. -->","yoast_head_json":{"title":"Rva, de la M\u00fasica B.N. - DIFUSI\u00d3","robots":{"index":"index","follow":"follow","max-snippet":"max-snippet:-1","max-image-preview":"max-image-preview:large","max-video-preview":"max-video-preview:-1"},"canonical":"https:\/\/www.difusio.cat\/es\/producto\/rva-de-la-musica-b-n\/","og_locale":"es_ES","og_type":"article","og_title":"Rva, de la M\u00fasica B.N. - DIFUSI\u00d3","og_description":"Macabeu  Xarel\u00b7lo  Parellada  24-36 mesos crian\u00e7a","og_url":"https:\/\/www.difusio.cat\/es\/producto\/rva-de-la-musica-b-n\/","og_site_name":"DIFUSI\u00d3","article_modified_time":"2019-05-30T09:09:56+00:00","og_image":[{"width":1000,"height":1000,"url":"https:\/\/www.difusio.cat\/wp-content\/uploads\/2018\/05\/Jane-Ventura-Rv.de-la-M\u00fasica-BN.jpg","type":"image\/jpeg"}],"twitter_misc":{"Tiempo de lectura":"1 minuto"},"schema":{"@context":"https:\/\/schema.org","@graph":[{"@type":"WebPage","@id":"https:\/\/www.difusio.cat\/es\/producto\/rva-de-la-musica-b-n\/","url":"https:\/\/www.difusio.cat\/es\/producto\/rva-de-la-musica-b-n\/","name":"Rva, de la M\u00fasica B.N. - DIFUSI\u00d3","isPartOf":{"@id":"https:\/\/www.difusio.cat\/es\/#website"},"primaryImageOfPage":{"@id":"https:\/\/www.difusio.cat\/es\/producto\/rva-de-la-musica-b-n\/#primaryimage"},"image":{"@id":"https:\/\/www.difusio.cat\/es\/producto\/rva-de-la-musica-b-n\/#primaryimage"},"thumbnailUrl":"https:\/\/www.difusio.cat\/wp-content\/uploads\/2018\/05\/Jane-Ventura-Rv.de-la-M\u00fasica-BN.jpg","datePublished":"2018-05-02T14:17:21+00:00","dateModified":"2019-05-30T09:09:56+00:00","breadcrumb":{"@id":"https:\/\/www.difusio.cat\/es\/producto\/rva-de-la-musica-b-n\/#breadcrumb"},"inLanguage":"es","potentialAction":[{"@type":"ReadAction","target":["https:\/\/www.difusio.cat\/es\/producto\/rva-de-la-musica-b-n\/"]}]},{"@type":"ImageObject","inLanguage":"es","@id":"https:\/\/www.difusio.cat\/es\/producto\/rva-de-la-musica-b-n\/#primaryimage","url":"https:\/\/www.difusio.cat\/wp-content\/uploads\/2018\/05\/Jane-Ventura-Rv.de-la-M\u00fasica-BN.jpg","contentUrl":"https:\/\/www.difusio.cat\/wp-content\/uploads\/2018\/05\/Jane-Ventura-Rv.de-la-M\u00fasica-BN.jpg","width":1000,"height":1000},{"@type":"BreadcrumbList","@id":"https:\/\/www.difusio.cat\/es\/producto\/rva-de-la-musica-b-n\/#breadcrumb","itemListElement":[{"@type":"ListItem","position":1,"name":"Inici","item":"https:\/\/www.difusio.cat\/es\/"},{"@type":"ListItem","position":2,"name":"Productos","item":"https:\/\/www.difusio.cat\/es\/shop\/"},{"@type":"ListItem","position":3,"name":"Rva, de la M\u00fasica B.N."}]},{"@type":"WebSite","@id":"https:\/\/www.difusio.cat\/es\/#website","url":"https:\/\/www.difusio.cat\/es\/","name":"DIFUSI\u00d3","description":"Somos distribuidores oficiales de vinos y cavas en la zona del Montseny. Ofrecemos asesoramiento para elaborar cartas de vinos y cavas, bodega propia.","publisher":{"@id":"https:\/\/www.difusio.cat\/es\/#organization"},"potentialAction":[{"@type":"SearchAction","target":{"@type":"EntryPoint","urlTemplate":"https:\/\/www.difusio.cat\/es\/?s={search_term_string}"},"query-input":{"@type":"PropertyValueSpecification","valueRequired":true,"valueName":"search_term_string"}}],"inLanguage":"es"},{"@type":"Organization","@id":"https:\/\/www.difusio.cat\/es\/#organization","name":"Difusi\u00f3 Gastron\u00f2mica S.L.","url":"https:\/\/www.difusio.cat\/es\/","logo":{"@type":"ImageObject","inLanguage":"es","@id":"https:\/\/www.difusio.cat\/es\/#\/schema\/logo\/image\/","url":"https:\/\/www.difusio.cat\/wp-content\/uploads\/2018\/06\/Color1Pantone188.jpg","contentUrl":"https:\/\/www.difusio.cat\/wp-content\/uploads\/2018\/06\/Color1Pantone188.jpg","width":369,"height":539,"caption":"Difusi\u00f3 Gastron\u00f2mica S.L."},"image":{"@id":"https:\/\/www.difusio.cat\/es\/#\/schema\/logo\/image\/"}}]}},"_links":{"self":[{"href":"https:\/\/www.difusio.cat\/es\/wp-json\/wp\/v2\/product\/1065","targetHints":{"allow":["GET"]}}],"collection":[{"href":"https:\/\/www.difusio.cat\/es\/wp-json\/wp\/v2\/product"}],"about":[{"href":"https:\/\/www.difusio.cat\/es\/wp-json\/wp\/v2\/types\/product"}],"replies":[{"embeddable":true,"href":"https:\/\/www.difusio.cat\/es\/wp-json\/wp\/v2\/comments?post=1065"}],"wp:featuredmedia":[{"embeddable":true,"href":"https:\/\/www.difusio.cat\/es\/wp-json\/wp\/v2\/media\/1068"}],"wp:attachment":[{"href":"https:\/\/www.difusio.cat\/es\/wp-json\/wp\/v2\/media?parent=1065"}],"wp:term":[{"taxonomy":"product_brand","embeddable":true,"href":"https:\/\/www.difusio.cat\/es\/wp-json\/wp\/v2\/product_brand?post=1065"},{"taxonomy":"product_cat","embeddable":true,"href":"https:\/\/www.difusio.cat\/es\/wp-json\/wp\/v2\/product_cat?post=1065"},{"taxonomy":"product_tag","embeddable":true,"href":"https:\/\/www.difusio.cat\/es\/wp-json\/wp\/v2\/product_tag?post=1065"}],"curies":[{"name":"wp","href":"https:\/\/api.w.org\/{rel}","templated":true}]}}