{"id":1057,"date":"2018-05-02T13:48:51","date_gmt":"2018-05-02T11:48:51","guid":{"rendered":"https:\/\/www.difusio.cat\/?post_type=product&#038;p=1057"},"modified":"2018-06-21T20:29:31","modified_gmt":"2018-06-21T18:29:31","slug":"brut-reserva","status":"publish","type":"product","link":"https:\/\/www.difusio.cat\/es\/producto\/brut-reserva\/","title":{"rendered":"Brut Reserva"},"content":{"rendered":"<p>A tota hora<\/p>\n<p>Cl\u00e0ssic Sumarroca, vinyes pr\u00f2pies, una aportaci\u00f3 m\u00ednima de chardonnay (sempre inferior al 7 %) a la tradicional mescla de macabeu, xarel\u2022lo i parellada, i una crian\u00e7a m\u00ednima de 20 mesos en rima.<\/p>\n<p>La finca Sumarroca destaca pel seu terreny pobre, calcari i amb pres\u00e8ncia de graves. La influ\u00e8ncia del mar es veu disminu\u00efda per l\u2019efecte del mass\u00eds del Garraf, que asseca les marinades, i la Serralada Prelitoral, que redueix l\u2019exc\u00e9s de vent sec procedent de l\u2019interior del pa\u00eds. Aquestes condicions donen uns vins base molt elegants, amb un afruitament equilibrat i molt frescos.<\/p>\n<p>La finca Sabart\u00e9s est\u00e0 situada a la part m\u00e9s al sud del Pened\u00e8s. El terreny \u00e9s m\u00e9s argil\u00f3s, amb pres\u00e8ncia de llims. La influ\u00e8ncia mar\u00edtima en aquesta finca \u00e9s molt alta, ja que \u00e9s a pocs quil\u00f2metres del mar. Aquest car\u00e0cter mediterrani d\u00f3na m\u00e9s afruitament al vi base.<\/p>\n<div id=\"columns-position\">\n<div id=\"columns\" class=\"float-break\">\n<div id=\"content\" class=\"secundarias\">\n<div id=\"main\" class=\"float-break\">\n<div class=\"overflow-fix\">\n<div class=\"content-view-full\">\n<div class=\"product\">\n<div class=\"secundariasWrap\">\n<div id=\"fichaCont\">\n<div id=\"FichaVertTabs\" class=\"ui-tabs ui-widget ui-widget-content ui-corner-all\">\n<div id=\"ficha-546\" class=\"fichaItem ui-tabs-panel ui-widget-content ui-corner-bottom\">\n<p>Color groc p\u00e0l\u00b7lid. Aroma molt fresca, barreja de fruita procedent del vi base amb les primeres notes de pastisseria degudes a la crian\u00e7a de dos anys del cava. En boca \u00e9s afruitat i fresc, amb una bombolla fina i agradable que s\u2019integra a la perfecci\u00f3 a l\u2019estructura del cava.<\/p>\n<\/div>\n<\/div>\n<\/div>\n<\/div>\n<\/div>\n<\/div>\n<\/div>\n<\/div>\n<\/div>\n<\/div>\n<\/div>\n<div id=\"footer\">\n<div id=\"copy\">\n<div id=\"columns-position\">\n<div id=\"columns\" class=\"float-break\">\n<div id=\"content\" class=\"secundarias\">\n<div id=\"main\" class=\"float-break\">\n<div class=\"overflow-fix\">\n<div class=\"content-view-full\">\n<div class=\"product\">\n<div class=\"secundariasWrap\">\n<div id=\"fichaCont\">\n<div id=\"FichaVertTabs\" class=\"ui-tabs ui-widget ui-widget-content ui-corner-all\">\n<div id=\"ficha-545\" class=\"fichaItem ui-tabs-panel ui-widget-content ui-corner-bottom\">\n<p>Vinificaci\u00f3 per separat segons la varietat. Desfangament est\u00e0tic durant 24 hores. Fermentaci\u00f3 en dip\u00f2sits d\u2019acer inoxidable a una temperatura de 14\u00a0\u00baC durant 18 dies. Crian\u00e7a en rima al voltant de 24 mesos.<\/p>\n<\/div>\n<\/div>\n<\/div>\n<\/div>\n<\/div>\n<\/div>\n<\/div>\n<\/div>\n<\/div>\n<\/div>\n<\/div>\n<div id=\"footer\">\n<div id=\"copy\"><\/div>\n<\/div>\n<\/div>\n<\/div>\n","protected":false},"excerpt":{"rendered":"<p>Macabeu<\/p>\n<p>Xarel\u2022lo<\/p>\n<p>Parellada<\/p>\n<p>Chardonnay<\/p>\n","protected":false},"featured_media":1058,"comment_status":"open","ping_status":"closed","template":"","meta":{"_acf_changed":false},"product_brand":[],"product_cat":[24,92],"product_tag":[],"class_list":{"0":"post-1057","1":"product","2":"type-product","3":"status-publish","4":"has-post-thumbnail","6":"product_cat-cava","7":"product_cat-sumarroca-2","8":"description-off","10":"first","11":"instock","12":"shipping-taxable","13":"product-type-simple"},"acf":[],"yoast_head":"<!-- This site is optimized with the Yoast SEO plugin v27.1.1 - https:\/\/yoast.com\/product\/yoast-seo-wordpress\/ -->\n<title>Brut Reserva - DIFUSI\u00d3<\/title>\n<meta name=\"robots\" content=\"index, follow, max-snippet:-1, max-image-preview:large, max-video-preview:-1\" \/>\n<link rel=\"canonical\" href=\"https:\/\/www.difusio.cat\/es\/producto\/brut-reserva\/\" \/>\n<meta property=\"og:locale\" content=\"es_ES\" \/>\n<meta property=\"og:type\" content=\"article\" \/>\n<meta property=\"og:title\" content=\"Brut Reserva - DIFUSI\u00d3\" \/>\n<meta property=\"og:description\" content=\"Macabeu  Xarel\u2022lo  Parellada  Chardonnay\" \/>\n<meta property=\"og:url\" content=\"https:\/\/www.difusio.cat\/es\/producto\/brut-reserva\/\" \/>\n<meta property=\"og:site_name\" content=\"DIFUSI\u00d3\" \/>\n<meta property=\"article:modified_time\" content=\"2018-06-21T18:29:31+00:00\" \/>\n<meta property=\"og:image\" content=\"https:\/\/www.difusio.cat\/wp-content\/uploads\/2018\/05\/Sumarroca-Brut-Rv.jpg\" \/>\n\t<meta property=\"og:image:width\" content=\"1000\" \/>\n\t<meta property=\"og:image:height\" content=\"1000\" \/>\n\t<meta property=\"og:image:type\" content=\"image\/jpeg\" \/>\n<meta name=\"twitter:label1\" content=\"Tiempo de lectura\" \/>\n\t<meta name=\"twitter:data1\" content=\"1 minuto\" \/>\n<script type=\"application\/ld+json\" class=\"yoast-schema-graph\">{\"@context\":\"https:\/\/schema.org\",\"@graph\":[{\"@type\":\"WebPage\",\"@id\":\"https:\/\/www.difusio.cat\/es\/producto\/brut-reserva\/\",\"url\":\"https:\/\/www.difusio.cat\/es\/producto\/brut-reserva\/\",\"name\":\"Brut Reserva - DIFUSI\u00d3\",\"isPartOf\":{\"@id\":\"https:\/\/www.difusio.cat\/es\/#website\"},\"primaryImageOfPage\":{\"@id\":\"https:\/\/www.difusio.cat\/es\/producto\/brut-reserva\/#primaryimage\"},\"image\":{\"@id\":\"https:\/\/www.difusio.cat\/es\/producto\/brut-reserva\/#primaryimage\"},\"thumbnailUrl\":\"https:\/\/www.difusio.cat\/wp-content\/uploads\/2018\/05\/Sumarroca-Brut-Rv.jpg\",\"datePublished\":\"2018-05-02T11:48:51+00:00\",\"dateModified\":\"2018-06-21T18:29:31+00:00\",\"breadcrumb\":{\"@id\":\"https:\/\/www.difusio.cat\/es\/producto\/brut-reserva\/#breadcrumb\"},\"inLanguage\":\"es\",\"potentialAction\":[{\"@type\":\"ReadAction\",\"target\":[\"https:\/\/www.difusio.cat\/es\/producto\/brut-reserva\/\"]}]},{\"@type\":\"ImageObject\",\"inLanguage\":\"es\",\"@id\":\"https:\/\/www.difusio.cat\/es\/producto\/brut-reserva\/#primaryimage\",\"url\":\"https:\/\/www.difusio.cat\/wp-content\/uploads\/2018\/05\/Sumarroca-Brut-Rv.jpg\",\"contentUrl\":\"https:\/\/www.difusio.cat\/wp-content\/uploads\/2018\/05\/Sumarroca-Brut-Rv.jpg\",\"width\":1000,\"height\":1000},{\"@type\":\"BreadcrumbList\",\"@id\":\"https:\/\/www.difusio.cat\/es\/producto\/brut-reserva\/#breadcrumb\",\"itemListElement\":[{\"@type\":\"ListItem\",\"position\":1,\"name\":\"Inici\",\"item\":\"https:\/\/www.difusio.cat\/es\/\"},{\"@type\":\"ListItem\",\"position\":2,\"name\":\"Productos\",\"item\":\"https:\/\/www.difusio.cat\/es\/shop\/\"},{\"@type\":\"ListItem\",\"position\":3,\"name\":\"Brut Reserva\"}]},{\"@type\":\"WebSite\",\"@id\":\"https:\/\/www.difusio.cat\/es\/#website\",\"url\":\"https:\/\/www.difusio.cat\/es\/\",\"name\":\"DIFUSI\u00d3\",\"description\":\"Somos distribuidores oficiales de vinos y cavas en la zona del Montseny. Ofrecemos asesoramiento para elaborar cartas de vinos y cavas, bodega propia.\",\"publisher\":{\"@id\":\"https:\/\/www.difusio.cat\/es\/#organization\"},\"potentialAction\":[{\"@type\":\"SearchAction\",\"target\":{\"@type\":\"EntryPoint\",\"urlTemplate\":\"https:\/\/www.difusio.cat\/es\/?s={search_term_string}\"},\"query-input\":{\"@type\":\"PropertyValueSpecification\",\"valueRequired\":true,\"valueName\":\"search_term_string\"}}],\"inLanguage\":\"es\"},{\"@type\":\"Organization\",\"@id\":\"https:\/\/www.difusio.cat\/es\/#organization\",\"name\":\"Difusi\u00f3 Gastron\u00f2mica S.L.\",\"url\":\"https:\/\/www.difusio.cat\/es\/\",\"logo\":{\"@type\":\"ImageObject\",\"inLanguage\":\"es\",\"@id\":\"https:\/\/www.difusio.cat\/es\/#\/schema\/logo\/image\/\",\"url\":\"https:\/\/www.difusio.cat\/wp-content\/uploads\/2018\/06\/Color1Pantone188.jpg\",\"contentUrl\":\"https:\/\/www.difusio.cat\/wp-content\/uploads\/2018\/06\/Color1Pantone188.jpg\",\"width\":369,\"height\":539,\"caption\":\"Difusi\u00f3 Gastron\u00f2mica S.L.\"},\"image\":{\"@id\":\"https:\/\/www.difusio.cat\/es\/#\/schema\/logo\/image\/\"}}]}<\/script>\n<!-- \/ Yoast SEO plugin. -->","yoast_head_json":{"title":"Brut Reserva - DIFUSI\u00d3","robots":{"index":"index","follow":"follow","max-snippet":"max-snippet:-1","max-image-preview":"max-image-preview:large","max-video-preview":"max-video-preview:-1"},"canonical":"https:\/\/www.difusio.cat\/es\/producto\/brut-reserva\/","og_locale":"es_ES","og_type":"article","og_title":"Brut Reserva - DIFUSI\u00d3","og_description":"Macabeu  Xarel\u2022lo  Parellada  Chardonnay","og_url":"https:\/\/www.difusio.cat\/es\/producto\/brut-reserva\/","og_site_name":"DIFUSI\u00d3","article_modified_time":"2018-06-21T18:29:31+00:00","og_image":[{"width":1000,"height":1000,"url":"https:\/\/www.difusio.cat\/wp-content\/uploads\/2018\/05\/Sumarroca-Brut-Rv.jpg","type":"image\/jpeg"}],"twitter_misc":{"Tiempo de lectura":"1 minuto"},"schema":{"@context":"https:\/\/schema.org","@graph":[{"@type":"WebPage","@id":"https:\/\/www.difusio.cat\/es\/producto\/brut-reserva\/","url":"https:\/\/www.difusio.cat\/es\/producto\/brut-reserva\/","name":"Brut Reserva - DIFUSI\u00d3","isPartOf":{"@id":"https:\/\/www.difusio.cat\/es\/#website"},"primaryImageOfPage":{"@id":"https:\/\/www.difusio.cat\/es\/producto\/brut-reserva\/#primaryimage"},"image":{"@id":"https:\/\/www.difusio.cat\/es\/producto\/brut-reserva\/#primaryimage"},"thumbnailUrl":"https:\/\/www.difusio.cat\/wp-content\/uploads\/2018\/05\/Sumarroca-Brut-Rv.jpg","datePublished":"2018-05-02T11:48:51+00:00","dateModified":"2018-06-21T18:29:31+00:00","breadcrumb":{"@id":"https:\/\/www.difusio.cat\/es\/producto\/brut-reserva\/#breadcrumb"},"inLanguage":"es","potentialAction":[{"@type":"ReadAction","target":["https:\/\/www.difusio.cat\/es\/producto\/brut-reserva\/"]}]},{"@type":"ImageObject","inLanguage":"es","@id":"https:\/\/www.difusio.cat\/es\/producto\/brut-reserva\/#primaryimage","url":"https:\/\/www.difusio.cat\/wp-content\/uploads\/2018\/05\/Sumarroca-Brut-Rv.jpg","contentUrl":"https:\/\/www.difusio.cat\/wp-content\/uploads\/2018\/05\/Sumarroca-Brut-Rv.jpg","width":1000,"height":1000},{"@type":"BreadcrumbList","@id":"https:\/\/www.difusio.cat\/es\/producto\/brut-reserva\/#breadcrumb","itemListElement":[{"@type":"ListItem","position":1,"name":"Inici","item":"https:\/\/www.difusio.cat\/es\/"},{"@type":"ListItem","position":2,"name":"Productos","item":"https:\/\/www.difusio.cat\/es\/shop\/"},{"@type":"ListItem","position":3,"name":"Brut Reserva"}]},{"@type":"WebSite","@id":"https:\/\/www.difusio.cat\/es\/#website","url":"https:\/\/www.difusio.cat\/es\/","name":"DIFUSI\u00d3","description":"Somos distribuidores oficiales de vinos y cavas en la zona del Montseny. Ofrecemos asesoramiento para elaborar cartas de vinos y cavas, bodega propia.","publisher":{"@id":"https:\/\/www.difusio.cat\/es\/#organization"},"potentialAction":[{"@type":"SearchAction","target":{"@type":"EntryPoint","urlTemplate":"https:\/\/www.difusio.cat\/es\/?s={search_term_string}"},"query-input":{"@type":"PropertyValueSpecification","valueRequired":true,"valueName":"search_term_string"}}],"inLanguage":"es"},{"@type":"Organization","@id":"https:\/\/www.difusio.cat\/es\/#organization","name":"Difusi\u00f3 Gastron\u00f2mica S.L.","url":"https:\/\/www.difusio.cat\/es\/","logo":{"@type":"ImageObject","inLanguage":"es","@id":"https:\/\/www.difusio.cat\/es\/#\/schema\/logo\/image\/","url":"https:\/\/www.difusio.cat\/wp-content\/uploads\/2018\/06\/Color1Pantone188.jpg","contentUrl":"https:\/\/www.difusio.cat\/wp-content\/uploads\/2018\/06\/Color1Pantone188.jpg","width":369,"height":539,"caption":"Difusi\u00f3 Gastron\u00f2mica S.L."},"image":{"@id":"https:\/\/www.difusio.cat\/es\/#\/schema\/logo\/image\/"}}]}},"_links":{"self":[{"href":"https:\/\/www.difusio.cat\/es\/wp-json\/wp\/v2\/product\/1057","targetHints":{"allow":["GET"]}}],"collection":[{"href":"https:\/\/www.difusio.cat\/es\/wp-json\/wp\/v2\/product"}],"about":[{"href":"https:\/\/www.difusio.cat\/es\/wp-json\/wp\/v2\/types\/product"}],"replies":[{"embeddable":true,"href":"https:\/\/www.difusio.cat\/es\/wp-json\/wp\/v2\/comments?post=1057"}],"wp:featuredmedia":[{"embeddable":true,"href":"https:\/\/www.difusio.cat\/es\/wp-json\/wp\/v2\/media\/1058"}],"wp:attachment":[{"href":"https:\/\/www.difusio.cat\/es\/wp-json\/wp\/v2\/media?parent=1057"}],"wp:term":[{"taxonomy":"product_brand","embeddable":true,"href":"https:\/\/www.difusio.cat\/es\/wp-json\/wp\/v2\/product_brand?post=1057"},{"taxonomy":"product_cat","embeddable":true,"href":"https:\/\/www.difusio.cat\/es\/wp-json\/wp\/v2\/product_cat?post=1057"},{"taxonomy":"product_tag","embeddable":true,"href":"https:\/\/www.difusio.cat\/es\/wp-json\/wp\/v2\/product_tag?post=1057"}],"curies":[{"name":"wp","href":"https:\/\/api.w.org\/{rel}","templated":true}]}}