{"id":1022,"date":"2018-05-02T10:54:37","date_gmt":"2018-05-02T08:54:37","guid":{"rendered":"https:\/\/www.difusio.cat\/?post_type=product&#038;p=1022"},"modified":"2020-03-16T19:14:08","modified_gmt":"2020-03-16T18:14:08","slug":"de-cap-a-peus","status":"publish","type":"product","link":"https:\/\/www.difusio.cat\/es\/producto\/de-cap-a-peus\/","title":{"rendered":"De Cap a Peus"},"content":{"rendered":"<p>De cap a peus, un vi \u00edntegre com indica el seu nom, aut\u00f2cton i aut\u00e8ntic.<br \/>\nDe clima particular, influenciat per les brises humides de la marinada i protegit per les muntanyes de les Alberes que proporcionen frescor.<\/p>\n<p>Una zona amb pocs recursos d\u2019aigua, amb un tipus de sol d\u2019argila i pissarra que ajuden a conservar aquest microclima per arribar a la maduraci\u00f3 \u00f2ptima del ra\u00efm.<\/p>\n<p>D\u2019aquesta manera aconseguim vins molt expressius i rics mineralment amb forts aromes propis de les varietats, sempre seguint criteris racionals de poda, quilos de ra\u00efm per cep i moment \u00f2ptim de verema.<br \/>\nFet amb un 60% de Garnatxa blanca i un 40% de Macabeu de la zona de Garriguella a l\u2019Alt Empord\u00e0.<br \/>\nUn 20% del vi passa per fusta de roure franc\u00e8s durant 4 mesos, buscant untuositat en boca, amabilitat i arrodoniment a l\u2019hora de beure\u2019l.<\/p>\n<p>T\u00e9 aromes que recorden a minerals (fosfur, hidrocarbur), amb notes de fonoll i menta, herba fresca barrejat amb els de flor de taronger, d\u2019ac\u00e0cia i ametller. Mel.<br \/>\n\u00c9s fresc, rod\u00f3 i equilibrat amb una bona evoluci\u00f3.<\/p>\n","protected":false},"excerpt":{"rendered":"<p>Garnatxa blanca<\/p>\n<p>Macabeu<\/p>\n<p>4 mesos barrica<\/p>\n","protected":false},"featured_media":3449,"comment_status":"open","ping_status":"closed","template":"","meta":{"_acf_changed":false},"product_brand":[],"product_cat":[29,85],"product_tag":[],"class_list":{"0":"post-1022","1":"product","2":"type-product","3":"status-publish","4":"has-post-thumbnail","6":"product_cat-emporda","7":"product_cat-jordi-oliver-conti","8":"description-off","10":"first","11":"instock","12":"shipping-taxable","13":"product-type-simple"},"acf":[],"yoast_head":"<!-- This site is optimized with the Yoast SEO plugin v27.1.1 - https:\/\/yoast.com\/product\/yoast-seo-wordpress\/ -->\n<title>De Cap a Peus - DIFUSI\u00d3<\/title>\n<meta name=\"robots\" content=\"index, follow, max-snippet:-1, max-image-preview:large, max-video-preview:-1\" \/>\n<link rel=\"canonical\" href=\"https:\/\/www.difusio.cat\/es\/producto\/de-cap-a-peus\/\" \/>\n<meta property=\"og:locale\" content=\"es_ES\" \/>\n<meta property=\"og:type\" content=\"article\" \/>\n<meta property=\"og:title\" content=\"De Cap a Peus - DIFUSI\u00d3\" \/>\n<meta property=\"og:description\" content=\"Garnatxa blanca  Macabeu  4 mesos barrica\" \/>\n<meta property=\"og:url\" content=\"https:\/\/www.difusio.cat\/es\/producto\/de-cap-a-peus\/\" \/>\n<meta property=\"og:site_name\" content=\"DIFUSI\u00d3\" \/>\n<meta property=\"article:modified_time\" content=\"2020-03-16T18:14:08+00:00\" \/>\n<meta property=\"og:image\" content=\"https:\/\/www.difusio.cat\/wp-content\/uploads\/2018\/05\/Captura-1.png\" \/>\n\t<meta property=\"og:image:width\" content=\"466\" \/>\n\t<meta property=\"og:image:height\" content=\"497\" \/>\n\t<meta property=\"og:image:type\" content=\"image\/png\" \/>\n<meta name=\"twitter:label1\" content=\"Tiempo de lectura\" \/>\n\t<meta name=\"twitter:data1\" content=\"1 minuto\" \/>\n<script type=\"application\/ld+json\" class=\"yoast-schema-graph\">{\"@context\":\"https:\/\/schema.org\",\"@graph\":[{\"@type\":\"WebPage\",\"@id\":\"https:\/\/www.difusio.cat\/es\/producto\/de-cap-a-peus\/\",\"url\":\"https:\/\/www.difusio.cat\/es\/producto\/de-cap-a-peus\/\",\"name\":\"De Cap a Peus - DIFUSI\u00d3\",\"isPartOf\":{\"@id\":\"https:\/\/www.difusio.cat\/es\/#website\"},\"primaryImageOfPage\":{\"@id\":\"https:\/\/www.difusio.cat\/es\/producto\/de-cap-a-peus\/#primaryimage\"},\"image\":{\"@id\":\"https:\/\/www.difusio.cat\/es\/producto\/de-cap-a-peus\/#primaryimage\"},\"thumbnailUrl\":\"https:\/\/www.difusio.cat\/wp-content\/uploads\/2018\/05\/Captura-1.png\",\"datePublished\":\"2018-05-02T08:54:37+00:00\",\"dateModified\":\"2020-03-16T18:14:08+00:00\",\"breadcrumb\":{\"@id\":\"https:\/\/www.difusio.cat\/es\/producto\/de-cap-a-peus\/#breadcrumb\"},\"inLanguage\":\"es\",\"potentialAction\":[{\"@type\":\"ReadAction\",\"target\":[\"https:\/\/www.difusio.cat\/es\/producto\/de-cap-a-peus\/\"]}]},{\"@type\":\"ImageObject\",\"inLanguage\":\"es\",\"@id\":\"https:\/\/www.difusio.cat\/es\/producto\/de-cap-a-peus\/#primaryimage\",\"url\":\"https:\/\/www.difusio.cat\/wp-content\/uploads\/2018\/05\/Captura-1.png\",\"contentUrl\":\"https:\/\/www.difusio.cat\/wp-content\/uploads\/2018\/05\/Captura-1.png\",\"width\":466,\"height\":497},{\"@type\":\"BreadcrumbList\",\"@id\":\"https:\/\/www.difusio.cat\/es\/producto\/de-cap-a-peus\/#breadcrumb\",\"itemListElement\":[{\"@type\":\"ListItem\",\"position\":1,\"name\":\"Inici\",\"item\":\"https:\/\/www.difusio.cat\/es\/\"},{\"@type\":\"ListItem\",\"position\":2,\"name\":\"Productos\",\"item\":\"https:\/\/www.difusio.cat\/es\/shop\/\"},{\"@type\":\"ListItem\",\"position\":3,\"name\":\"De Cap a Peus\"}]},{\"@type\":\"WebSite\",\"@id\":\"https:\/\/www.difusio.cat\/es\/#website\",\"url\":\"https:\/\/www.difusio.cat\/es\/\",\"name\":\"DIFUSI\u00d3\",\"description\":\"Somos distribuidores oficiales de vinos y cavas en la zona del Montseny. Ofrecemos asesoramiento para elaborar cartas de vinos y cavas, bodega propia.\",\"publisher\":{\"@id\":\"https:\/\/www.difusio.cat\/es\/#organization\"},\"potentialAction\":[{\"@type\":\"SearchAction\",\"target\":{\"@type\":\"EntryPoint\",\"urlTemplate\":\"https:\/\/www.difusio.cat\/es\/?s={search_term_string}\"},\"query-input\":{\"@type\":\"PropertyValueSpecification\",\"valueRequired\":true,\"valueName\":\"search_term_string\"}}],\"inLanguage\":\"es\"},{\"@type\":\"Organization\",\"@id\":\"https:\/\/www.difusio.cat\/es\/#organization\",\"name\":\"Difusi\u00f3 Gastron\u00f2mica S.L.\",\"url\":\"https:\/\/www.difusio.cat\/es\/\",\"logo\":{\"@type\":\"ImageObject\",\"inLanguage\":\"es\",\"@id\":\"https:\/\/www.difusio.cat\/es\/#\/schema\/logo\/image\/\",\"url\":\"https:\/\/www.difusio.cat\/wp-content\/uploads\/2018\/06\/Color1Pantone188.jpg\",\"contentUrl\":\"https:\/\/www.difusio.cat\/wp-content\/uploads\/2018\/06\/Color1Pantone188.jpg\",\"width\":369,\"height\":539,\"caption\":\"Difusi\u00f3 Gastron\u00f2mica S.L.\"},\"image\":{\"@id\":\"https:\/\/www.difusio.cat\/es\/#\/schema\/logo\/image\/\"}}]}<\/script>\n<!-- \/ Yoast SEO plugin. -->","yoast_head_json":{"title":"De Cap a Peus - DIFUSI\u00d3","robots":{"index":"index","follow":"follow","max-snippet":"max-snippet:-1","max-image-preview":"max-image-preview:large","max-video-preview":"max-video-preview:-1"},"canonical":"https:\/\/www.difusio.cat\/es\/producto\/de-cap-a-peus\/","og_locale":"es_ES","og_type":"article","og_title":"De Cap a Peus - DIFUSI\u00d3","og_description":"Garnatxa blanca  Macabeu  4 mesos barrica","og_url":"https:\/\/www.difusio.cat\/es\/producto\/de-cap-a-peus\/","og_site_name":"DIFUSI\u00d3","article_modified_time":"2020-03-16T18:14:08+00:00","og_image":[{"width":466,"height":497,"url":"https:\/\/www.difusio.cat\/wp-content\/uploads\/2018\/05\/Captura-1.png","type":"image\/png"}],"twitter_misc":{"Tiempo de lectura":"1 minuto"},"schema":{"@context":"https:\/\/schema.org","@graph":[{"@type":"WebPage","@id":"https:\/\/www.difusio.cat\/es\/producto\/de-cap-a-peus\/","url":"https:\/\/www.difusio.cat\/es\/producto\/de-cap-a-peus\/","name":"De Cap a Peus - DIFUSI\u00d3","isPartOf":{"@id":"https:\/\/www.difusio.cat\/es\/#website"},"primaryImageOfPage":{"@id":"https:\/\/www.difusio.cat\/es\/producto\/de-cap-a-peus\/#primaryimage"},"image":{"@id":"https:\/\/www.difusio.cat\/es\/producto\/de-cap-a-peus\/#primaryimage"},"thumbnailUrl":"https:\/\/www.difusio.cat\/wp-content\/uploads\/2018\/05\/Captura-1.png","datePublished":"2018-05-02T08:54:37+00:00","dateModified":"2020-03-16T18:14:08+00:00","breadcrumb":{"@id":"https:\/\/www.difusio.cat\/es\/producto\/de-cap-a-peus\/#breadcrumb"},"inLanguage":"es","potentialAction":[{"@type":"ReadAction","target":["https:\/\/www.difusio.cat\/es\/producto\/de-cap-a-peus\/"]}]},{"@type":"ImageObject","inLanguage":"es","@id":"https:\/\/www.difusio.cat\/es\/producto\/de-cap-a-peus\/#primaryimage","url":"https:\/\/www.difusio.cat\/wp-content\/uploads\/2018\/05\/Captura-1.png","contentUrl":"https:\/\/www.difusio.cat\/wp-content\/uploads\/2018\/05\/Captura-1.png","width":466,"height":497},{"@type":"BreadcrumbList","@id":"https:\/\/www.difusio.cat\/es\/producto\/de-cap-a-peus\/#breadcrumb","itemListElement":[{"@type":"ListItem","position":1,"name":"Inici","item":"https:\/\/www.difusio.cat\/es\/"},{"@type":"ListItem","position":2,"name":"Productos","item":"https:\/\/www.difusio.cat\/es\/shop\/"},{"@type":"ListItem","position":3,"name":"De Cap a Peus"}]},{"@type":"WebSite","@id":"https:\/\/www.difusio.cat\/es\/#website","url":"https:\/\/www.difusio.cat\/es\/","name":"DIFUSI\u00d3","description":"Somos distribuidores oficiales de vinos y cavas en la zona del Montseny. Ofrecemos asesoramiento para elaborar cartas de vinos y cavas, bodega propia.","publisher":{"@id":"https:\/\/www.difusio.cat\/es\/#organization"},"potentialAction":[{"@type":"SearchAction","target":{"@type":"EntryPoint","urlTemplate":"https:\/\/www.difusio.cat\/es\/?s={search_term_string}"},"query-input":{"@type":"PropertyValueSpecification","valueRequired":true,"valueName":"search_term_string"}}],"inLanguage":"es"},{"@type":"Organization","@id":"https:\/\/www.difusio.cat\/es\/#organization","name":"Difusi\u00f3 Gastron\u00f2mica S.L.","url":"https:\/\/www.difusio.cat\/es\/","logo":{"@type":"ImageObject","inLanguage":"es","@id":"https:\/\/www.difusio.cat\/es\/#\/schema\/logo\/image\/","url":"https:\/\/www.difusio.cat\/wp-content\/uploads\/2018\/06\/Color1Pantone188.jpg","contentUrl":"https:\/\/www.difusio.cat\/wp-content\/uploads\/2018\/06\/Color1Pantone188.jpg","width":369,"height":539,"caption":"Difusi\u00f3 Gastron\u00f2mica S.L."},"image":{"@id":"https:\/\/www.difusio.cat\/es\/#\/schema\/logo\/image\/"}}]}},"_links":{"self":[{"href":"https:\/\/www.difusio.cat\/es\/wp-json\/wp\/v2\/product\/1022","targetHints":{"allow":["GET"]}}],"collection":[{"href":"https:\/\/www.difusio.cat\/es\/wp-json\/wp\/v2\/product"}],"about":[{"href":"https:\/\/www.difusio.cat\/es\/wp-json\/wp\/v2\/types\/product"}],"replies":[{"embeddable":true,"href":"https:\/\/www.difusio.cat\/es\/wp-json\/wp\/v2\/comments?post=1022"}],"wp:featuredmedia":[{"embeddable":true,"href":"https:\/\/www.difusio.cat\/es\/wp-json\/wp\/v2\/media\/3449"}],"wp:attachment":[{"href":"https:\/\/www.difusio.cat\/es\/wp-json\/wp\/v2\/media?parent=1022"}],"wp:term":[{"taxonomy":"product_brand","embeddable":true,"href":"https:\/\/www.difusio.cat\/es\/wp-json\/wp\/v2\/product_brand?post=1022"},{"taxonomy":"product_cat","embeddable":true,"href":"https:\/\/www.difusio.cat\/es\/wp-json\/wp\/v2\/product_cat?post=1022"},{"taxonomy":"product_tag","embeddable":true,"href":"https:\/\/www.difusio.cat\/es\/wp-json\/wp\/v2\/product_tag?post=1022"}],"curies":[{"name":"wp","href":"https:\/\/api.w.org\/{rel}","templated":true}]}}