{"id":2603,"date":"2018-04-05T12:11:19","date_gmt":"2018-04-05T10:11:19","guid":{"rendered":"https:\/\/www.difusio.cat\/contactar\/"},"modified":"2021-03-25T12:46:35","modified_gmt":"2021-03-25T11:46:35","slug":"contactar","status":"publish","type":"page","link":"https:\/\/www.difusio.cat\/es\/contactar\/","title":{"rendered":"Contactar"},"content":{"rendered":"<div class=\"wpb-content-wrapper\"><p>[vc_row type=\u00bbvc_default\u00bb bg_type=\u00bbimage\u00bb parallax_style=\u00bbvcpb-vz-jquery\u00bb bg_image_new=\u00bbid^337|url^https:\/\/www.difusio.cat\/wp-content\/uploads\/2018\/03\/Fondos-web-footer.jpg|caption^null|alt^null|title^Fondos-web-footer|description^null\u00bb bg_image_repeat=\u00bbno-repeat\u00bb bg_override=\u00bbex-full\u00bb enable_overlay=\u00bbenable_overlay_value\u00bb overlay_color=\u00bbrgba(0,0,0,0.6)\u00bb overlay_pattern=\u00bbtransperant\u00bb seperator_enable=\u00bbseperator_enable_value\u00bb seperator_type=\u00bbtilt_left_seperator\u00bb seperator_position=\u00bbbottom_seperator\u00bb seperator_svg_height=\u00bb100&#8243; seperator_shape_background=\u00bb#e9dcd5&#8243; css=\u00bb.vc_custom_1538391859770{padding-top: 150px !important;padding-right: 20px !important;padding-bottom: 5% !important;padding-left: 20px !important;background-color: #000000 !important;}\u00bb bb_tab_container=\u00bb\u00bb bbvcedo_small_css=\u00bb.vc_custom_1538391859776{padding-bottom: 80px !important;}\u00bb][vc_column][vc_row_inner css=\u00bb.vc_custom_1520363292720{padding-bottom: 30px !important;}\u00bb][vc_column_inner]<div id=\"ultimate-heading-29969e5ea6a66da3\" class=\"uvc-heading ult-adjust-bottom-margin ultimate-heading-29969e5ea6a66da3 uvc-472 accent-border-color\" data-hspacer=\"line_only\"  data-halign=\"center\" style=\"text-align:center\"><div class=\"uvc-main-heading ult-responsive\"  data-ultimate-target='.uvc-heading.ultimate-heading-29969e5ea6a66da3 h2'  data-responsive-json-new='{\"font-size\":\"desktop:40px;\",\"line-height\":\"desktop:48px;\"}' ><h2 style=\"font-weight:normal;color:#ffffff;margin-bottom:15px;\">Env\u00edanos tus dudas<\/h2><\/div><div class=\"uvc-heading-spacer line_only\" style=\"margin-bottom:35px;height:3px;\"><span class=\"uvc-headings-line\" style=\"border-style:solid;border-bottom-width:3px;border-color:;width:200px;\"><\/span><\/div><\/div><div id=\"ultimate-heading-369269e5ea6a66f0f\" class=\"uvc-heading ult-adjust-bottom-margin ultimate-heading-369269e5ea6a66f0f uvc-8593 \" data-hspacer=\"no_spacer\"  data-halign=\"center\" style=\"text-align:center\"><div class=\"uvc-heading-spacer no_spacer\" style=\"top\"><\/div><div class=\"uvc-sub-heading ult-responsive\"  data-ultimate-target='.uvc-heading.ultimate-heading-369269e5ea6a66f0f .uvc-sub-heading '  data-responsive-json-new='{\"font-size\":\"desktop:20px;\",\"line-height\":\"desktop:32px;\"}'  style=\"font-weight:normal;color:#ffffff;\">Te escuchamos con atenci\u00f3n y te asesoramos sobre todo lo que necesites relacionado con el mundo de los vinos, las bodegas y las D.O. Nuestro compromiso con el cliente es la garant\u00eda de nuestro \u00e9xito.<\/div><\/div>[\/vc_column_inner][\/vc_row_inner][vc_row_inner css=\u00bb.vc_custom_1522923385476{padding-top: 25px !important;}\u00bb][vc_column_inner width=\u00bb1\/4&#8243;]<div class=\"aio-icon-component   accent-icon-bg style_1\"><div id=\"Info-box-wrap-2092\" class=\"aio-icon-box top-icon\" style=\"\"  ><div class=\"aio-icon-top\"><div class=\"ult-just-icon-wrapper  \"><div class=\"align-icon\" style=\"text-align:center;\">\n<div class=\"aio-icon-img \" style=\"font-size:40px;display:inline-block;\" >\n\t<img decoding=\"async\" class=\"img-icon\" alt=\"null\" src=\"https:\/\/www.difusio.cat\/wp-content\/uploads\/2018\/03\/iconos-web-horari.png\"\/>\n<\/div><\/div><\/div><\/div><div class=\"aio-icon-header\" ><h3 class=\"aio-icon-title ult-responsive\"  data-ultimate-target='#Info-box-wrap-2092 .aio-icon-title'  data-responsive-json-new='{\"font-size\":\"desktop:15px;\",\"line-height\":\"desktop:15px;\"}'  style=\"color:#ffffff;\">Horario<\/h3><\/div> <!-- header --><div class=\"aio-icon-description ult-responsive\"  data-ultimate-target='#Info-box-wrap-2092 .aio-icon-description'  data-responsive-json-new='{\"font-size\":\"\",\"line-height\":\"\"}'  style=\"color:#ffffff;\">Lunes &#8211; Jueves<br \/>\n9:00 \u2013 13:00, 16:00 &#8211; 19:00<br \/>\nViernes<br \/>\n9:00 &#8211; 13:00<\/div> <!-- description --><\/div> <!-- aio-icon-box --><\/div> <!-- aio-icon-component -->[\/vc_column_inner][vc_column_inner width=\u00bb1\/4&#8243;]<div class=\"aio-icon-component  vc_custom_1616672787616  accent-icon-bg style_1\"><div id=\"Info-box-wrap-5205\" class=\"aio-icon-box top-icon\" style=\"\"  ><div class=\"aio-icon-top\"><div class=\"ult-just-icon-wrapper  \"><div class=\"align-icon\" style=\"text-align:center;\">\n<div class=\"aio-icon-img \" style=\"font-size:40px;display:inline-block;\" >\n\t<img decoding=\"async\" class=\"img-icon\" alt=\"null\" src=\"https:\/\/www.difusio.cat\/wp-content\/uploads\/2018\/03\/iconos-web-direccio.png\"\/>\n<\/div><\/div><\/div><\/div><div class=\"aio-icon-header\" ><h3 class=\"aio-icon-title ult-responsive\"  data-ultimate-target='#Info-box-wrap-5205 .aio-icon-title'  data-responsive-json-new='{\"font-size\":\"desktop:15px;\",\"line-height\":\"desktop:15px;\"}'  style=\"color:#ffffff;\">Direcci\u00f3n<\/h3><\/div> <!-- header --><div class=\"aio-icon-description ult-responsive\"  data-ultimate-target='#Info-box-wrap-5205 .aio-icon-description'  data-responsive-json-new='{\"font-size\":\"\",\"line-height\":\"\"}'  style=\"color:#ffffff;\">Isaac Peral, 13B,<br \/>\n08397 Pineda de Mar, Barcelona<\/p>\n<p><style type=\"text\/css\" data-type=\"the7_shortcodes-inline-css\">#default-btn-478d67d4e183a570f354500994d1a769.ico-right-side > i {\n  margin-right: 0px;\n  margin-left: 8px;\n}\n#default-btn-478d67d4e183a570f354500994d1a769 > i {\n  margin-right: 8px;\n}<\/style><a href=\"https:\/\/goo.gl\/maps\/eMTPdLiMDAv\" class=\"default-btn-shortcode dt-btn dt-btn-s fadeIn animate-element animation-builder link-hover-off \" id=\"default-btn-478d67d4e183a570f354500994d1a769\"><i class=\"fa fa-chevron-circle-right\"><\/i><span>Como llegar<\/span><\/a><\/div> <!-- description --><\/div> <!-- aio-icon-box --><\/div> <!-- aio-icon-component -->[\/vc_column_inner][vc_column_inner width=\u00bb1\/4&#8243;]<div class=\"aio-icon-component   accent-icon-bg style_1\"><div id=\"Info-box-wrap-2708\" class=\"aio-icon-box top-icon\" style=\"\"  ><div class=\"aio-icon-top\"><div class=\"ult-just-icon-wrapper  \"><div class=\"align-icon\" style=\"text-align:center;\">\n<div class=\"aio-icon-img \" style=\"font-size:40px;display:inline-block;\" >\n\t<img decoding=\"async\" class=\"img-icon\" alt=\"null\" src=\"https:\/\/www.difusio.cat\/wp-content\/uploads\/2018\/03\/iconos-web-email.png\"\/>\n<\/div><\/div><\/div><\/div><div class=\"aio-icon-header\" ><h3 class=\"aio-icon-title ult-responsive\"  data-ultimate-target='#Info-box-wrap-2708 .aio-icon-title'  data-responsive-json-new='{\"font-size\":\"desktop:15px;\",\"line-height\":\"desktop:15px;\"}'  style=\"color:#ffffff;\">Email<\/h3><\/div> <!-- header --><div class=\"aio-icon-description ult-responsive\"  data-ultimate-target='#Info-box-wrap-2708 .aio-icon-description'  data-responsive-json-new='{\"font-size\":\"\",\"line-height\":\"\"}'  style=\"color:#ffffff;\">difusio@difusio.cat<\/div> <!-- description --><\/div> <!-- aio-icon-box --><\/div> <!-- aio-icon-component -->[\/vc_column_inner][vc_column_inner width=\u00bb1\/4&#8243;]<div class=\"aio-icon-component   accent-icon-bg style_1\"><div id=\"Info-box-wrap-6611\" class=\"aio-icon-box top-icon\" style=\"\"  ><div class=\"aio-icon-top\"><div class=\"ult-just-icon-wrapper  \"><div class=\"align-icon\" style=\"text-align:center;\">\n<div class=\"aio-icon-img \" style=\"font-size:40px;display:inline-block;\" >\n\t<img decoding=\"async\" class=\"img-icon\" alt=\"null\" src=\"https:\/\/www.difusio.cat\/wp-content\/uploads\/2018\/03\/iconos-web-telefon.png\"\/>\n<\/div><\/div><\/div><\/div><div class=\"aio-icon-header\" ><h3 class=\"aio-icon-title ult-responsive\"  data-ultimate-target='#Info-box-wrap-6611 .aio-icon-title'  data-responsive-json-new='{\"font-size\":\"desktop:15px;\",\"line-height\":\"desktop:15px;\"}'  style=\"color:#ffffff;\">Tel\u00e9fono<\/h3><\/div> <!-- header --><div class=\"aio-icon-description ult-responsive\"  data-ultimate-target='#Info-box-wrap-6611 .aio-icon-description'  data-responsive-json-new='{\"font-size\":\"desktop:18px;\",\"line-height\":\"desktop:30px;\"}'  style=\"color:#ffffff;\">(+34) 93 766 11 50<\/div> <!-- description --><\/div> <!-- aio-icon-box --><\/div> <!-- aio-icon-component -->[\/vc_column_inner][\/vc_row_inner][\/vc_column][\/vc_row][vc_row type=\u00bbvc_default\u00bb bg_type=\u00bbbg_color\u00bb bg_override=\u00bbex-full\u00bb css=\u00bb.vc_custom_1522923558941{padding-top: 3% !important;padding-right: 25px !important;padding-bottom: 5% !important;padding-left: 25px !important;background-color: #e9dcd4 !important;}\u00bb bg_color_value=\u00bb#e9dcd4&#8243;][vc_column][vc_row_inner equal_height=\u00bbyes\u00bb css=\u00bb.vc_custom_1520413052933{border-top-width: 9px !important;border-right-width: 9px !important;border-bottom-width: 9px !important;border-left-width: 9px !important;padding-top: 60px !important;padding-right: 25px !important;padding-bottom: 10px !important;padding-left: 25px !important;border-left-color: rgba(124,34,46,0.85) !important;border-left-style: double !important;border-right-color: rgba(124,34,46,0.85) !important;border-right-style: double !important;border-top-color: rgba(124,34,46,0.85) !important;border-top-style: double !important;border-bottom-color: rgba(124,34,46,0.85) !important;border-bottom-style: double !important;border-radius: 1px !important;}\u00bb][vc_column_inner offset=\u00bbvc_col-lg-6 vc_col-md-7&#8243; css=\u00bb.vc_custom_1476816412708{margin-top: 0px !important;margin-right: 0px !important;margin-bottom: 0px !important;margin-left: 0px !important;padding-top: 0px !important;padding-right: 25px !important;padding-bottom: 50px !important;padding-left: 25px !important;}\u00bb]<div id=\"ultimate-heading-360969e5ea6a6c40d\" class=\"uvc-heading ult-adjust-bottom-margin ultimate-heading-360969e5ea6a6c40d uvc-5880 accent-border-color\" data-hspacer=\"line_only\"  data-halign=\"left\" style=\"text-align:left\"><div class=\"uvc-main-heading ult-responsive\"  data-ultimate-target='.uvc-heading.ultimate-heading-360969e5ea6a6c40d h2'  data-responsive-json-new='{\"font-size\":\"desktop:34px;\",\"line-height\":\"desktop:44px;\"}' ><h2 style=\"font-weight:bold;color:#424244;margin-bottom:15px;\">Ponte en contacto con nosotros<\/h2><\/div><div class=\"uvc-heading-spacer line_only\" style=\"margin-bottom:35px;height:3px;\"><span class=\"uvc-headings-line\" style=\"border-style:solid;border-bottom-width:3px;border-color:;width:200px;\"><\/span><\/div><\/div><div id=\"ultimate-heading-757969e5ea6a6c556\" class=\"uvc-heading ult-adjust-bottom-margin ultimate-heading-757969e5ea6a6c556 uvc-6925 \" data-hspacer=\"no_spacer\"  data-halign=\"left\" style=\"text-align:left\"><div class=\"uvc-heading-spacer no_spacer\" style=\"top\"><\/div><div class=\"uvc-main-heading ult-responsive\"  data-ultimate-target='.uvc-heading.ultimate-heading-757969e5ea6a6c556 h2'  data-responsive-json-new='{\"font-size\":\"desktop:20px;\",\"line-height\":\"desktop:32px;\"}' ><h2 style=\"font-weight:normal;color:#727276;margin-bottom:25px;\">Para poder hacer nuestro trabajo de asesoramiento, antes que nada, escuchamos con atenci\u00f3n todas tus necesidades, y a partir de estas, nos ponemos a trabajar a tu lado.<\/h2><\/div><div class=\"uvc-sub-heading ult-responsive\"  data-ultimate-target='.uvc-heading.ultimate-heading-757969e5ea6a6c556 .uvc-sub-heading '  data-responsive-json-new='{\"font-size\":\"\",\"line-height\":\"desktop:26px;\"}'  style=\"font-weight:normal;color:#727276;\">Rellena el formulario de contacto y te contestaremos lo antes posible con todas nuestras propuestas para tu restaurante.<br \/>\n<\/div><\/div>[\/vc_column_inner][vc_column_inner css=\u00bb.vc_custom_1476886986370{padding-top: 15px !important;padding-right: 25px !important;padding-bottom: 40px !important;padding-left: 25px !important;}\u00bb offset=\u00bbvc_col-lg-6 vc_col-md-5&#8243;][vc_column_text]<div class=\"frm_forms  with_frm_style frm_style_formidable-style\" id=\"frm_form_2_container\" >\n<form enctype=\"multipart\/form-data\" method=\"post\" class=\"frm-show-form  frm_ajax_submit  frm_pro_form \" id=\"form_contact-form\" >\n<div class=\"frm_form_fields \">\n<fieldset>\n<legend class=\"frm_screen_reader\">Contactar - CA<\/legend>\r\n\r\n<div class=\"frm_fields_container\">\n<input type=\"hidden\" name=\"frm_action\" value=\"create\" \/>\n<input type=\"hidden\" name=\"form_id\" value=\"2\" \/>\n<input type=\"hidden\" name=\"frm_hide_fields_2\" id=\"frm_hide_fields_2\" value=\"\" \/>\n<input type=\"hidden\" name=\"form_key\" value=\"contact-form\" \/>\n<input type=\"hidden\" name=\"item_meta[0]\" value=\"\" \/>\n<input type=\"hidden\" id=\"frm_submit_entry_2\" name=\"frm_submit_entry_2\" value=\"a917c0fa69\" \/><input type=\"hidden\" name=\"_wp_http_referer\" value=\"\/es\/wp-json\/wp\/v2\/pages\/2603\" \/><div id=\"frm_field_6_container\" class=\"frm_form_field form-field  frm_required_field frm_none_container frm_full\">\r\n    <label for=\"field_qh4icy2\" class=\"frm_primary_label\">Nom\r\n        <span class=\"frm_required\"><\/span>\r\n    <\/label>\r\n    <input  type=\"text\" id=\"field_qh4icy2\" name=\"item_meta[6]\" value=\"\"  placeholder=\"Nom\" data-reqmsg=\"Nom cannot be blank.\" aria-required=\"true\" data-invmsg=\"Name is invalid\" aria-invalid=\"false\"   \/>\r\n    \r\n    \r\n<\/div>\n<div id=\"frm_field_8_container\" class=\"frm_form_field form-field  frm_required_field frm_none_container frm_full\">\r\n    <label for=\"field_29yf4d2\" class=\"frm_primary_label\">Email\r\n        <span class=\"frm_required\">*<\/span>\r\n    <\/label>\r\n    <input type=\"email\" id=\"field_29yf4d2\" name=\"item_meta[8]\" value=\"\"  placeholder=\"Email\" data-reqmsg=\"Email cannot be blank.\" aria-required=\"true\" data-invmsg=\"Please enter a valid email address\" aria-invalid=\"false\"  \/>\r\n    \r\n    \r\n<\/div>\n<div id=\"frm_field_67_container\" class=\"frm_form_field form-field  frm_none_container\">\r\n    <label for=\"field_k8xo4\" class=\"frm_primary_label\">Tel\u00e8fon\r\n        <span class=\"frm_required\"><\/span>\r\n    <\/label>\r\n    <input type=\"tel\" id=\"field_k8xo4\" name=\"item_meta[67]\" value=\"\"  placeholder=\"Tel\u00e8fon\" data-invmsg=\"Phone is invalid\" aria-invalid=\"false\" pattern=\"((\\+\\d{1,3}(-|.| )?\\(?\\d\\)?(-| |.)?\\d{1,5})|(\\(?\\d{2,6}\\)?))(-|.| )?(\\d{3,4})(-|.| )?(\\d{4})(( x| ext)\\d{1,5}){0,1}$\"  \/>\r\n    \r\n    \r\n<\/div>\n<div id=\"frm_field_10_container\" class=\"frm_form_field form-field  frm_required_field frm_none_container frm_full\">\r\n    <label for=\"field_9jv0r12\" class=\"frm_primary_label\">Missatge\r\n        <span class=\"frm_required\"><\/span>\r\n    <\/label>\r\n    <textarea name=\"item_meta[10]\" id=\"field_9jv0r12\" rows=\"5\"  placeholder=\"Missatge...\" data-reqmsg=\"Missatge cannot be blank.\" aria-required=\"true\" data-invmsg=\"Missatge no es v\u00e1lido\" aria-invalid=\"false\"  ><\/textarea>\r\n    \r\n    \r\n<\/div>\n<div id=\"frm_field_68_container\" class=\"frm_form_field form-field  frm_none_container\">\r\n    <label  class=\"frm_primary_label\">reCAPTCHA\r\n        <span class=\"frm_required\"><\/span>\r\n    <\/label>\r\n    <div  id=\"field_7nmvc\" class=\"h-captcha\" data-sitekey=\"98ba9b07-26c0-41d1-bd34-673b0c7bf57b\" data-size=\"normal\" data-theme=\"light\"><\/div>\r\n    \r\n    \r\n<\/div>\n<div id=\"frm_field_74_container\" class=\"frm_form_field form-field \">\n\t<div class=\"frm_submit\">\r\n\r\n<button class=\"frm_button_submit frm_final_submit\" type=\"submit\"   formnovalidate=\"formnovalidate\">Enviar<\/button>\r\n\r\n<\/div>\n<\/div>\n\t<input type=\"hidden\" name=\"item_key\" value=\"\" \/>\n\t\t\t<div id=\"frm_field_75_container\">\n\t\t\t<label for=\"field_eevsy\" >\n\t\t\t\tSi eres humano, deja este campo en blanco.\t\t\t<\/label>\n\t\t\t<input  id=\"field_eevsy\" type=\"text\" class=\"frm_form_field form-field frm_verify\" name=\"item_meta[75]\" value=\"\"  \/>\n\t\t<\/div>\n\t\t<input name=\"frm_state\" type=\"hidden\" value=\"6ss+DtW+iGle3yIX20Z1Fr1rP8eYAvNsn0DpbZMVlAfamk3UVOBYO9GWa6EuSKPK\" \/><\/div>\n<\/fieldset>\n<\/div>\n\n<\/form>\n<\/div>\n[\/vc_column_text][\/vc_column_inner][\/vc_row_inner][\/vc_column][\/vc_row]<\/p>\n<\/div>","protected":false},"excerpt":{"rendered":"<p>[vc_row type=\u00bbvc_default\u00bb bg_type=\u00bbimage\u00bb parallax_style=\u00bbvcpb-vz-jquery\u00bb bg_image_new=\u00bbid^337|url^https:\/\/www.difusio.cat\/wp-content\/uploads\/2018\/03\/Fondos-web-footer.jpg|caption^null|alt^null|title^Fondos-web-footer|description^null\u00bb bg_image_repeat=\u00bbno-repeat\u00bb bg_override=\u00bbex-full\u00bb enable_overlay=\u00bbenable_overlay_value\u00bb overlay_color=\u00bbrgba(0,0,0,0.6)\u00bb overlay_pattern=\u00bbtransperant\u00bb seperator_enable=\u00bbseperator_enable_value\u00bb seperator_type=\u00bbtilt_left_seperator\u00bb seperator_position=\u00bbbottom_seperator\u00bb seperator_svg_height=\u00bb100&#8243; seperator_shape_background=\u00bb#e9dcd5&#8243; css=\u00bb.vc_custom_1538391859770{padding-top: 150px !important;padding-right: 20px !important;padding-bottom: 5% !important;padding-left: 20px !important;background-color: #000000 !important;}\u00bb bb_tab_container=\u00bb\u00bb bbvcedo_small_css=\u00bb.vc_custom_1538391859776{padding-bottom: 80px !important;}\u00bb][vc_column][vc_row_inner css=\u00bb.vc_custom_1520363292720{padding-bottom: 30px !important;}\u00bb][vc_column_inner][\/vc_column_inner][\/vc_row_inner][vc_row_inner css=\u00bb.vc_custom_1522923385476{padding-top: 25px !important;}\u00bb][vc_column_inner width=\u00bb1\/4&#8243;][\/vc_column_inner][vc_column_inner width=\u00bb1\/4&#8243;][\/vc_column_inner][vc_column_inner width=\u00bb1\/4&#8243;][\/vc_column_inner][vc_column_inner width=\u00bb1\/4&#8243;][\/vc_column_inner][\/vc_row_inner][\/vc_column][\/vc_row][vc_row type=\u00bbvc_default\u00bb bg_type=\u00bbbg_color\u00bb bg_override=\u00bbex-full\u00bb css=\u00bb.vc_custom_1522923558941{padding-top: 3% !important;padding-right: 25px !important;padding-bottom: 5% !important;padding-left: 25px !important;background-color: #e9dcd4 !important;}\u00bb bg_color_value=\u00bb#e9dcd4&#8243;][vc_column][vc_row_inner&hellip;<\/p>\n","protected":false},"author":1,"featured_media":0,"parent":0,"menu_order":0,"comment_status":"closed","ping_status":"closed","template":"template-microsite.php","meta":{"_acf_changed":false,"footnotes":""},"class_list":["post-2603","page","type-page","status-publish","hentry","description-off"],"acf":[],"yoast_head":"<!-- This site is optimized with the Yoast SEO plugin v27.1.1 - https:\/\/yoast.com\/product\/yoast-seo-wordpress\/ -->\n<title>Contactar. Asesoramiento y distribuci\u00f3n de vinos y cavas - Difusi\u00f3<\/title>\n<meta name=\"description\" content=\"Puedes contactar con nosotros para resolver cualquier duda en relaci\u00f3n al mundo del vino y el cava. Te escuchamos con atenci\u00f3n y nos ponemos a trabajar a tu lado.\" \/>\n<meta name=\"robots\" content=\"index, follow, max-snippet:-1, max-image-preview:large, max-video-preview:-1\" \/>\n<link rel=\"canonical\" href=\"https:\/\/www.difusio.cat\/es\/contactar\/\" \/>\n<meta property=\"og:locale\" content=\"es_ES\" \/>\n<meta property=\"og:type\" content=\"article\" \/>\n<meta property=\"og:title\" content=\"Contactar. Asesoramiento y distribuci\u00f3n de vinos y cavas - Difusi\u00f3\" \/>\n<meta property=\"og:description\" content=\"Puedes contactar con nosotros para resolver cualquier duda en relaci\u00f3n al mundo del vino y el cava. Te escuchamos con atenci\u00f3n y nos ponemos a trabajar a tu lado.\" \/>\n<meta property=\"og:url\" content=\"https:\/\/www.difusio.cat\/es\/contactar\/\" \/>\n<meta property=\"og:site_name\" content=\"DIFUSI\u00d3\" \/>\n<meta property=\"article:modified_time\" content=\"2021-03-25T11:46:35+00:00\" \/>\n<meta name=\"twitter:label1\" content=\"Tiempo de lectura\" \/>\n\t<meta name=\"twitter:data1\" content=\"5 minutos\" \/>\n<script type=\"application\/ld+json\" class=\"yoast-schema-graph\">{\"@context\":\"https:\/\/schema.org\",\"@graph\":[{\"@type\":\"WebPage\",\"@id\":\"https:\/\/www.difusio.cat\/es\/contactar\/\",\"url\":\"https:\/\/www.difusio.cat\/es\/contactar\/\",\"name\":\"Contactar. Asesoramiento y distribuci\u00f3n de vinos y cavas - Difusi\u00f3\",\"isPartOf\":{\"@id\":\"https:\/\/www.difusio.cat\/es\/#website\"},\"datePublished\":\"2018-04-05T10:11:19+00:00\",\"dateModified\":\"2021-03-25T11:46:35+00:00\",\"description\":\"Puedes contactar con nosotros para resolver cualquier duda en relaci\u00f3n al mundo del vino y el cava. Te escuchamos con atenci\u00f3n y nos ponemos a trabajar a tu lado.\",\"breadcrumb\":{\"@id\":\"https:\/\/www.difusio.cat\/es\/contactar\/#breadcrumb\"},\"inLanguage\":\"es\",\"potentialAction\":[{\"@type\":\"ReadAction\",\"target\":[\"https:\/\/www.difusio.cat\/es\/contactar\/\"]}]},{\"@type\":\"BreadcrumbList\",\"@id\":\"https:\/\/www.difusio.cat\/es\/contactar\/#breadcrumb\",\"itemListElement\":[{\"@type\":\"ListItem\",\"position\":1,\"name\":\"Inici\",\"item\":\"https:\/\/www.difusio.cat\/es\/\"},{\"@type\":\"ListItem\",\"position\":2,\"name\":\"Contactar\"}]},{\"@type\":\"WebSite\",\"@id\":\"https:\/\/www.difusio.cat\/es\/#website\",\"url\":\"https:\/\/www.difusio.cat\/es\/\",\"name\":\"DIFUSI\u00d3\",\"description\":\"Somos distribuidores oficiales de vinos y cavas en la zona del Montseny. Ofrecemos asesoramiento para elaborar cartas de vinos y cavas, bodega propia.\",\"publisher\":{\"@id\":\"https:\/\/www.difusio.cat\/es\/#organization\"},\"potentialAction\":[{\"@type\":\"SearchAction\",\"target\":{\"@type\":\"EntryPoint\",\"urlTemplate\":\"https:\/\/www.difusio.cat\/es\/?s={search_term_string}\"},\"query-input\":{\"@type\":\"PropertyValueSpecification\",\"valueRequired\":true,\"valueName\":\"search_term_string\"}}],\"inLanguage\":\"es\"},{\"@type\":\"Organization\",\"@id\":\"https:\/\/www.difusio.cat\/es\/#organization\",\"name\":\"Difusi\u00f3 Gastron\u00f2mica S.L.\",\"url\":\"https:\/\/www.difusio.cat\/es\/\",\"logo\":{\"@type\":\"ImageObject\",\"inLanguage\":\"es\",\"@id\":\"https:\/\/www.difusio.cat\/es\/#\/schema\/logo\/image\/\",\"url\":\"https:\/\/www.difusio.cat\/wp-content\/uploads\/2018\/06\/Color1Pantone188.jpg\",\"contentUrl\":\"https:\/\/www.difusio.cat\/wp-content\/uploads\/2018\/06\/Color1Pantone188.jpg\",\"width\":369,\"height\":539,\"caption\":\"Difusi\u00f3 Gastron\u00f2mica S.L.\"},\"image\":{\"@id\":\"https:\/\/www.difusio.cat\/es\/#\/schema\/logo\/image\/\"}}]}<\/script>\n<!-- \/ Yoast SEO plugin. -->","yoast_head_json":{"title":"Contactar. Asesoramiento y distribuci\u00f3n de vinos y cavas - Difusi\u00f3","description":"Puedes contactar con nosotros para resolver cualquier duda en relaci\u00f3n al mundo del vino y el cava. Te escuchamos con atenci\u00f3n y nos ponemos a trabajar a tu lado.","robots":{"index":"index","follow":"follow","max-snippet":"max-snippet:-1","max-image-preview":"max-image-preview:large","max-video-preview":"max-video-preview:-1"},"canonical":"https:\/\/www.difusio.cat\/es\/contactar\/","og_locale":"es_ES","og_type":"article","og_title":"Contactar. Asesoramiento y distribuci\u00f3n de vinos y cavas - Difusi\u00f3","og_description":"Puedes contactar con nosotros para resolver cualquier duda en relaci\u00f3n al mundo del vino y el cava. Te escuchamos con atenci\u00f3n y nos ponemos a trabajar a tu lado.","og_url":"https:\/\/www.difusio.cat\/es\/contactar\/","og_site_name":"DIFUSI\u00d3","article_modified_time":"2021-03-25T11:46:35+00:00","twitter_misc":{"Tiempo de lectura":"5 minutos"},"schema":{"@context":"https:\/\/schema.org","@graph":[{"@type":"WebPage","@id":"https:\/\/www.difusio.cat\/es\/contactar\/","url":"https:\/\/www.difusio.cat\/es\/contactar\/","name":"Contactar. Asesoramiento y distribuci\u00f3n de vinos y cavas - Difusi\u00f3","isPartOf":{"@id":"https:\/\/www.difusio.cat\/es\/#website"},"datePublished":"2018-04-05T10:11:19+00:00","dateModified":"2021-03-25T11:46:35+00:00","description":"Puedes contactar con nosotros para resolver cualquier duda en relaci\u00f3n al mundo del vino y el cava. Te escuchamos con atenci\u00f3n y nos ponemos a trabajar a tu lado.","breadcrumb":{"@id":"https:\/\/www.difusio.cat\/es\/contactar\/#breadcrumb"},"inLanguage":"es","potentialAction":[{"@type":"ReadAction","target":["https:\/\/www.difusio.cat\/es\/contactar\/"]}]},{"@type":"BreadcrumbList","@id":"https:\/\/www.difusio.cat\/es\/contactar\/#breadcrumb","itemListElement":[{"@type":"ListItem","position":1,"name":"Inici","item":"https:\/\/www.difusio.cat\/es\/"},{"@type":"ListItem","position":2,"name":"Contactar"}]},{"@type":"WebSite","@id":"https:\/\/www.difusio.cat\/es\/#website","url":"https:\/\/www.difusio.cat\/es\/","name":"DIFUSI\u00d3","description":"Somos distribuidores oficiales de vinos y cavas en la zona del Montseny. Ofrecemos asesoramiento para elaborar cartas de vinos y cavas, bodega propia.","publisher":{"@id":"https:\/\/www.difusio.cat\/es\/#organization"},"potentialAction":[{"@type":"SearchAction","target":{"@type":"EntryPoint","urlTemplate":"https:\/\/www.difusio.cat\/es\/?s={search_term_string}"},"query-input":{"@type":"PropertyValueSpecification","valueRequired":true,"valueName":"search_term_string"}}],"inLanguage":"es"},{"@type":"Organization","@id":"https:\/\/www.difusio.cat\/es\/#organization","name":"Difusi\u00f3 Gastron\u00f2mica S.L.","url":"https:\/\/www.difusio.cat\/es\/","logo":{"@type":"ImageObject","inLanguage":"es","@id":"https:\/\/www.difusio.cat\/es\/#\/schema\/logo\/image\/","url":"https:\/\/www.difusio.cat\/wp-content\/uploads\/2018\/06\/Color1Pantone188.jpg","contentUrl":"https:\/\/www.difusio.cat\/wp-content\/uploads\/2018\/06\/Color1Pantone188.jpg","width":369,"height":539,"caption":"Difusi\u00f3 Gastron\u00f2mica S.L."},"image":{"@id":"https:\/\/www.difusio.cat\/es\/#\/schema\/logo\/image\/"}}]}},"_links":{"self":[{"href":"https:\/\/www.difusio.cat\/es\/wp-json\/wp\/v2\/pages\/2603","targetHints":{"allow":["GET"]}}],"collection":[{"href":"https:\/\/www.difusio.cat\/es\/wp-json\/wp\/v2\/pages"}],"about":[{"href":"https:\/\/www.difusio.cat\/es\/wp-json\/wp\/v2\/types\/page"}],"author":[{"embeddable":true,"href":"https:\/\/www.difusio.cat\/es\/wp-json\/wp\/v2\/users\/1"}],"replies":[{"embeddable":true,"href":"https:\/\/www.difusio.cat\/es\/wp-json\/wp\/v2\/comments?post=2603"}],"version-history":[{"count":0,"href":"https:\/\/www.difusio.cat\/es\/wp-json\/wp\/v2\/pages\/2603\/revisions"}],"wp:attachment":[{"href":"https:\/\/www.difusio.cat\/es\/wp-json\/wp\/v2\/media?parent=2603"}],"curies":[{"name":"wp","href":"https:\/\/api.w.org\/{rel}","templated":true}]}}